{"id":2931,"date":"2020-10-17T12:56:21","date_gmt":"2020-10-17T10:56:21","guid":{"rendered":"https:\/\/bavarian-bondage.tivendo.com\/produkt\/import-placeholder-for-373\/"},"modified":"2024-11-30T16:29:41","modified_gmt":"2024-11-30T15:29:41","slug":"double-pagaie","status":"publish","type":"product","link":"https:\/\/bavarian-bondage.de\/fr\/produkt\/doppelpaddel\/","title":{"rendered":"Double pagaie"},"content":{"rendered":"<h3 style=\"text-align: center\">Double pagaie<\/h3>\n<p style=\"text-align: center\">Une pagaie tr\u00e8s robuste en cuir de vachette compos\u00e9e de deux c\u00f4t\u00e9s. Un c\u00f4t\u00e9 est classique, l\u2019autre est coup\u00e9 plusieurs fois pour cr\u00e9er un peu de vari\u00e9t\u00e9. La pagaie double est enti\u00e8rement en cuir, a \u00e9t\u00e9 renforc\u00e9e au niveau de la poign\u00e9e et poss\u00e8de une sangle de transport.<\/p>\n<p style=\"text-align: center\">Une pagaie en cuir v\u00e9ritable tr\u00e8s bien faite et mobile qui promet de la vari\u00e9t\u00e9.<\/p>\n<p>&nbsp;<\/p>\n<p><strong>D\u00e9tails:<\/strong><\/p>\n<p>Mati\u00e8re : cuir de vachette<br \/>\nCouleur: Noir<br \/>\nLongueur totale : 45 cm<br \/>\nLargeur : 14 cm<\/p>\n<p>&nbsp;<\/p>\n<p><strong>Contenu de la livraison :<\/strong> 1 pagaie double<\/p>\n<p>&nbsp;<\/p>\n<hr \/>\n<blockquote>\n<p style=\"text-align: center\"><span style=\"color: #333399\">Les informations sur les produits sont fournies au meilleur de nos connaissances et convictions. Toutes les dimensions sont approximatives. L&#039;utilisation des produits propos\u00e9s ici dans la boutique est \u00e0 vos propres risques. Chaque personne r\u00e9agit diff\u00e9remment aux influences ext\u00e9rieures, au plaisir ou \u00e0 la douleur, etc. Par cons\u00e9quent, aucune responsabilit\u00e9 ne peut \u00eatre accept\u00e9e en cas d&#039;utilisation inappropri\u00e9e.  Chaque utilisateur assume l&#039;enti\u00e8re responsabilit\u00e9 de l&#039;utilisation ou de la bonne utilisation des produits et de ses cons\u00e9quences impr\u00e9visibles.<\/span><\/p>\n<\/blockquote>","protected":false},"excerpt":{"rendered":"<p>D\u00e9lai de livraison : 5-7 jours*<\/p>","protected":false},"featured_media":8638,"template":"","meta":[],"product_brand":[],"product_cat":[224,252],"product_tag":[253,254,255],"class_list":{"0":"post-2931","1":"product","2":"type-product","3":"status-publish","4":"has-post-thumbnail","6":"product_cat-lustschmerz","7":"product_cat-peitschen-gerten","8":"product_tag-doppelpaddel","9":"product_tag-echtleder","10":"product_tag-paddel","12":"first","13":"instock","14":"taxable","15":"shipping-taxable","16":"purchasable","17":"product-type-simple"},"_links":{"self":[{"href":"https:\/\/bavarian-bondage.de\/fr\/wp-json\/wp\/v2\/product\/2931","targetHints":{"allow":["GET"]}}],"collection":[{"href":"https:\/\/bavarian-bondage.de\/fr\/wp-json\/wp\/v2\/product"}],"about":[{"href":"https:\/\/bavarian-bondage.de\/fr\/wp-json\/wp\/v2\/types\/product"}],"version-history":[{"count":3,"href":"https:\/\/bavarian-bondage.de\/fr\/wp-json\/wp\/v2\/product\/2931\/revisions"}],"predecessor-version":[{"id":13978,"href":"https:\/\/bavarian-bondage.de\/fr\/wp-json\/wp\/v2\/product\/2931\/revisions\/13978"}],"wp:featuredmedia":[{"embeddable":true,"href":"https:\/\/bavarian-bondage.de\/fr\/wp-json\/wp\/v2\/media\/8638"}],"wp:attachment":[{"href":"https:\/\/bavarian-bondage.de\/fr\/wp-json\/wp\/v2\/media?parent=2931"}],"wp:term":[{"taxonomy":"product_brand","embeddable":true,"href":"https:\/\/bavarian-bondage.de\/fr\/wp-json\/wp\/v2\/product_brand?post=2931"},{"taxonomy":"product_cat","embeddable":true,"href":"https:\/\/bavarian-bondage.de\/fr\/wp-json\/wp\/v2\/product_cat?post=2931"},{"taxonomy":"product_tag","embeddable":true,"href":"https:\/\/bavarian-bondage.de\/fr\/wp-json\/wp\/v2\/product_tag?post=2931"}],"curies":[{"name":"wp","href":"https:\/\/api.w.org\/{rel}","templated":true}]}}