{"id":2956,"date":"2020-10-17T12:56:30","date_gmt":"2020-10-17T10:56:30","guid":{"rendered":"https:\/\/bavarian-bondage.tivendo.com\/produkt\/import-placeholder-for-435\/"},"modified":"2026-03-06T06:37:45","modified_gmt":"2026-03-06T05:37:45","slug":"corde-de-chanvre-lin-rouge-fonce-6mm-corde-a-simple-exclusive-8m","status":"publish","type":"product","link":"https:\/\/bavarian-bondage.de\/fr\/produkt\/leinenhanfseil-dunkelrot-6mm-exklusiv-einzelseil-8m\/","title":{"rendered":"Corde de chanvre lin rouge fonc\u00e9 6mm exclusive; Corde \u00e0 simple 8m"},"content":{"rendered":"<h3 style=\"text-align: center\">Corde lin chanvre 6mm rouge fonc\u00e9 EXCLUSIVIT\u00c9<\/h3>\n<p style=\"text-align: center\">Couleur rouge fonc\u00e9 intense et uniforme.<\/p>\n<p style=\"text-align: center\">La corde lin chanvre 6mm EXCLUSIVE est toute douce et souple ! Il a \u00e9t\u00e9 trait\u00e9 plusieurs fois pour conserver la meilleure qualit\u00e9. La corde impressionne par sa structure ronde, uniforme et sans n\u0153uds sur toute sa longueur. De plus, les extr\u00e9mit\u00e9s sont nou\u00e9es avec de petits n\u0153uds et la corde est marqu\u00e9e d&#039;une marque centrale noire.<\/p>\n<p>&nbsp;<\/p>\n<p><strong>D\u00e9tails:<\/strong><\/p>\n<p>Corde lin chanvre 6mm rouge fonc\u00e9 EXCLUSIVIT\u00c9<br \/>\n3 arbres tourn\u00e9s<br \/>\nCouleur : Rouge fonc\u00e9<br \/>\nNoeud trisk<br \/>\nLongueur : 1x8m<br \/>\n(La longueur de la corde peut varier jusqu&#039;\u00e0 3% par rapport \u00e0 la longueur indiqu\u00e9e.)<\/p>\n<p>&nbsp;<\/p>\n<p><span style=\"color: #ff0000\"><strong>Un avis :<\/strong><\/span><\/p>\n<p>V\u00e9rifiez r\u00e9guli\u00e8rement l&#039;\u00e9tat des cordes\u00a0! Les cordes torsad\u00e9es ou entrelac\u00e9es peuvent se d\u00e9tendre \u00e0 l&#039;usage.<br \/>\nLes cordes ont \u00e9t\u00e9 teintes dans leur ensemble et ne sont pas de la m\u00eame couleur jusqu&#039;au milieu.<\/p>\n<p><strong>Contenu de la livraison :<\/strong> 1x8m corde de chanvre lin 6mm rouge fonc\u00e9 EXCLUSIVIT\u00c9<\/p>\n<p>&nbsp;<\/p>\n<blockquote>\n<hr \/>\n<p style=\"text-align: center\"><span style=\"color: #333399\">Les informations sur les produits sont fournies au meilleur de nos connaissances et convictions. Toutes les dimensions sont approximatives. L&#039;utilisation des produits propos\u00e9s ici dans la boutique est \u00e0 vos propres risques. Chaque personne r\u00e9agit diff\u00e9remment aux influences ext\u00e9rieures, au plaisir ou \u00e0 la douleur, etc. Par cons\u00e9quent, aucune responsabilit\u00e9 ne peut \u00eatre accept\u00e9e en cas d&#039;utilisation inappropri\u00e9e.  Chaque utilisateur assume l&#039;enti\u00e8re responsabilit\u00e9 de l&#039;utilisation ou de la bonne utilisation des produits et de ses cons\u00e9quences impr\u00e9visibles.<\/span><\/p>\n<\/blockquote>","protected":false},"excerpt":{"rendered":"<p>Tarif de base : 3,00 \u20ac\/m<\/p>\n<p>D\u00e9lai de livraison : 5-7 jours*<\/p>","protected":false},"featured_media":9752,"template":"","meta":[],"product_brand":[],"product_cat":[216,217,262,269],"product_tag":[221,261,284,286,529],"class_list":{"0":"post-2956","1":"product","2":"type-product","3":"status-publish","4":"has-post-thumbnail","6":"product_cat-bondageseile","7":"product_cat-leinenhanfseil","8":"product_cat-leinenhanfseil-farbig","9":"product_cat-dark-red-edition","10":"product_tag-seilset","11":"product_tag-bondageseil","12":"product_tag-6mm","13":"product_tag-hanfseil-dunkelrot","14":"product_tag-leinenhanf","16":"first","17":"instock","18":"taxable","19":"shipping-taxable","20":"purchasable","21":"product-type-simple"},"_links":{"self":[{"href":"https:\/\/bavarian-bondage.de\/fr\/wp-json\/wp\/v2\/product\/2956","targetHints":{"allow":["GET"]}}],"collection":[{"href":"https:\/\/bavarian-bondage.de\/fr\/wp-json\/wp\/v2\/product"}],"about":[{"href":"https:\/\/bavarian-bondage.de\/fr\/wp-json\/wp\/v2\/types\/product"}],"version-history":[{"count":5,"href":"https:\/\/bavarian-bondage.de\/fr\/wp-json\/wp\/v2\/product\/2956\/revisions"}],"predecessor-version":[{"id":16503,"href":"https:\/\/bavarian-bondage.de\/fr\/wp-json\/wp\/v2\/product\/2956\/revisions\/16503"}],"wp:featuredmedia":[{"embeddable":true,"href":"https:\/\/bavarian-bondage.de\/fr\/wp-json\/wp\/v2\/media\/9752"}],"wp:attachment":[{"href":"https:\/\/bavarian-bondage.de\/fr\/wp-json\/wp\/v2\/media?parent=2956"}],"wp:term":[{"taxonomy":"product_brand","embeddable":true,"href":"https:\/\/bavarian-bondage.de\/fr\/wp-json\/wp\/v2\/product_brand?post=2956"},{"taxonomy":"product_cat","embeddable":true,"href":"https:\/\/bavarian-bondage.de\/fr\/wp-json\/wp\/v2\/product_cat?post=2956"},{"taxonomy":"product_tag","embeddable":true,"href":"https:\/\/bavarian-bondage.de\/fr\/wp-json\/wp\/v2\/product_tag?post=2956"}],"curies":[{"name":"wp","href":"https:\/\/api.w.org\/{rel}","templated":true}]}}