{"id":2985,"date":"2020-10-17T12:56:40","date_gmt":"2020-10-17T10:56:40","guid":{"rendered":"https:\/\/bavarian-bondage.tivendo.com\/produkt\/import-placeholder-for-509\/"},"modified":"2024-12-18T09:58:44","modified_gmt":"2024-12-18T08:58:44","slug":"corde-de-chanvre-lin-vert-6mm-corde-a-simple-exclusive-4m","status":"publish","type":"product","link":"https:\/\/bavarian-bondage.de\/fr\/produkt\/leinenhanfseil-gruen-6mm-exklusiv-einzelseil-4m\/","title":{"rendered":"Corde de chanvre lin vert 6mm exclusive; Corde \u00e0 simple 4m"},"content":{"rendered":"<h3 style=\"text-align: center\">Corde lin chanvre 6mm vert EXCLUSIF<\/h3>\n<p style=\"text-align: center\">Agrandissez l&#039;ensemble, remplacez les cordes ou v\u00e9rifiez la qualit\u00e9.<\/p>\n<p style=\"text-align: center\">La corde lin chanvre 6mm EXCLUSIVE est toute douce et souple ! Il a \u00e9t\u00e9 trait\u00e9 plusieurs fois pour conserver la meilleure qualit\u00e9. La corde impressionne par sa structure ronde, uniforme et sans n\u0153uds sur toute sa longueur. De plus, les extr\u00e9mit\u00e9s sont orn\u00e9es de petits n\u0153uds. Puisque les cordes ont \u00e9t\u00e9 teintes dans leur ensemble, elles ne sont pas compl\u00e8tement color\u00e9es.<\/p>\n<p>&nbsp;<\/p>\n<p><strong>D\u00e9tails:<\/strong><\/p>\n<p>Corde lin chanvre 6mm vert EXCLUSIF<br \/>\n3 arbres tourn\u00e9s<br \/>\nCouleur: Vert<br \/>\nNoeud trisk<br \/>\nLongueur : 1x4m<br \/>\n(La longueur de la corde peut diff\u00e9rer de la longueur sp\u00e9cifi\u00e9e jusqu&#039;\u00e0 3%)<\/p>\n<p>&nbsp;<\/p>\n<p><span style=\"color: #ff0000\"><strong>Un avis :<\/strong><\/span><\/p>\n<p>V\u00e9rifiez r\u00e9guli\u00e8rement l&#039;usure et les dommages des cordes\u00a0! Si les cordes sont battues ou tordues, elles peuvent se d\u00e9tacher pendant l&#039;utilisation !<br \/>\nLes cordes ont \u00e9t\u00e9 teintes dans leur ensemble et ne sont pas de la m\u00eame couleur jusqu&#039;au milieu.<\/p>\n<p>&nbsp;<\/p>\n<p><strong>Contenu de la livraison :<\/strong> 1x4m corde de chanvre lin 6mm vert EXCLUSIF<\/p>\n<p>&nbsp;<\/p>\n<hr \/>\n<blockquote>\n<p style=\"text-align: center\"><span style=\"color: #333399\">Les informations sur les produits sont fournies au meilleur de nos connaissances et convictions. Toutes les dimensions sont approximatives. L&#039;utilisation des produits propos\u00e9s ici dans la boutique est \u00e0 vos propres risques. Chaque personne r\u00e9agit diff\u00e9remment aux influences ext\u00e9rieures, au plaisir ou \u00e0 la douleur, etc. Par cons\u00e9quent, aucune responsabilit\u00e9 ne peut \u00eatre accept\u00e9e en cas d&#039;utilisation inappropri\u00e9e.  Chaque utilisateur assume l&#039;enti\u00e8re responsabilit\u00e9 de l&#039;utilisation ou de la bonne utilisation des produits et de ses cons\u00e9quences impr\u00e9visibles.<\/span><\/p>\n<\/blockquote>","protected":false},"excerpt":{"rendered":"<p>Prix de base : 3,13 \u20ac\/m<\/p>\n<p>D\u00e9lai de livraison : 5-7 jours*<\/p>","protected":false},"featured_media":9238,"template":"","meta":[],"product_brand":[],"product_cat":[216,217,262,271],"product_tag":[221,261,281,528],"class_list":{"0":"post-2985","1":"product","2":"type-product","3":"status-publish","4":"has-post-thumbnail","6":"product_cat-bondageseile","7":"product_cat-leinenhanfseil","8":"product_cat-leinenhanfseil-farbig","9":"product_cat-green-edition","10":"product_tag-seilset","11":"product_tag-bondageseil","12":"product_tag-hanfseil-6mm","13":"product_tag-leinenhanfseil","15":"first","16":"instock","17":"taxable","18":"shipping-taxable","19":"purchasable","20":"product-type-simple"},"_links":{"self":[{"href":"https:\/\/bavarian-bondage.de\/fr\/wp-json\/wp\/v2\/product\/2985","targetHints":{"allow":["GET"]}}],"collection":[{"href":"https:\/\/bavarian-bondage.de\/fr\/wp-json\/wp\/v2\/product"}],"about":[{"href":"https:\/\/bavarian-bondage.de\/fr\/wp-json\/wp\/v2\/types\/product"}],"version-history":[{"count":4,"href":"https:\/\/bavarian-bondage.de\/fr\/wp-json\/wp\/v2\/product\/2985\/revisions"}],"predecessor-version":[{"id":13681,"href":"https:\/\/bavarian-bondage.de\/fr\/wp-json\/wp\/v2\/product\/2985\/revisions\/13681"}],"wp:featuredmedia":[{"embeddable":true,"href":"https:\/\/bavarian-bondage.de\/fr\/wp-json\/wp\/v2\/media\/9238"}],"wp:attachment":[{"href":"https:\/\/bavarian-bondage.de\/fr\/wp-json\/wp\/v2\/media?parent=2985"}],"wp:term":[{"taxonomy":"product_brand","embeddable":true,"href":"https:\/\/bavarian-bondage.de\/fr\/wp-json\/wp\/v2\/product_brand?post=2985"},{"taxonomy":"product_cat","embeddable":true,"href":"https:\/\/bavarian-bondage.de\/fr\/wp-json\/wp\/v2\/product_cat?post=2985"},{"taxonomy":"product_tag","embeddable":true,"href":"https:\/\/bavarian-bondage.de\/fr\/wp-json\/wp\/v2\/product_tag?post=2985"}],"curies":[{"name":"wp","href":"https:\/\/api.w.org\/{rel}","templated":true}]}}