{"id":2990,"date":"2020-10-17T12:56:41","date_gmt":"2020-10-17T10:56:41","guid":{"rendered":"https:\/\/bavarian-bondage.tivendo.com\/produkt\/import-placeholder-for-519\/"},"modified":"2026-02-10T09:21:59","modified_gmt":"2026-02-10T08:21:59","slug":"fouet-a-doigt-en-cuir","status":"publish","type":"product","link":"https:\/\/bavarian-bondage.de\/fr\/produkt\/fingerpeitsche-leder\/","title":{"rendered":"Cuir de fouet \u00e0 doigts"},"content":{"rendered":"<h3 style=\"text-align: center\">Fouet \u00e0 doigt - cuir<\/h3>\n<p style=\"text-align: center\">Petit mais puissant, c\u2019est probablement le meilleur r\u00e9sum\u00e9. Ce petit fouet \u00e0 doigt est enti\u00e8rement compos\u00e9 de cuir de vachette et d&#039;un anneau en acier de 30 mm.  16 sangles d&#039;environ 4 mm de large assurent une transmission correcte de la force, du doux au dur.<\/p>\n<p style=\"text-align: center\">Un m\u00e9chant petit jouet qui, avec une longueur totale de seulement 25 cm, peut se glisser presque partout.<\/p>\n<p>&nbsp;<\/p>\n<p><strong>D\u00e9tails:<\/strong><\/p>\n<p>Mati\u00e8re : cuir de vachette<br \/>\nDiam\u00e8tre de l&#039;anneau : 3 cm<br \/>\nLongueur totale : 25 cm<br \/>\nLongueur du manche : 6 cm<br \/>\nCouleur: Noir<\/p>\n<p>&nbsp;<\/p>\n<p><strong>Contenu de la livraison :<\/strong> 1 fouet \u00e0 doigt en cuir<\/p>\n<p>&nbsp;<\/p>\n<blockquote>\n<hr \/>\n<p style=\"text-align: center\"><span style=\"color: #333399\">Les informations sur les produits sont fournies au meilleur de nos connaissances et convictions. Toutes les dimensions sont approximatives. L&#039;utilisation des produits propos\u00e9s ici dans la boutique est \u00e0 vos propres risques. Chaque personne r\u00e9agit diff\u00e9remment aux influences ext\u00e9rieures, au plaisir ou \u00e0 la douleur, etc. Par cons\u00e9quent, aucune responsabilit\u00e9 ne peut \u00eatre accept\u00e9e en cas d&#039;utilisation inappropri\u00e9e.  Chaque utilisateur assume l&#039;enti\u00e8re responsabilit\u00e9 de l&#039;utilisation ou de la bonne utilisation des produits et de ses cons\u00e9quences impr\u00e9visibles.<\/span><\/p>\n<\/blockquote>","protected":false},"excerpt":{"rendered":"<p>D\u00e9lai de livraison : 5-7 jours*<\/p>","protected":false},"featured_media":8643,"template":"","meta":[],"product_brand":[],"product_cat":[224,252],"product_tag":[305,306,307],"class_list":{"0":"post-2990","1":"product","2":"type-product","3":"status-publish","4":"has-post-thumbnail","6":"product_cat-lustschmerz","7":"product_cat-peitschen-gerten","8":"product_tag-fingerpeitsche","9":"product_tag-leder","10":"product_tag-peitsche","12":"first","13":"instock","14":"taxable","15":"shipping-taxable","16":"purchasable","17":"product-type-simple"},"_links":{"self":[{"href":"https:\/\/bavarian-bondage.de\/fr\/wp-json\/wp\/v2\/product\/2990","targetHints":{"allow":["GET"]}}],"collection":[{"href":"https:\/\/bavarian-bondage.de\/fr\/wp-json\/wp\/v2\/product"}],"about":[{"href":"https:\/\/bavarian-bondage.de\/fr\/wp-json\/wp\/v2\/types\/product"}],"version-history":[{"count":2,"href":"https:\/\/bavarian-bondage.de\/fr\/wp-json\/wp\/v2\/product\/2990\/revisions"}],"predecessor-version":[{"id":13987,"href":"https:\/\/bavarian-bondage.de\/fr\/wp-json\/wp\/v2\/product\/2990\/revisions\/13987"}],"wp:featuredmedia":[{"embeddable":true,"href":"https:\/\/bavarian-bondage.de\/fr\/wp-json\/wp\/v2\/media\/8643"}],"wp:attachment":[{"href":"https:\/\/bavarian-bondage.de\/fr\/wp-json\/wp\/v2\/media?parent=2990"}],"wp:term":[{"taxonomy":"product_brand","embeddable":true,"href":"https:\/\/bavarian-bondage.de\/fr\/wp-json\/wp\/v2\/product_brand?post=2990"},{"taxonomy":"product_cat","embeddable":true,"href":"https:\/\/bavarian-bondage.de\/fr\/wp-json\/wp\/v2\/product_cat?post=2990"},{"taxonomy":"product_tag","embeddable":true,"href":"https:\/\/bavarian-bondage.de\/fr\/wp-json\/wp\/v2\/product_tag?post=2990"}],"curies":[{"name":"wp","href":"https:\/\/api.w.org\/{rel}","templated":true}]}}