{"id":2991,"date":"2020-10-17T12:57:41","date_gmt":"2020-10-17T10:57:41","guid":{"rendered":"https:\/\/bavarian-bondage.tivendo.com\/produkt\/import-placeholder-for-524\/"},"modified":"2026-03-15T08:48:48","modified_gmt":"2026-03-15T07:48:48","slug":"canne-flexible","status":"publish","type":"product","link":"https:\/\/bavarian-bondage.de\/fr\/produkt\/flexibler-rohrstock\/","title":{"rendered":"Canne souple"},"content":{"rendered":"<h3 style=\"text-align: center\">Canne souple<\/h3>\n<p style=\"text-align: center\">Cette canne est r\u00e9alis\u00e9e en PVC souple, recouverte de cuir nappa souple et \u00e9quip\u00e9e d&#039;une sangle de transport en cuir. Par rapport aux cannes en bois, tr\u00e8s hygi\u00e9niques et super durables. Gr\u00e2ce \u00e0 son \u00e2me flexible, elle peut \u00eatre compl\u00e8tement courb\u00e9e et son efficacit\u00e9 n&#039;est en rien inf\u00e9rieure \u00e0 celle d&#039;une canne en bois.<\/p>\n<p style=\"text-align: center\">Tr\u00e8s hygi\u00e9nique et indestructible dans des conditions normales d&#039;utilisation.<\/p>\n<p>&nbsp;<\/p>\n<p><strong>D\u00e9tails:<\/strong><\/p>\n<p>Mat\u00e9riau : \u00e2me en PVC, cuir nappa<br \/>\nCouleur : Noir :<br \/>\nLongueur : 65 cm<br \/>\nLargeur : 14 mm<\/p>\n<p>&nbsp;<\/p>\n<p><strong>Contenu de la livraison :<\/strong> 1 canne souple<\/p>\n<p>&nbsp;<\/p>\n<hr \/>\n<blockquote>\n<p style=\"text-align: center\"><span style=\"color: #333399\">Les informations sur les produits sont fournies au meilleur de nos connaissances et convictions. Toutes les dimensions sont approximatives. L&#039;utilisation des produits propos\u00e9s ici dans la boutique est \u00e0 vos propres risques. Chaque personne r\u00e9agit diff\u00e9remment aux influences ext\u00e9rieures, au plaisir ou \u00e0 la douleur, etc. Par cons\u00e9quent, aucune responsabilit\u00e9 ne peut \u00eatre accept\u00e9e en cas d&#039;utilisation inappropri\u00e9e.  Chaque utilisateur assume l&#039;enti\u00e8re responsabilit\u00e9 de l&#039;utilisation ou de la bonne utilisation des produits et de ses cons\u00e9quences impr\u00e9visibles.<\/span><\/p>\n<\/blockquote>","protected":false},"excerpt":{"rendered":"<p>D\u00e9lai de livraison : 5-7 jours*<\/p>","protected":false},"featured_media":8629,"template":"","meta":[],"product_brand":[],"product_cat":[252,224],"product_tag":[254,308],"class_list":{"0":"post-2991","1":"product","2":"type-product","3":"status-publish","4":"has-post-thumbnail","6":"product_cat-peitschen-gerten","7":"product_cat-lustschmerz","8":"product_tag-echtleder","9":"product_tag-rohrstock","11":"first","12":"instock","13":"taxable","14":"shipping-taxable","15":"purchasable","16":"product-type-simple"},"_links":{"self":[{"href":"https:\/\/bavarian-bondage.de\/fr\/wp-json\/wp\/v2\/product\/2991","targetHints":{"allow":["GET"]}}],"collection":[{"href":"https:\/\/bavarian-bondage.de\/fr\/wp-json\/wp\/v2\/product"}],"about":[{"href":"https:\/\/bavarian-bondage.de\/fr\/wp-json\/wp\/v2\/types\/product"}],"version-history":[{"count":2,"href":"https:\/\/bavarian-bondage.de\/fr\/wp-json\/wp\/v2\/product\/2991\/revisions"}],"predecessor-version":[{"id":13986,"href":"https:\/\/bavarian-bondage.de\/fr\/wp-json\/wp\/v2\/product\/2991\/revisions\/13986"}],"wp:featuredmedia":[{"embeddable":true,"href":"https:\/\/bavarian-bondage.de\/fr\/wp-json\/wp\/v2\/media\/8629"}],"wp:attachment":[{"href":"https:\/\/bavarian-bondage.de\/fr\/wp-json\/wp\/v2\/media?parent=2991"}],"wp:term":[{"taxonomy":"product_brand","embeddable":true,"href":"https:\/\/bavarian-bondage.de\/fr\/wp-json\/wp\/v2\/product_brand?post=2991"},{"taxonomy":"product_cat","embeddable":true,"href":"https:\/\/bavarian-bondage.de\/fr\/wp-json\/wp\/v2\/product_cat?post=2991"},{"taxonomy":"product_tag","embeddable":true,"href":"https:\/\/bavarian-bondage.de\/fr\/wp-json\/wp\/v2\/product_tag?post=2991"}],"curies":[{"name":"wp","href":"https:\/\/api.w.org\/{rel}","templated":true}]}}