{"id":2995,"date":"2020-10-17T12:58:41","date_gmt":"2020-10-17T10:58:41","guid":{"rendered":"https:\/\/bavarian-bondage.tivendo.com\/produkt\/import-placeholder-for-550\/"},"modified":"2025-11-14T12:27:49","modified_gmt":"2025-11-14T11:27:49","slug":"bandeau-en-cuir","status":"publish","type":"product","link":"https:\/\/bavarian-bondage.de\/fr\/produkt\/leder-augenbinde\/","title":{"rendered":"Bandeau en cuir"},"content":{"rendered":"<h3 style=\"text-align: center\">Bandeau en cuir<\/h3>\n<p style=\"text-align: center\">Ce bandeau est rembourr\u00e9 \u00e0 l&#039;int\u00e9rieur pour un ajustement confortable. Celui-ci est fix\u00e9 avec une fermeture Velcro de 15 mm de large.<\/p>\n<p>&nbsp;<\/p>\n<p><strong>D\u00e9tail:<\/strong><\/p>\n<p>Mat\u00e9riel: cuir, velcro<br \/>\nLongueur du bandeau : 40 cm<br \/>\nLargeur du bandeau : 7,5 cm<br \/>\nCouleur: Noir<\/p>\n<p>&nbsp;<\/p>\n<p><strong>Contenu de la livraison :<\/strong> 1 x bandeau en cuir rembourr\u00e9 avec velcro<\/p>\n<p>&nbsp;<\/p>\n<hr \/>\n<blockquote>\n<p style=\"text-align: center\"><span style=\"color: #333399\">Les informations sur les produits sont fournies au meilleur de nos connaissances et convictions. Toutes les dimensions sont approximatives. L&#039;utilisation des produits propos\u00e9s ici dans la boutique est \u00e0 vos propres risques. Chaque personne r\u00e9agit diff\u00e9remment aux influences ext\u00e9rieures, au plaisir ou \u00e0 la douleur, etc. Par cons\u00e9quent, aucune responsabilit\u00e9 ne peut \u00eatre accept\u00e9e en cas d&#039;utilisation inappropri\u00e9e.  Chaque utilisateur assume l&#039;enti\u00e8re responsabilit\u00e9 de l&#039;utilisation ou de la bonne utilisation des produits et de ses cons\u00e9quences impr\u00e9visibles.<\/span><\/p>\n<\/blockquote>","protected":false},"excerpt":{"rendered":"<p>D\u00e9lai de livraison : 5-7 jours*<\/p>","protected":false},"featured_media":8586,"template":"","meta":[],"product_brand":[],"product_cat":[224,245],"product_tag":[246,306],"class_list":{"0":"post-2995","1":"product","2":"type-product","3":"status-publish","4":"has-post-thumbnail","6":"product_cat-lustschmerz","7":"product_cat-augenbinden","8":"product_tag-augenbinde","9":"product_tag-leder","11":"first","12":"instock","13":"taxable","14":"shipping-taxable","15":"purchasable","16":"product-type-simple"},"_links":{"self":[{"href":"https:\/\/bavarian-bondage.de\/fr\/wp-json\/wp\/v2\/product\/2995","targetHints":{"allow":["GET"]}}],"collection":[{"href":"https:\/\/bavarian-bondage.de\/fr\/wp-json\/wp\/v2\/product"}],"about":[{"href":"https:\/\/bavarian-bondage.de\/fr\/wp-json\/wp\/v2\/types\/product"}],"version-history":[{"count":4,"href":"https:\/\/bavarian-bondage.de\/fr\/wp-json\/wp\/v2\/product\/2995\/revisions"}],"predecessor-version":[{"id":13956,"href":"https:\/\/bavarian-bondage.de\/fr\/wp-json\/wp\/v2\/product\/2995\/revisions\/13956"}],"wp:featuredmedia":[{"embeddable":true,"href":"https:\/\/bavarian-bondage.de\/fr\/wp-json\/wp\/v2\/media\/8586"}],"wp:attachment":[{"href":"https:\/\/bavarian-bondage.de\/fr\/wp-json\/wp\/v2\/media?parent=2995"}],"wp:term":[{"taxonomy":"product_brand","embeddable":true,"href":"https:\/\/bavarian-bondage.de\/fr\/wp-json\/wp\/v2\/product_brand?post=2995"},{"taxonomy":"product_cat","embeddable":true,"href":"https:\/\/bavarian-bondage.de\/fr\/wp-json\/wp\/v2\/product_cat?post=2995"},{"taxonomy":"product_tag","embeddable":true,"href":"https:\/\/bavarian-bondage.de\/fr\/wp-json\/wp\/v2\/product_tag?post=2995"}],"curies":[{"name":"wp","href":"https:\/\/api.w.org\/{rel}","templated":true}]}}