{"id":2997,"date":"2020-10-17T12:55:41","date_gmt":"2020-10-17T10:55:41","guid":{"rendered":"https:\/\/bavarian-bondage.tivendo.com\/produkt\/import-placeholder-for-560\/"},"modified":"2026-03-15T21:54:29","modified_gmt":"2026-03-15T20:54:29","slug":"baillon-en-cuir-avec-boule-interieure","status":"publish","type":"product","link":"https:\/\/bavarian-bondage.de\/fr\/produkt\/lederknebel-mit-innenball\/","title":{"rendered":"B\u00e2illon en cuir avec boule int\u00e9rieure"},"content":{"rendered":"<h3 style=\"text-align: center\">B\u00e2illon en cuir avec boule int\u00e9rieure<\/h3>\n<p style=\"text-align: center\">Un b\u00e2illon en cuir v\u00e9ritable tr\u00e8s efficace qui enserre solidement la boule en TPE dans la bouche. R\u00e9glable en centim\u00e8tres gr\u00e2ce \u00e0 un total de 13 trous.<\/p>\n<p><strong>D\u00e9tails:<\/strong><\/p>\n<p>Mat\u00e9riau : cuir v\u00e9ritable, TPE<br \/>\nLongueur totale : 66 cm<br \/>\nTaille de la boule : 4 cm<br \/>\nBracelet en cuir : 2 cm<br \/>\nCouleur: noir\/rouge<\/p>\n<p>&nbsp;<\/p>\n<p><strong>Contenu de la livraison :<\/strong> 1 b\u00e2illon en cuir avec boule int\u00e9rieure<\/p>\n<p>&nbsp;<\/p>\n<hr \/>\n<blockquote>\n<p style=\"text-align: center\"><span style=\"color: #333399\">Les informations sur les produits sont fournies au meilleur de nos connaissances et convictions. Toutes les dimensions sont approximatives. L&#039;utilisation des produits propos\u00e9s ici dans la boutique est \u00e0 vos propres risques. Chaque personne r\u00e9agit diff\u00e9remment aux influences ext\u00e9rieures, au plaisir ou \u00e0 la douleur, etc. Par cons\u00e9quent, aucune responsabilit\u00e9 ne peut \u00eatre accept\u00e9e en cas d&#039;utilisation inappropri\u00e9e.  Chaque utilisateur assume l&#039;enti\u00e8re responsabilit\u00e9 de l&#039;utilisation ou de la bonne utilisation des produits et de ses cons\u00e9quences impr\u00e9visibles.<\/span><\/p>\n<\/blockquote>","protected":false},"excerpt":{"rendered":"<p>D\u00e9lai de livraison : 5-7 jours*<\/p>","protected":false},"featured_media":8608,"template":"","meta":[],"product_brand":[],"product_cat":[229],"product_tag":[232,312,313],"class_list":{"0":"post-2997","1":"product","2":"type-product","3":"status-publish","4":"has-post-thumbnail","6":"product_cat-knebel","7":"product_tag-knebel","8":"product_tag-ringknebel","9":"product_tag-spidergag","11":"first","12":"instock","13":"taxable","14":"shipping-taxable","15":"purchasable","16":"product-type-simple"},"_links":{"self":[{"href":"https:\/\/bavarian-bondage.de\/fr\/wp-json\/wp\/v2\/product\/2997","targetHints":{"allow":["GET"]}}],"collection":[{"href":"https:\/\/bavarian-bondage.de\/fr\/wp-json\/wp\/v2\/product"}],"about":[{"href":"https:\/\/bavarian-bondage.de\/fr\/wp-json\/wp\/v2\/types\/product"}],"version-history":[{"count":3,"href":"https:\/\/bavarian-bondage.de\/fr\/wp-json\/wp\/v2\/product\/2997\/revisions"}],"predecessor-version":[{"id":13965,"href":"https:\/\/bavarian-bondage.de\/fr\/wp-json\/wp\/v2\/product\/2997\/revisions\/13965"}],"wp:featuredmedia":[{"embeddable":true,"href":"https:\/\/bavarian-bondage.de\/fr\/wp-json\/wp\/v2\/media\/8608"}],"wp:attachment":[{"href":"https:\/\/bavarian-bondage.de\/fr\/wp-json\/wp\/v2\/media?parent=2997"}],"wp:term":[{"taxonomy":"product_brand","embeddable":true,"href":"https:\/\/bavarian-bondage.de\/fr\/wp-json\/wp\/v2\/product_brand?post=2997"},{"taxonomy":"product_cat","embeddable":true,"href":"https:\/\/bavarian-bondage.de\/fr\/wp-json\/wp\/v2\/product_cat?post=2997"},{"taxonomy":"product_tag","embeddable":true,"href":"https:\/\/bavarian-bondage.de\/fr\/wp-json\/wp\/v2\/product_tag?post=2997"}],"curies":[{"name":"wp","href":"https:\/\/api.w.org\/{rel}","templated":true}]}}