{"id":3003,"date":"2020-10-17T12:56:53","date_gmt":"2020-10-17T10:56:53","guid":{"rendered":"https:\/\/bavarian-bondage.tivendo.com\/produkt\/import-placeholder-for-592\/"},"modified":"2026-01-15T17:29:29","modified_gmt":"2026-01-15T16:29:29","slug":"pagaie-etroite","status":"publish","type":"product","link":"https:\/\/bavarian-bondage.de\/fr\/produkt\/paddel-schmal\/","title":{"rendered":"Pagaie \u00e9troite"},"content":{"rendered":"<h3 style=\"text-align: center\">Pagaie \u00e9troite<\/h3>\n<p style=\"text-align: center\">Une pagaie, ou peut-\u00eatre une canne\u00a0? Quoi qu\u2019il en soit, un jouet aussi bien con\u00e7u qu\u2019efficace, qui promet des heures d\u2019amusement. Cette pagaie robuste est compos\u00e9e d\u2019une poign\u00e9e en caoutchouc et d\u2019une surface de frappe rembourr\u00e9e et recouverte de cuir.<\/p>\n<p style=\"text-align: center\">Un design novateur et ing\u00e9nieux.<\/p>\n<p>&nbsp;<\/p>\n<p><strong>D\u00e9tails:<\/strong><\/p>\n<p>Mati\u00e8re : cuir, caoutchouc<br \/>\nCouleur: Noir<br \/>\nLongueur : 60 cm<br \/>\nLargeur : 35 mm<\/p>\n<p>&nbsp;<\/p>\n<p><strong>Contenu de la livraison :<\/strong> 1 pagaie \u00e9troite<\/p>\n<p>&nbsp;<\/p>\n<hr \/>\n<blockquote>\n<p style=\"text-align: center\"><span style=\"color: #333399\">Les informations sur les produits sont fournies au meilleur de nos connaissances et convictions. Toutes les dimensions sont approximatives. L&#039;utilisation des produits propos\u00e9s ici dans la boutique est \u00e0 vos propres risques. Chaque personne r\u00e9agit diff\u00e9remment aux influences ext\u00e9rieures, au plaisir ou \u00e0 la douleur, etc. Par cons\u00e9quent, aucune responsabilit\u00e9 ne peut \u00eatre accept\u00e9e en cas d&#039;utilisation inappropri\u00e9e.  Chaque utilisateur assume l&#039;enti\u00e8re responsabilit\u00e9 de l&#039;utilisation ou de la bonne utilisation des produits et de ses cons\u00e9quences impr\u00e9visibles.<\/span><\/p>\n<\/blockquote>","protected":false},"excerpt":{"rendered":"<p>D\u00e9lai de livraison : 5-7 jours*<\/p>","protected":false},"featured_media":8633,"template":"","meta":[],"product_brand":[],"product_cat":[224,252],"product_tag":[255,306,308],"class_list":{"0":"post-3003","1":"product","2":"type-product","3":"status-publish","4":"has-post-thumbnail","6":"product_cat-lustschmerz","7":"product_cat-peitschen-gerten","8":"product_tag-paddel","9":"product_tag-leder","10":"product_tag-rohrstock","12":"first","13":"instock","14":"taxable","15":"shipping-taxable","16":"purchasable","17":"product-type-simple"},"_links":{"self":[{"href":"https:\/\/bavarian-bondage.de\/fr\/wp-json\/wp\/v2\/product\/3003","targetHints":{"allow":["GET"]}}],"collection":[{"href":"https:\/\/bavarian-bondage.de\/fr\/wp-json\/wp\/v2\/product"}],"about":[{"href":"https:\/\/bavarian-bondage.de\/fr\/wp-json\/wp\/v2\/types\/product"}],"version-history":[{"count":3,"href":"https:\/\/bavarian-bondage.de\/fr\/wp-json\/wp\/v2\/product\/3003\/revisions"}],"predecessor-version":[{"id":16497,"href":"https:\/\/bavarian-bondage.de\/fr\/wp-json\/wp\/v2\/product\/3003\/revisions\/16497"}],"wp:featuredmedia":[{"embeddable":true,"href":"https:\/\/bavarian-bondage.de\/fr\/wp-json\/wp\/v2\/media\/8633"}],"wp:attachment":[{"href":"https:\/\/bavarian-bondage.de\/fr\/wp-json\/wp\/v2\/media?parent=3003"}],"wp:term":[{"taxonomy":"product_brand","embeddable":true,"href":"https:\/\/bavarian-bondage.de\/fr\/wp-json\/wp\/v2\/product_brand?post=3003"},{"taxonomy":"product_cat","embeddable":true,"href":"https:\/\/bavarian-bondage.de\/fr\/wp-json\/wp\/v2\/product_cat?post=3003"},{"taxonomy":"product_tag","embeddable":true,"href":"https:\/\/bavarian-bondage.de\/fr\/wp-json\/wp\/v2\/product_tag?post=3003"}],"curies":[{"name":"wp","href":"https:\/\/api.w.org\/{rel}","templated":true}]}}