{"id":3007,"date":"2020-10-17T12:51:54","date_gmt":"2020-10-17T10:51:54","guid":{"rendered":"https:\/\/bavarian-bondage.tivendo.com\/produkt\/import-placeholder-for-609\/"},"modified":"2026-02-22T15:27:12","modified_gmt":"2026-02-22T14:27:12","slug":"corde-de-choc","status":"publish","type":"product","link":"https:\/\/bavarian-bondage.de\/fr\/produkt\/schlagseil\/","title":{"rendered":"corde de choc"},"content":{"rendered":"<h3 style=\"text-align: center\">corde de choc<\/h3>\n<p style=\"text-align: center\">Les cordes \u00e0 genoux sont de plus en plus populaires. Une combinaison de fouet, de cravache et de pagaie en corde et en caoutchouc. Les cordes \u00e0 fouetter propos\u00e9es sont constitu\u00e9es de corde de chanvre de 6 mm de diff\u00e9rentes couleurs et sont recouvertes de caoutchouc, ce qui facilite le nettoyage. Vous pouvez utiliser les deux extr\u00e9mit\u00e9s et le n\u0153ud coulant pour donner la fess\u00e9e. Les cordes \u00e0 impact sont relativement intenses et avec une utilisation plus intense, les tr\u00e9pointes sont in\u00e9vitables.<\/p>\n<p style=\"text-align: center\">Avec les cordes \u00e0 fouetter color\u00e9es, le caoutchouc est transparent, l\u00e9g\u00e8rement plus fin et plus souple. Avec la noire, ce n&#039;est pas la corde, mais le caoutchouc qui est noir et \u00e9galement l\u00e9g\u00e8rement plus \u00e9pais, qui donne encore plus de duret\u00e9 \u00e0 la corde noire.<\/p>\n<p>&nbsp;<\/p>\n<p><strong>D\u00e9tails:<\/strong><\/p>\n<p>Mat\u00e9riel: corde de chanvre, caoutchouc<br \/>\nLongueur : environ 40 cm<br \/>\nDiam\u00e8tre : environ 7 mm<br \/>\nCouleur : s\u00e9lectionnable<\/p>\n<p>&nbsp;<\/p>\n<p><strong>Contenu de la livraison :<\/strong> Corde \u00e0 impact 40 cm, couleur au choix<\/p>\n<p>&nbsp;<\/p>\n<hr \/>\n<blockquote>\n<p style=\"text-align: center\"><span style=\"color: #333399\">Les informations sur les produits sont fournies au meilleur de nos connaissances et convictions. Toutes les dimensions sont approximatives. L&#039;utilisation des produits propos\u00e9s ici dans la boutique est \u00e0 vos propres risques. Chaque personne r\u00e9agit diff\u00e9remment aux influences ext\u00e9rieures, au plaisir ou \u00e0 la douleur, etc. Par cons\u00e9quent, aucune responsabilit\u00e9 ne peut \u00eatre accept\u00e9e en cas d&#039;utilisation inappropri\u00e9e.  Chaque utilisateur assume l&#039;enti\u00e8re responsabilit\u00e9 de l&#039;utilisation ou de la bonne utilisation des produits et de ses cons\u00e9quences impr\u00e9visibles.<\/span><\/p>\n<\/blockquote>","protected":false},"excerpt":{"rendered":"<p>D\u00e9lai de livraison : 5-7 jours*<\/p>","protected":false},"featured_media":9574,"template":"","meta":[],"product_brand":[],"product_cat":[224,252],"product_tag":[],"class_list":{"0":"post-3007","1":"product","2":"type-product","3":"status-publish","4":"has-post-thumbnail","6":"product_cat-lustschmerz","7":"product_cat-peitschen-gerten","9":"first","10":"instock","11":"taxable","12":"shipping-taxable","13":"purchasable","14":"product-type-variable"},"_links":{"self":[{"href":"https:\/\/bavarian-bondage.de\/fr\/wp-json\/wp\/v2\/product\/3007","targetHints":{"allow":["GET"]}}],"collection":[{"href":"https:\/\/bavarian-bondage.de\/fr\/wp-json\/wp\/v2\/product"}],"about":[{"href":"https:\/\/bavarian-bondage.de\/fr\/wp-json\/wp\/v2\/types\/product"}],"version-history":[{"count":4,"href":"https:\/\/bavarian-bondage.de\/fr\/wp-json\/wp\/v2\/product\/3007\/revisions"}],"predecessor-version":[{"id":13985,"href":"https:\/\/bavarian-bondage.de\/fr\/wp-json\/wp\/v2\/product\/3007\/revisions\/13985"}],"wp:featuredmedia":[{"embeddable":true,"href":"https:\/\/bavarian-bondage.de\/fr\/wp-json\/wp\/v2\/media\/9574"}],"wp:attachment":[{"href":"https:\/\/bavarian-bondage.de\/fr\/wp-json\/wp\/v2\/media?parent=3007"}],"wp:term":[{"taxonomy":"product_brand","embeddable":true,"href":"https:\/\/bavarian-bondage.de\/fr\/wp-json\/wp\/v2\/product_brand?post=3007"},{"taxonomy":"product_cat","embeddable":true,"href":"https:\/\/bavarian-bondage.de\/fr\/wp-json\/wp\/v2\/product_cat?post=3007"},{"taxonomy":"product_tag","embeddable":true,"href":"https:\/\/bavarian-bondage.de\/fr\/wp-json\/wp\/v2\/product_tag?post=3007"}],"curies":[{"name":"wp","href":"https:\/\/api.w.org\/{rel}","templated":true}]}}