{"id":3012,"date":"2020-10-17T12:56:54","date_gmt":"2020-10-17T10:56:54","guid":{"rendered":"https:\/\/bavarian-bondage.tivendo.com\/produkt\/import-placeholder-for-619\/"},"modified":"2026-05-02T12:11:31","modified_gmt":"2026-05-02T10:11:31","slug":"baillon-de-corde","status":"publish","type":"product","link":"https:\/\/bavarian-bondage.de\/fr\/produkt\/seilknebel\/","title":{"rendered":"B\u00e2illon de corde"},"content":{"rendered":"<h3 style=\"text-align: center\">B\u00e2illon de corde<\/h3>\n<p style=\"text-align: center\">Le b\u00e2illon en corde est une alternative originale aux b\u00e2illons traditionnels, s&#039;int\u00e9grant parfaitement \u00e0 l&#039;esth\u00e9tique \u00e9l\u00e9gante du bondage. Le corps principal est en bois de bouleau et la gaine en corde de chanvre de 4 mm. Une corde de rechange naturelle d&#039;environ 3 m est \u00e9galement fournie. Gr\u00e2ce \u00e0 la conception du corps principal, la corde se retire facilement pour \u00eatre lav\u00e9e ou remplac\u00e9e, garantissant ainsi une hygi\u00e8ne optimale. Ce b\u00e2illon est disponible en trois coloris.<\/p>\n<p>&nbsp;<\/p>\n<p style=\"text-align: left\"><strong>D\u00e9tail:<\/strong><\/p>\n<p>Mat\u00e9riau : bois de bouleau, corde de chanvre<br \/>\nDimensions : L 150 mm, L 25 mm<br \/>\nLongueur totale : environ 750 mm<br \/>\nCorde de r\u00e9serve\u00a0: corde en chanvre naturel de 4\u00a0mm, environ 3\u00a0m<\/p>\n<p>&nbsp;<\/p>\n<p><strong>Contenu de la livraison en option\u00a0:\u00a0 <\/strong>1 bascule de corde plus corde de rechange ou corde de rechange individuellement<\/p>\n<p>&nbsp;<\/p>\n<hr \/>\n<blockquote>\n<p style=\"text-align: center\"><span style=\"color: #333399\">Les informations sur les produits sont fournies au meilleur de nos connaissances et convictions. Toutes les dimensions sont approximatives. L&#039;utilisation des produits propos\u00e9s ici dans la boutique est \u00e0 vos propres risques. Chaque personne r\u00e9agit diff\u00e9remment aux influences ext\u00e9rieures, au plaisir ou \u00e0 la douleur, etc. Par cons\u00e9quent, aucune responsabilit\u00e9 ne peut \u00eatre accept\u00e9e en cas d&#039;utilisation inappropri\u00e9e.  Chaque utilisateur assume l&#039;enti\u00e8re responsabilit\u00e9 de l&#039;utilisation ou de la bonne utilisation des produits et de ses cons\u00e9quences impr\u00e9visibles.<\/span><\/p>\n<\/blockquote>","protected":false},"excerpt":{"rendered":"<p>D\u00e9lai de livraison : 5-7 jours*<\/p>","protected":false},"featured_media":8883,"template":"","meta":[],"product_brand":[],"product_cat":[229],"product_tag":[227,260,325,326],"class_list":{"0":"post-3012","1":"product","2":"type-product","3":"status-publish","4":"has-post-thumbnail","6":"product_cat-knebel","7":"product_tag-bondage","8":"product_tag-hanfseil","9":"product_tag-ropegag","10":"product_tag-seilknebel","12":"first","13":"instock","14":"taxable","15":"shipping-taxable","16":"purchasable","17":"product-type-variable"},"_links":{"self":[{"href":"https:\/\/bavarian-bondage.de\/fr\/wp-json\/wp\/v2\/product\/3012","targetHints":{"allow":["GET"]}}],"collection":[{"href":"https:\/\/bavarian-bondage.de\/fr\/wp-json\/wp\/v2\/product"}],"about":[{"href":"https:\/\/bavarian-bondage.de\/fr\/wp-json\/wp\/v2\/types\/product"}],"version-history":[{"count":4,"href":"https:\/\/bavarian-bondage.de\/fr\/wp-json\/wp\/v2\/product\/3012\/revisions"}],"predecessor-version":[{"id":16510,"href":"https:\/\/bavarian-bondage.de\/fr\/wp-json\/wp\/v2\/product\/3012\/revisions\/16510"}],"wp:featuredmedia":[{"embeddable":true,"href":"https:\/\/bavarian-bondage.de\/fr\/wp-json\/wp\/v2\/media\/8883"}],"wp:attachment":[{"href":"https:\/\/bavarian-bondage.de\/fr\/wp-json\/wp\/v2\/media?parent=3012"}],"wp:term":[{"taxonomy":"product_brand","embeddable":true,"href":"https:\/\/bavarian-bondage.de\/fr\/wp-json\/wp\/v2\/product_brand?post=3012"},{"taxonomy":"product_cat","embeddable":true,"href":"https:\/\/bavarian-bondage.de\/fr\/wp-json\/wp\/v2\/product_cat?post=3012"},{"taxonomy":"product_tag","embeddable":true,"href":"https:\/\/bavarian-bondage.de\/fr\/wp-json\/wp\/v2\/product_tag?post=3012"}],"curies":[{"name":"wp","href":"https:\/\/api.w.org\/{rel}","templated":true}]}}