{"id":3016,"date":"2020-10-17T12:56:55","date_gmt":"2020-10-17T10:56:55","guid":{"rendered":"https:\/\/bavarian-bondage.tivendo.com\/produkt\/import-placeholder-for-628\/"},"modified":"2026-04-09T19:25:23","modified_gmt":"2026-04-09T17:25:23","slug":"huile-dentretien-des-cordes-eucalyptus-100ml","status":"publish","type":"product","link":"https:\/\/bavarian-bondage.de\/fr\/produkt\/seilpflegeoel-eukalyptus-100ml\/","title":{"rendered":"Huile d&#039;entretien pour corde eucalyptus 100ml"},"content":{"rendered":"<h3 style=\"text-align: center\">Huile d&#039;entretien pour corde d&#039;eucalyptus<\/h3>\n<p style=\"text-align: center\">(Propre production)<\/p>\n<p style=\"text-align: center\">Un m\u00e9lange d&#039;huiles coordonn\u00e9 pour le post-traitement des cordes de bondage ! Avec l&#039;odeur aromatique de l&#039;eucalyptus !<\/p>\n<p style=\"text-align: center\">Vous pouvez trouver des conseils sur l&#039;entretien et l&#039;utilisation des cordes. <a href=\"https:\/\/bavarian-bondage.de\/fr\/conseils-dentretien-des-cordes\/\">ici.<\/a><\/p>\n<p>&nbsp;<\/p>\n<p style=\"text-align: center\"><span style=\"color: #ff0000\">Ce n&#039;est pas un article cosm\u00e9tique.<\/span><\/p>\n<p style=\"text-align: center\"><span style=\"color: #ff0000\">Ne convient pas \u00e0 la consommation.<\/span><\/p>\n<p>&nbsp;<\/p>\n<p><strong>Composition:<\/strong><\/p>\n<p>Huile de jojoba<br \/>\nHuile de cam\u00e9lia<br \/>\nCire d&#039;abeille<br \/>\n100% huile essentielle naturelle d&#039;eucalyptus<\/p>\n<p>&nbsp;<\/p>\n<p><strong>Contenu de la livraison :\u00a0<\/strong>100 ml d&#039;huile d&#039;entretien pour cordes d&#039;eucalyptus\u00a0; Brochure<\/p>\n<p>&nbsp;<\/p>\n<hr \/>\n<blockquote>\n<p style=\"text-align: center\"><span style=\"color: #333399\">Les informations sur les produits sont fournies au meilleur de nos connaissances et convictions. Toutes les dimensions sont approximatives. L&#039;utilisation des produits propos\u00e9s ici dans la boutique est \u00e0 vos propres risques. Chaque personne r\u00e9agit diff\u00e9remment aux influences ext\u00e9rieures, au plaisir ou \u00e0 la douleur, etc. Par cons\u00e9quent, aucune responsabilit\u00e9 ne peut \u00eatre accept\u00e9e en cas d&#039;utilisation inappropri\u00e9e.  Chaque utilisateur assume l&#039;enti\u00e8re responsabilit\u00e9 de l&#039;utilisation ou de la bonne utilisation des produits et de ses cons\u00e9quences impr\u00e9visibles.<\/span><\/p>\n<\/blockquote>","protected":false},"excerpt":{"rendered":"<p>Prix de base : 95,00 \u20ac\/l<\/p>\n<p>D\u00e9lai de livraison : 5-7 jours*<\/p>","protected":false},"featured_media":8547,"template":"","meta":[],"product_brand":[],"product_cat":[322],"product_tag":[324,327],"class_list":{"0":"post-3016","1":"product","2":"type-product","3":"status-publish","4":"has-post-thumbnail","6":"product_cat-seilpflege","7":"product_tag-seilpflege","8":"product_tag-seilpflegeoel","10":"first","11":"instock","12":"taxable","13":"shipping-taxable","14":"purchasable","15":"product-type-simple"},"_links":{"self":[{"href":"https:\/\/bavarian-bondage.de\/fr\/wp-json\/wp\/v2\/product\/3016","targetHints":{"allow":["GET"]}}],"collection":[{"href":"https:\/\/bavarian-bondage.de\/fr\/wp-json\/wp\/v2\/product"}],"about":[{"href":"https:\/\/bavarian-bondage.de\/fr\/wp-json\/wp\/v2\/types\/product"}],"version-history":[{"count":5,"href":"https:\/\/bavarian-bondage.de\/fr\/wp-json\/wp\/v2\/product\/3016\/revisions"}],"predecessor-version":[{"id":8537,"href":"https:\/\/bavarian-bondage.de\/fr\/wp-json\/wp\/v2\/product\/3016\/revisions\/8537"}],"wp:featuredmedia":[{"embeddable":true,"href":"https:\/\/bavarian-bondage.de\/fr\/wp-json\/wp\/v2\/media\/8547"}],"wp:attachment":[{"href":"https:\/\/bavarian-bondage.de\/fr\/wp-json\/wp\/v2\/media?parent=3016"}],"wp:term":[{"taxonomy":"product_brand","embeddable":true,"href":"https:\/\/bavarian-bondage.de\/fr\/wp-json\/wp\/v2\/product_brand?post=3016"},{"taxonomy":"product_cat","embeddable":true,"href":"https:\/\/bavarian-bondage.de\/fr\/wp-json\/wp\/v2\/product_cat?post=3016"},{"taxonomy":"product_tag","embeddable":true,"href":"https:\/\/bavarian-bondage.de\/fr\/wp-json\/wp\/v2\/product_tag?post=3016"}],"curies":[{"name":"wp","href":"https:\/\/api.w.org\/{rel}","templated":true}]}}