{"id":3024,"date":"2020-10-17T12:56:55","date_gmt":"2020-10-17T10:56:55","guid":{"rendered":"https:\/\/bavarian-bondage.tivendo.com\/produkt\/import-placeholder-for-653\/"},"modified":"2026-03-13T20:37:50","modified_gmt":"2026-03-13T19:37:50","slug":"corde-en-lin-et-chanvre-petrole-5-mm-ensemble-exclusif-3x8-m","status":"publish","type":"product","link":"https:\/\/bavarian-bondage.de\/fr\/produkt\/leinenhanfseil-petrol-5mm-exklusiv-set-3x8m\/","title":{"rendered":"Corde de chanvre lin p\u00e9trole 5mm exclusive; Ensemble 3x8m"},"content":{"rendered":"<h3 style=\"text-align: center\">Corde lin chanvre 5mm p\u00e9trole EXCLUSIVIT\u00c9<\/h3>\n<p style=\"text-align: center\">Trois cordes suffisent pour le d\u00e9part et les premiers liens !<\/p>\n<p style=\"text-align: center\">La corde EXCLUSIVE en lin et chanvre de 5 mm pr\u00e9sente une couleur vive et uniforme, est tr\u00e8s douce et souple, et a subi plusieurs traitements pour garantir une qualit\u00e9 optimale. Elle impressionne par sa structure ronde, r\u00e9guli\u00e8re et sans n\u0153uds sur toute sa longueur. De plus, ses extr\u00e9mit\u00e9s sont orn\u00e9es de petits n\u0153uds. Ces cordes fines de 5 mm sont id\u00e9ales pour le bondage artistique et les combinaisons de couleurs.<\/p>\n<p><strong>D\u00e9tails:<\/strong><\/p>\n<p>Corde lin chanvre 5mm p\u00e9trole EXCLUSIVIT\u00c9<br \/>\n3 arbres tourn\u00e9s<br \/>\nCouleur : p\u00e9trole<br \/>\nNoeud trisk<br \/>\nLongueur : 3x8m<br \/>\n(La longueur de la corde peut diff\u00e9rer de la longueur sp\u00e9cifi\u00e9e jusqu&#039;\u00e0 3%)<\/p>\n<p>&nbsp;<\/p>\n<p><span style=\"color: #ff0000\"><strong>Un avis :<\/strong><\/span><\/p>\n<p>V\u00e9rifiez r\u00e9guli\u00e8rement l&#039;usure et les dommages des cordes\u00a0! Si les cordes sont battues ou tordues, elles peuvent se d\u00e9tacher pendant l&#039;utilisation !<br \/>\nLes cordes ont \u00e9t\u00e9 teintes dans leur ensemble et ne sont pas de la m\u00eame couleur jusqu&#039;au milieu.<\/p>\n<p>&nbsp;<\/p>\n<p><strong>Contenu de la livraison :<\/strong> Ensemble de cordes 3x8m corde lin chanvre 5mm p\u00e9trole EXCLUSIF<\/p>\n<p>&nbsp;<\/p>\n<hr \/>\n<blockquote>\n<p style=\"text-align: center\"><span style=\"color: #333399\">Les informations sur les produits sont fournies au meilleur de nos connaissances et convictions. Toutes les dimensions sont approximatives. L&#039;utilisation des produits propos\u00e9s ici dans la boutique est \u00e0 vos propres risques. Chaque personne r\u00e9agit diff\u00e9remment aux influences ext\u00e9rieures, au plaisir ou \u00e0 la douleur, etc. Par cons\u00e9quent, aucune responsabilit\u00e9 ne peut \u00eatre accept\u00e9e en cas d&#039;utilisation inappropri\u00e9e.  Chaque utilisateur assume l&#039;enti\u00e8re responsabilit\u00e9 de l&#039;utilisation ou de la bonne utilisation des produits et de ses cons\u00e9quences impr\u00e9visibles.<\/span><\/p>\n<\/blockquote>","protected":false},"excerpt":{"rendered":"<p>Tarif de base : 2,65 \u20ac\/m<\/p>\n<p>D\u00e9lai de livraison : 5-7 jours*<\/p>","protected":false},"featured_media":9109,"template":"","meta":[],"product_brand":[],"product_cat":[216,217,262,266],"product_tag":[528,260,261,273],"class_list":{"0":"post-3024","1":"product","2":"type-product","3":"status-publish","4":"has-post-thumbnail","6":"product_cat-bondageseile","7":"product_cat-leinenhanfseil","8":"product_cat-leinenhanfseil-farbig","9":"product_cat-petrol-edition","10":"product_tag-leinenhanfseil","11":"product_tag-hanfseil","12":"product_tag-bondageseil","13":"product_tag-5mm","15":"first","16":"instock","17":"taxable","18":"shipping-taxable","19":"purchasable","20":"product-type-simple"},"_links":{"self":[{"href":"https:\/\/bavarian-bondage.de\/fr\/wp-json\/wp\/v2\/product\/3024","targetHints":{"allow":["GET"]}}],"collection":[{"href":"https:\/\/bavarian-bondage.de\/fr\/wp-json\/wp\/v2\/product"}],"about":[{"href":"https:\/\/bavarian-bondage.de\/fr\/wp-json\/wp\/v2\/types\/product"}],"version-history":[{"count":3,"href":"https:\/\/bavarian-bondage.de\/fr\/wp-json\/wp\/v2\/product\/3024\/revisions"}],"predecessor-version":[{"id":6093,"href":"https:\/\/bavarian-bondage.de\/fr\/wp-json\/wp\/v2\/product\/3024\/revisions\/6093"}],"wp:featuredmedia":[{"embeddable":true,"href":"https:\/\/bavarian-bondage.de\/fr\/wp-json\/wp\/v2\/media\/9109"}],"wp:attachment":[{"href":"https:\/\/bavarian-bondage.de\/fr\/wp-json\/wp\/v2\/media?parent=3024"}],"wp:term":[{"taxonomy":"product_brand","embeddable":true,"href":"https:\/\/bavarian-bondage.de\/fr\/wp-json\/wp\/v2\/product_brand?post=3024"},{"taxonomy":"product_cat","embeddable":true,"href":"https:\/\/bavarian-bondage.de\/fr\/wp-json\/wp\/v2\/product_cat?post=3024"},{"taxonomy":"product_tag","embeddable":true,"href":"https:\/\/bavarian-bondage.de\/fr\/wp-json\/wp\/v2\/product_tag?post=3024"}],"curies":[{"name":"wp","href":"https:\/\/api.w.org\/{rel}","templated":true}]}}