{"id":3030,"date":"2020-10-17T12:58:56","date_gmt":"2020-10-17T10:58:56","guid":{"rendered":"https:\/\/bavarian-bondage.tivendo.com\/produkt\/import-placeholder-for-668\/"},"modified":"2026-03-17T23:50:57","modified_gmt":"2026-03-17T22:50:57","slug":"corde-en-lin-et-chanvre-rose-5-mm-ensemble-exclusif-3-x-8-m","status":"publish","type":"product","link":"https:\/\/bavarian-bondage.de\/fr\/produkt\/leinenhanfseil-pink-5mm-exklusiv-set-3x8m\/","title":{"rendered":"Corde de chanvre en lin rose 5mm exclusive; Ensemble 3x8m"},"content":{"rendered":"<h3 style=\"text-align: center\">Corde lin chanvre 5mm rose EXCLUSIVIT\u00c9<\/h3>\n<p style=\"text-align: center\">Trois cordes suffisent pour le d\u00e9part et les premiers liens !<\/p>\n<p style=\"text-align: center\">La corde en lin et chanvre EXCLUSIVE de 5 mm est tr\u00e8s douce et souple ! Il a \u00e9t\u00e9 trait\u00e9 plusieurs fois pour garantir la meilleure qualit\u00e9. La corde impressionne par une structure ronde, uniforme et sans n\u0153uds sur toute sa longueur, ainsi que par une couleur rose uniforme et forte. De plus, les extr\u00e9mit\u00e9s sont pourvues de petits n\u0153uds. Les cordes fines de 5 mm sont id\u00e9ales pour le bondage artistique et les combinaisons avec d&#039;autres couleurs.<\/p>\n<p><strong>D\u00e9tails:<\/strong><\/p>\n<p>Corde lin chanvre 5mm rose EXCLUSIVIT\u00c9<br \/>\n3 arbres tourn\u00e9s<br \/>\nCouleur: Rose<br \/>\nNoeud trisk<br \/>\nLongueur : 3x8m<br \/>\n(La longueur de la corde peut diff\u00e9rer de la longueur sp\u00e9cifi\u00e9e jusqu&#039;\u00e0 3%)<\/p>\n<p>&nbsp;<\/p>\n<p><span style=\"color: #ff0000\"><strong>Un avis :<\/strong><\/span><\/p>\n<p>V\u00e9rifiez r\u00e9guli\u00e8rement l&#039;usure et les dommages des cordes\u00a0! Si les cordes sont battues ou tordues, elles peuvent se d\u00e9tacher pendant l&#039;utilisation !<br \/>\nLes cordes ont \u00e9t\u00e9 teintes dans leur ensemble et ne sont pas de la m\u00eame couleur jusqu&#039;au milieu.<\/p>\n<p>&nbsp;<\/p>\n<p><strong>Contenu de la livraison :<\/strong> Ensemble de cordes 3x8m corde lin chanvre 5mm rose EXCLUSIF<\/p>\n<p>&nbsp;<\/p>\n<hr \/>\n<blockquote>\n<p style=\"text-align: center\"><span style=\"color: #333399\">Les informations sur les produits sont fournies au meilleur de nos connaissances et convictions. Toutes les dimensions sont approximatives. L&#039;utilisation des produits propos\u00e9s ici dans la boutique est \u00e0 vos propres risques. Chaque personne r\u00e9agit diff\u00e9remment aux influences ext\u00e9rieures, au plaisir ou \u00e0 la douleur, etc. Par cons\u00e9quent, aucune responsabilit\u00e9 ne peut \u00eatre accept\u00e9e en cas d&#039;utilisation inappropri\u00e9e.  Chaque utilisateur assume l&#039;enti\u00e8re responsabilit\u00e9 de l&#039;utilisation ou de la bonne utilisation des produits et de ses cons\u00e9quences impr\u00e9visibles.<\/span><\/p>\n<\/blockquote>","protected":false},"excerpt":{"rendered":"<p>Tarif de base : 2,65 \u20ac\/m<\/p>\n<p>D\u00e9lai de livraison : 5-7 jours*<\/p>","protected":false},"featured_media":10274,"template":"","meta":[],"product_brand":[],"product_cat":[262,275,216,217],"product_tag":[291,528,221,261],"class_list":{"0":"post-3030","1":"product","2":"type-product","3":"status-publish","4":"has-post-thumbnail","6":"product_cat-leinenhanfseil-farbig","7":"product_cat-pink-edition","8":"product_cat-bondageseile","9":"product_cat-leinenhanfseil","10":"product_tag-hanfseil-pink","11":"product_tag-leinenhanfseil","12":"product_tag-seilset","13":"product_tag-bondageseil","15":"first","16":"instock","17":"taxable","18":"shipping-taxable","19":"purchasable","20":"product-type-simple"},"_links":{"self":[{"href":"https:\/\/bavarian-bondage.de\/fr\/wp-json\/wp\/v2\/product\/3030","targetHints":{"allow":["GET"]}}],"collection":[{"href":"https:\/\/bavarian-bondage.de\/fr\/wp-json\/wp\/v2\/product"}],"about":[{"href":"https:\/\/bavarian-bondage.de\/fr\/wp-json\/wp\/v2\/types\/product"}],"version-history":[{"count":5,"href":"https:\/\/bavarian-bondage.de\/fr\/wp-json\/wp\/v2\/product\/3030\/revisions"}],"predecessor-version":[{"id":13704,"href":"https:\/\/bavarian-bondage.de\/fr\/wp-json\/wp\/v2\/product\/3030\/revisions\/13704"}],"wp:featuredmedia":[{"embeddable":true,"href":"https:\/\/bavarian-bondage.de\/fr\/wp-json\/wp\/v2\/media\/10274"}],"wp:attachment":[{"href":"https:\/\/bavarian-bondage.de\/fr\/wp-json\/wp\/v2\/media?parent=3030"}],"wp:term":[{"taxonomy":"product_brand","embeddable":true,"href":"https:\/\/bavarian-bondage.de\/fr\/wp-json\/wp\/v2\/product_brand?post=3030"},{"taxonomy":"product_cat","embeddable":true,"href":"https:\/\/bavarian-bondage.de\/fr\/wp-json\/wp\/v2\/product_cat?post=3030"},{"taxonomy":"product_tag","embeddable":true,"href":"https:\/\/bavarian-bondage.de\/fr\/wp-json\/wp\/v2\/product_tag?post=3030"}],"curies":[{"name":"wp","href":"https:\/\/api.w.org\/{rel}","templated":true}]}}