{"id":3036,"date":"2020-10-17T12:57:03","date_gmt":"2020-10-17T10:57:03","guid":{"rendered":"https:\/\/bavarian-bondage.tivendo.com\/produkt\/import-placeholder-for-680\/"},"modified":"2026-05-02T12:13:28","modified_gmt":"2026-05-02T10:13:28","slug":"corde-de-chanvre-lin-naturel-6mm-set-exclusif-3x8m","status":"publish","type":"product","link":"https:\/\/bavarian-bondage.de\/fr\/produkt\/leinenhanfseil-natur-6mm-exklusiv-set-3x8m\/","title":{"rendered":"Corde de chanvre lin naturel 6mm exclusive; Ensemble 3x8m"},"content":{"rendered":"<h3 style=\"text-align: center\">Corde de chanvre lin 6mm EXCLUSIVIT\u00c9 !<\/h3>\n<p style=\"text-align: center\">Trois cordes suffisent pour le d\u00e9part et les premiers liens !<\/p>\n<p style=\"text-align: center\">La corde EXCLUSIVE en lin et chanvre de 6 mm est d&#039;une douceur et d&#039;une souplesse exceptionnelles\u00a0! Trait\u00e9e \u00e0 plusieurs reprises pour une qualit\u00e9 optimale, elle pr\u00e9sente une structure ronde, uniforme et sans n\u0153uds sur toute sa longueur. Ses extr\u00e9mit\u00e9s sont finies par de petits n\u0153uds d&#039;\u00e9pissure.<\/p>\n<p><strong>D\u00e9tails:<\/strong><\/p>\n<p>Corde de chanvre lin 6mm EXCLUSIVIT\u00c9<br \/>\n3 arbres tourn\u00e9s<br \/>\nCouleur : gris clair<br \/>\nNoeud trisk<br \/>\nLongueur : 3x8m<br \/>\n(La longueur de la corde peut varier jusqu&#039;\u00e0 3% par rapport \u00e0 la longueur indiqu\u00e9e.)<\/p>\n<p>&nbsp;<\/p>\n<p><span style=\"color: #ff0000\"><strong>Un avis :<\/strong><\/span><\/p>\n<p>V\u00e9rifiez r\u00e9guli\u00e8rement l&#039;usure et les dommages des cordes\u00a0!<br \/>\nSi les cordes sont battues ou tordues, elles peuvent se d\u00e9tacher pendant l&#039;utilisation !<\/p>\n<p>&nbsp;<\/p>\n<p><strong>Contenu de la livraison :<\/strong> 3x8m corde de chanvre lin 6mm EXCLUSIVIT\u00c9<\/p>\n<p>&nbsp;<\/p>\n<hr \/>\n<blockquote>\n<p style=\"text-align: center\"><span style=\"color: #333399\">\u00a0Les informations sur les produits sont fournies au meilleur de nos connaissances et convictions. Toutes les dimensions sont approximatives. L&#039;utilisation des produits propos\u00e9s ici dans la boutique est \u00e0 vos propres risques. Chaque personne r\u00e9agit diff\u00e9remment aux influences ext\u00e9rieures, au plaisir ou \u00e0 la douleur, etc. Par cons\u00e9quent, aucune responsabilit\u00e9 ne peut \u00eatre accept\u00e9e en cas d&#039;utilisation inappropri\u00e9e.  Chaque utilisateur assume l&#039;enti\u00e8re responsabilit\u00e9 de l&#039;utilisation ou de la bonne utilisation des produits et de ses cons\u00e9quences impr\u00e9visibles.<\/span><\/p>\n<\/blockquote>","protected":false},"excerpt":{"rendered":"<p>Prix de base : 2,38 \u20ac\/m<\/p>\n<p>D\u00e9lai de livraison : 5-7 jours*<\/p>","protected":false},"featured_media":9393,"template":"","meta":[],"product_brand":[],"product_cat":[216,217,218],"product_tag":[221,260,261,284],"class_list":{"0":"post-3036","1":"product","2":"type-product","3":"status-publish","4":"has-post-thumbnail","6":"product_cat-bondageseile","7":"product_cat-leinenhanfseil","8":"product_cat-leinenhanfseil-natur","9":"product_tag-seilset","10":"product_tag-hanfseil","11":"product_tag-bondageseil","12":"product_tag-6mm","14":"first","15":"instock","16":"taxable","17":"shipping-taxable","18":"purchasable","19":"product-type-simple"},"_links":{"self":[{"href":"https:\/\/bavarian-bondage.de\/fr\/wp-json\/wp\/v2\/product\/3036","targetHints":{"allow":["GET"]}}],"collection":[{"href":"https:\/\/bavarian-bondage.de\/fr\/wp-json\/wp\/v2\/product"}],"about":[{"href":"https:\/\/bavarian-bondage.de\/fr\/wp-json\/wp\/v2\/types\/product"}],"version-history":[{"count":5,"href":"https:\/\/bavarian-bondage.de\/fr\/wp-json\/wp\/v2\/product\/3036\/revisions"}],"predecessor-version":[{"id":16519,"href":"https:\/\/bavarian-bondage.de\/fr\/wp-json\/wp\/v2\/product\/3036\/revisions\/16519"}],"wp:featuredmedia":[{"embeddable":true,"href":"https:\/\/bavarian-bondage.de\/fr\/wp-json\/wp\/v2\/media\/9393"}],"wp:attachment":[{"href":"https:\/\/bavarian-bondage.de\/fr\/wp-json\/wp\/v2\/media?parent=3036"}],"wp:term":[{"taxonomy":"product_brand","embeddable":true,"href":"https:\/\/bavarian-bondage.de\/fr\/wp-json\/wp\/v2\/product_brand?post=3036"},{"taxonomy":"product_cat","embeddable":true,"href":"https:\/\/bavarian-bondage.de\/fr\/wp-json\/wp\/v2\/product_cat?post=3036"},{"taxonomy":"product_tag","embeddable":true,"href":"https:\/\/bavarian-bondage.de\/fr\/wp-json\/wp\/v2\/product_tag?post=3036"}],"curies":[{"name":"wp","href":"https:\/\/api.w.org\/{rel}","templated":true}]}}