{"id":3057,"date":"2020-10-17T12:57:05","date_gmt":"2020-10-17T10:57:05","guid":{"rendered":"https:\/\/bavarian-bondage.tivendo.com\/produkt\/import-placeholder-for-733\/"},"modified":"2026-03-15T09:34:43","modified_gmt":"2026-03-15T08:34:43","slug":"corde-de-chanvre-lin-rouge-fonce-6mm-set-exclusif-7x8m-et-2x4m","status":"publish","type":"product","link":"https:\/\/bavarian-bondage.de\/fr\/produkt\/leinenhanfseil-dunkelrot-6mm-exklusiv-set-7x8m-und-2x4m\/","title":{"rendered":"Corde de chanvre lin rouge fonc\u00e9 6mm Exclusivit\u00e9: Set 7x8m et 2x4m"},"content":{"rendered":"<h3 style=\"text-align: center\">Corde lin chanvre 6mm rouge fonc\u00e9 EXCLUSIVIT\u00c9<\/h3>\n<p style=\"text-align: center\">Couleur rouge fonc\u00e9, uniforme et intense.<\/p>\n<p style=\"text-align: center\">Le jeu de cordes 7x8m peut \u00eatre d\u00e9crit comme un classique. Le tout est compl\u00e9t\u00e9 par deux cordes courtes, qui offrent un large \u00e9ventail de possibilit\u00e9s. La corde lin chanvre 6mm EXCLUSIVE est toute douce et souple ! Il a \u00e9t\u00e9 trait\u00e9 plusieurs fois pour conserver la meilleure qualit\u00e9. La corde impressionne par sa structure ronde, uniforme et sans n\u0153uds sur toute sa longueur. De plus, les extr\u00e9mit\u00e9s sont nou\u00e9es avec de petits n\u0153uds.<\/p>\n<p><strong>D\u00e9tails:<\/strong><\/p>\n<p>Corde lin chanvre 6mm rouge fonc\u00e9 EXCLUSIVIT\u00c9<br \/>\n3 arbres tourn\u00e9s<br \/>\nCouleur : Rouge fonc\u00e9<br \/>\nNoeud trisk<br \/>\nLongueur : 7x8m \/ 2x4m<br \/>\n(La longueur du c\u00e2ble peut diff\u00e9rer de la longueur sp\u00e9cifi\u00e9e jusqu&#039;\u00e0 3%.<\/p>\n<p>&nbsp;<\/p>\n<p><span style=\"color: #ff0000\"><strong>Un avis :<\/strong><\/span><\/p>\n<p>V\u00e9rifiez r\u00e9guli\u00e8rement l&#039;usure et les dommages des cordes\u00a0! Si les cordes sont battues ou tordues, elles peuvent se d\u00e9tacher pendant l&#039;utilisation !<br \/>\nLes cordes ont \u00e9t\u00e9 teintes dans leur ensemble et ne sont pas de la m\u00eame couleur jusqu&#039;au milieu.<\/p>\n<p><strong>Contenu de la livraison :\u00a0<\/strong>Set de cordes 7x8m et 2x4m corde de chanvre lin 6mm rouge fonc\u00e9 EXCLUSIF<\/p>\n<p>&nbsp;<\/p>\n<hr \/>\n<blockquote>\n<p style=\"text-align: center\"><span style=\"color: #333399\">Les informations sur les produits sont fournies au meilleur de nos connaissances et convictions. Toutes les dimensions sont approximatives. L&#039;utilisation des produits propos\u00e9s ici dans la boutique est \u00e0 vos propres risques. Chaque personne r\u00e9agit diff\u00e9remment aux influences ext\u00e9rieures, au plaisir ou \u00e0 la douleur, etc. Par cons\u00e9quent, aucune responsabilit\u00e9 ne peut \u00eatre accept\u00e9e en cas d&#039;utilisation inappropri\u00e9e.  Chaque utilisateur assume l&#039;enti\u00e8re responsabilit\u00e9 de l&#039;utilisation ou de la bonne utilisation des produits et de ses cons\u00e9quences impr\u00e9visibles.<\/span><\/p>\n<\/blockquote>","protected":false},"excerpt":{"rendered":"<p>Tarif de base : 2,48 \u20ac\/m<\/p>\n<p>D\u00e9lai de livraison : 5-7 jours*<\/p>","protected":false},"featured_media":9739,"template":"","meta":[],"product_brand":[],"product_cat":[216,217,262,269],"product_tag":[286,529,221,261,284],"class_list":{"0":"post-3057","1":"product","2":"type-product","3":"status-publish","4":"has-post-thumbnail","6":"product_cat-bondageseile","7":"product_cat-leinenhanfseil","8":"product_cat-leinenhanfseil-farbig","9":"product_cat-dark-red-edition","10":"product_tag-hanfseil-dunkelrot","11":"product_tag-leinenhanf","12":"product_tag-seilset","13":"product_tag-bondageseil","14":"product_tag-6mm","16":"first","17":"instock","18":"taxable","19":"shipping-taxable","20":"purchasable","21":"product-type-simple"},"_links":{"self":[{"href":"https:\/\/bavarian-bondage.de\/fr\/wp-json\/wp\/v2\/product\/3057","targetHints":{"allow":["GET"]}}],"collection":[{"href":"https:\/\/bavarian-bondage.de\/fr\/wp-json\/wp\/v2\/product"}],"about":[{"href":"https:\/\/bavarian-bondage.de\/fr\/wp-json\/wp\/v2\/types\/product"}],"version-history":[{"count":5,"href":"https:\/\/bavarian-bondage.de\/fr\/wp-json\/wp\/v2\/product\/3057\/revisions"}],"predecessor-version":[{"id":13672,"href":"https:\/\/bavarian-bondage.de\/fr\/wp-json\/wp\/v2\/product\/3057\/revisions\/13672"}],"wp:featuredmedia":[{"embeddable":true,"href":"https:\/\/bavarian-bondage.de\/fr\/wp-json\/wp\/v2\/media\/9739"}],"wp:attachment":[{"href":"https:\/\/bavarian-bondage.de\/fr\/wp-json\/wp\/v2\/media?parent=3057"}],"wp:term":[{"taxonomy":"product_brand","embeddable":true,"href":"https:\/\/bavarian-bondage.de\/fr\/wp-json\/wp\/v2\/product_brand?post=3057"},{"taxonomy":"product_cat","embeddable":true,"href":"https:\/\/bavarian-bondage.de\/fr\/wp-json\/wp\/v2\/product_cat?post=3057"},{"taxonomy":"product_tag","embeddable":true,"href":"https:\/\/bavarian-bondage.de\/fr\/wp-json\/wp\/v2\/product_tag?post=3057"}],"curies":[{"name":"wp","href":"https:\/\/api.w.org\/{rel}","templated":true}]}}