{"id":3060,"date":"2020-10-17T12:58:05","date_gmt":"2020-10-17T10:58:05","guid":{"rendered":"https:\/\/bavarian-bondage.tivendo.com\/produkt\/import-placeholder-for-742\/"},"modified":"2026-03-27T09:24:27","modified_gmt":"2026-03-27T08:24:27","slug":"corde-de-chanvre-lin-naturel-6mm-set-classique-7x8m-et-2x4m","status":"publish","type":"product","link":"https:\/\/bavarian-bondage.de\/fr\/produkt\/leinenhanfseil-natur-6mm-klassik-set-7x8m-und-2x4m\/","title":{"rendered":"Corde de chanvre lin naturel 6mm classique; Ensemble 7x8m et 2x4m"},"content":{"rendered":"<h3 style=\"text-align: center\">Corde de chanvre lin 6mm CLASSIQUE !<\/h3>\n<p style=\"text-align: center\">Le set de 7 x 8 m est presque un standard dans la sc\u00e8ne du bondage et suffit g\u00e9n\u00e9ralement pour tous les bondages. L&#039;ensemble est compl\u00e9t\u00e9 par 2 cordes courtes de 4 m\u00e8tres, id\u00e9ales pour les extensions courtes.<\/p>\n<p style=\"text-align: center\">La corde de chanvre en lin Classic de 6 mm est agr\u00e9ablement douce, tr\u00e8s souple et impressionne par sa texture uniforme. Il est sans n\u0153uds, inodore et perd tr\u00e8s peu de poils. La corde de chanvre \u00e9tait lav\u00e9e, cass\u00e9e, flamb\u00e9e puis huil\u00e9e. La couleur de la corde est un ton gris clair naturel. Les extr\u00e9mit\u00e9s ont \u00e9t\u00e9 termin\u00e9es par un simple n\u0153ud simple !<\/p>\n<p><strong>D\u00e9tails:<\/strong><\/p>\n<p>Corde Leinenhaanf 6mm classique<br \/>\n3 arbres tourn\u00e9s<br \/>\nCouleur : gris clair<br \/>\nNoeud simple<br \/>\nLongueur : 7x8m \/ 2x4m<br \/>\n(La longueur de la corde peut diff\u00e9rer de la longueur sp\u00e9cifi\u00e9e jusqu&#039;\u00e0 3%)<\/p>\n<p>&nbsp;<\/p>\n<p><span style=\"color: #ff0000\"><strong>Un avis :<\/strong><\/span><\/p>\n<p>V\u00e9rifiez r\u00e9guli\u00e8rement l&#039;usure et les dommages des cordes\u00a0!<br \/>\nSi les cordes sont battues ou tordues, elles peuvent se d\u00e9tacher pendant l&#039;utilisation !<\/p>\n<p>&nbsp;<\/p>\n<p><strong>Contenu de la livraison :<\/strong> 7x8m \/ 2x4m corde de chanvre lin 6mm CLASSIC<\/p>\n<p>&nbsp;<\/p>\n<hr \/>\n<blockquote>\n<p style=\"text-align: center\"><span style=\"color: #333399\">Les informations sur les produits sont fournies au meilleur de nos connaissances et convictions. Toutes les dimensions sont approximatives. L&#039;utilisation des produits propos\u00e9s ici dans la boutique est \u00e0 vos propres risques. Chaque personne r\u00e9agit diff\u00e9remment aux influences ext\u00e9rieures, au plaisir ou \u00e0 la douleur, etc. Par cons\u00e9quent, aucune responsabilit\u00e9 ne peut \u00eatre accept\u00e9e en cas d&#039;utilisation inappropri\u00e9e.  Chaque utilisateur assume l&#039;enti\u00e8re responsabilit\u00e9 de l&#039;utilisation ou de la bonne utilisation des produits et de ses cons\u00e9quences impr\u00e9visibles.<\/span><\/p>\n<\/blockquote>","protected":false},"excerpt":{"rendered":"<p>Prix de base : 1,97 \u20ac\/m<\/p>\n<p>D\u00e9lai de livraison : 5-7 jours*<\/p>","protected":false},"featured_media":9402,"template":"","meta":[],"product_brand":[],"product_cat":[216,217,218],"product_tag":[260,261,281,289,528],"class_list":{"0":"post-3060","1":"product","2":"type-product","3":"status-publish","4":"has-post-thumbnail","6":"product_cat-bondageseile","7":"product_cat-leinenhanfseil","8":"product_cat-leinenhanfseil-natur","9":"product_tag-hanfseil","10":"product_tag-bondageseil","11":"product_tag-hanfseil-6mm","12":"product_tag-natur","13":"product_tag-leinenhanfseil","15":"first","16":"outofstock","17":"taxable","18":"shipping-taxable","19":"purchasable","20":"product-type-simple"},"_links":{"self":[{"href":"https:\/\/bavarian-bondage.de\/fr\/wp-json\/wp\/v2\/product\/3060","targetHints":{"allow":["GET"]}}],"collection":[{"href":"https:\/\/bavarian-bondage.de\/fr\/wp-json\/wp\/v2\/product"}],"about":[{"href":"https:\/\/bavarian-bondage.de\/fr\/wp-json\/wp\/v2\/types\/product"}],"version-history":[{"count":5,"href":"https:\/\/bavarian-bondage.de\/fr\/wp-json\/wp\/v2\/product\/3060\/revisions"}],"predecessor-version":[{"id":16204,"href":"https:\/\/bavarian-bondage.de\/fr\/wp-json\/wp\/v2\/product\/3060\/revisions\/16204"}],"wp:featuredmedia":[{"embeddable":true,"href":"https:\/\/bavarian-bondage.de\/fr\/wp-json\/wp\/v2\/media\/9402"}],"wp:attachment":[{"href":"https:\/\/bavarian-bondage.de\/fr\/wp-json\/wp\/v2\/media?parent=3060"}],"wp:term":[{"taxonomy":"product_brand","embeddable":true,"href":"https:\/\/bavarian-bondage.de\/fr\/wp-json\/wp\/v2\/product_brand?post=3060"},{"taxonomy":"product_cat","embeddable":true,"href":"https:\/\/bavarian-bondage.de\/fr\/wp-json\/wp\/v2\/product_cat?post=3060"},{"taxonomy":"product_tag","embeddable":true,"href":"https:\/\/bavarian-bondage.de\/fr\/wp-json\/wp\/v2\/product_tag?post=3060"}],"curies":[{"name":"wp","href":"https:\/\/api.w.org\/{rel}","templated":true}]}}