{"id":3064,"date":"2020-10-17T12:57:12","date_gmt":"2020-10-17T10:57:12","guid":{"rendered":"https:\/\/bavarian-bondage.tivendo.com\/produkt\/import-placeholder-for-751\/"},"modified":"2026-03-08T23:19:26","modified_gmt":"2026-03-08T22:19:26","slug":"corde-de-chanvre-lin-noir-6mm-set-exclusif-7x8m-et-2x4m","status":"publish","type":"product","link":"https:\/\/bavarian-bondage.de\/fr\/produkt\/leinenhanfseil-schwarz-6mm-exklusiv-set-7x8m-und-2x4m\/","title":{"rendered":"Corde de chanvre lin noir 6mm exclusive; Ensemble 7x8m et 2x4m"},"content":{"rendered":"<h3 style=\"text-align: center\">Corde lin chanvre 6mm noir EXCLUSIVIT\u00c9<\/h3>\n<p style=\"text-align: center\">Ce jeu de cordes de 7 x 8 m est d\u00e9j\u00e0 un classique. Il est compl\u00e9t\u00e9 par deux cordes plus courtes, offrant ainsi une grande vari\u00e9t\u00e9 de possibilit\u00e9s. La corde EXCLUSIVE en lin et chanvre de 6 mm est d&#039;une douceur et d&#039;une souplesse exceptionnelles\u00a0! Elle a subi de multiples traitements pour garantir une qualit\u00e9 optimale. La corde pr\u00e9sente une structure ronde, uniforme et sans n\u0153uds sur toute sa longueur. De plus, ses extr\u00e9mit\u00e9s sont finies par de petits n\u0153uds. Teintes dans la masse, les cordes ne sont cependant pas enti\u00e8rement color\u00e9es.<\/p>\n<p>&nbsp;<\/p>\n<p><strong>D\u00e9tails:<\/strong><\/p>\n<p>Corde lin chanvre 6mm noir EXCLUSIVIT\u00c9<br \/>\n3 arbres tourn\u00e9s<br \/>\nCouleur: Noir<br \/>\nNoeud trisk<br \/>\nLongueur : 7x8m \/ 2x4m<br \/>\n(La longueur de la corde peut varier jusqu&#039;\u00e0 3% par rapport \u00e0 la longueur indiqu\u00e9e.)<\/p>\n<p>&nbsp;<\/p>\n<p><strong><span style=\"color: #ff0000\">Un avis :<\/span><\/strong><\/p>\n<p>V\u00e9rifiez r\u00e9guli\u00e8rement l&#039;\u00e9tat des cordes\u00a0! Les cordes torsad\u00e9es ou entrelac\u00e9es peuvent se d\u00e9tendre \u00e0 l&#039;usage.<br \/>\nLes cordes ont \u00e9t\u00e9 teintes dans leur ensemble et ne sont pas de la m\u00eame couleur jusqu&#039;au milieu.<\/p>\n<p>&nbsp;<\/p>\n<p><strong>Contenu de la livraison :<\/strong> Set de cordes 7x8m et 2x4m corde de chanvre lin 6mm noir EXCLUSIF<\/p>\n<p>&nbsp;<\/p>\n<blockquote>\n<hr \/>\n<p style=\"text-align: center\"><span style=\"color: #333399\">\u00a0Les informations sur les produits sont fournies au meilleur de nos connaissances et convictions. Toutes les dimensions sont approximatives. L&#039;utilisation des produits propos\u00e9s ici dans la boutique est \u00e0 vos propres risques. Chaque personne r\u00e9agit diff\u00e9remment aux influences ext\u00e9rieures, au plaisir ou \u00e0 la douleur, etc. Par cons\u00e9quent, aucune responsabilit\u00e9 ne peut \u00eatre accept\u00e9e en cas d&#039;utilisation inappropri\u00e9e.  Chaque utilisateur assume l&#039;enti\u00e8re responsabilit\u00e9 de l&#039;utilisation ou de la bonne utilisation des produits et de ses cons\u00e9quences impr\u00e9visibles.<\/span><\/p>\n<\/blockquote>","protected":false},"excerpt":{"rendered":"<p>Tarif de base : 2,48 \u20ac\/m<\/p>\n<p>D\u00e9lai de livraison : 5-7 jours*<\/p>","protected":false},"featured_media":9730,"template":"","meta":[],"product_brand":[],"product_cat":[216,217,262,279],"product_tag":[221,340,341,527],"class_list":{"0":"post-3064","1":"product","2":"type-product","3":"status-publish","4":"has-post-thumbnail","6":"product_cat-bondageseile","7":"product_cat-leinenhanfseil","8":"product_cat-leinenhanfseil-farbig","9":"product_cat-black-edition","10":"product_tag-seilset","11":"product_tag-hafseil","12":"product_tag-schwarz-6mm","13":"product_tag-leinehanfseil","15":"first","16":"instock","17":"taxable","18":"shipping-taxable","19":"purchasable","20":"product-type-simple"},"_links":{"self":[{"href":"https:\/\/bavarian-bondage.de\/fr\/wp-json\/wp\/v2\/product\/3064","targetHints":{"allow":["GET"]}}],"collection":[{"href":"https:\/\/bavarian-bondage.de\/fr\/wp-json\/wp\/v2\/product"}],"about":[{"href":"https:\/\/bavarian-bondage.de\/fr\/wp-json\/wp\/v2\/types\/product"}],"version-history":[{"count":5,"href":"https:\/\/bavarian-bondage.de\/fr\/wp-json\/wp\/v2\/product\/3064\/revisions"}],"predecessor-version":[{"id":16511,"href":"https:\/\/bavarian-bondage.de\/fr\/wp-json\/wp\/v2\/product\/3064\/revisions\/16511"}],"wp:featuredmedia":[{"embeddable":true,"href":"https:\/\/bavarian-bondage.de\/fr\/wp-json\/wp\/v2\/media\/9730"}],"wp:attachment":[{"href":"https:\/\/bavarian-bondage.de\/fr\/wp-json\/wp\/v2\/media?parent=3064"}],"wp:term":[{"taxonomy":"product_brand","embeddable":true,"href":"https:\/\/bavarian-bondage.de\/fr\/wp-json\/wp\/v2\/product_brand?post=3064"},{"taxonomy":"product_cat","embeddable":true,"href":"https:\/\/bavarian-bondage.de\/fr\/wp-json\/wp\/v2\/product_cat?post=3064"},{"taxonomy":"product_tag","embeddable":true,"href":"https:\/\/bavarian-bondage.de\/fr\/wp-json\/wp\/v2\/product_tag?post=3064"}],"curies":[{"name":"wp","href":"https:\/\/api.w.org\/{rel}","templated":true}]}}