{"id":3069,"date":"2020-10-17T12:57:13","date_gmt":"2020-10-17T10:57:13","guid":{"rendered":"https:\/\/bavarian-bondage.tivendo.com\/produkt\/import-placeholder-for-772\/"},"modified":"2025-03-28T18:56:17","modified_gmt":"2025-03-28T17:56:17","slug":"pinces-speciales","status":"publish","type":"product","link":"https:\/\/bavarian-bondage.de\/fr\/produkt\/spezial-klammern\/","title":{"rendered":"Supports sp\u00e9ciaux"},"content":{"rendered":"<h3 style=\"text-align: center\">Pinces sp\u00e9ciales<\/h3>\n<p style=\"text-align: center\">Visuellement et pratiquement tr\u00e8s r\u00e9ussi. La pince tr\u00e8s robuste peut saisir de tr\u00e8s doucement \u00e0 tr\u00e8s fort. Les coussinets en caoutchouc offrent un soutien et les vis de r\u00e9glage finement r\u00e9glables assurent l&#039;effet. La cha\u00eene tr\u00e8s solide relie fermement les deux supports entre eux.<\/p>\n<p><strong>D\u00e9tails:<\/strong><\/p>\n<p>Mat\u00e9riel: m\u00e9tal, caoutchouc<br \/>\nLongueur totale : 49 cm<br \/>\nLongueur des supports : 9 cm<br \/>\nLargeur des supports : 3 cm<\/p>\n<p><strong>Contenu de la livraison :<\/strong> Pince sp\u00e9ciale<\/p>\n<p>&nbsp;<\/p>\n<hr \/>\n<blockquote>\n<p style=\"text-align: center\"><span style=\"color: #333399\">Les informations sur les produits sont fournies au meilleur de nos connaissances et convictions. Toutes les dimensions sont approximatives. L&#039;utilisation des produits propos\u00e9s ici dans la boutique est \u00e0 vos propres risques. Chaque personne r\u00e9agit diff\u00e9remment aux influences ext\u00e9rieures, au plaisir ou \u00e0 la douleur, etc. Par cons\u00e9quent, aucune responsabilit\u00e9 ne peut \u00eatre accept\u00e9e en cas d&#039;utilisation inappropri\u00e9e.  Chaque utilisateur assume l&#039;enti\u00e8re responsabilit\u00e9 de l&#039;utilisation ou de la bonne utilisation des produits et de ses cons\u00e9quences impr\u00e9visibles.<\/span><\/p>\n<\/blockquote>","protected":false},"excerpt":{"rendered":"<p>D\u00e9lai de livraison : 5-7 jours*<\/p>","protected":false},"featured_media":8562,"template":"","meta":[],"product_brand":[],"product_cat":[248],"product_tag":[310,345],"class_list":{"0":"post-3069","1":"product","2":"type-product","3":"status-publish","4":"has-post-thumbnail","6":"product_cat-klammern","7":"product_tag-klammer","8":"product_tag-nippelklemmen","10":"first","11":"instock","12":"taxable","13":"shipping-taxable","14":"purchasable","15":"product-type-simple"},"_links":{"self":[{"href":"https:\/\/bavarian-bondage.de\/fr\/wp-json\/wp\/v2\/product\/3069","targetHints":{"allow":["GET"]}}],"collection":[{"href":"https:\/\/bavarian-bondage.de\/fr\/wp-json\/wp\/v2\/product"}],"about":[{"href":"https:\/\/bavarian-bondage.de\/fr\/wp-json\/wp\/v2\/types\/product"}],"version-history":[{"count":1,"href":"https:\/\/bavarian-bondage.de\/fr\/wp-json\/wp\/v2\/product\/3069\/revisions"}],"predecessor-version":[{"id":5422,"href":"https:\/\/bavarian-bondage.de\/fr\/wp-json\/wp\/v2\/product\/3069\/revisions\/5422"}],"wp:featuredmedia":[{"embeddable":true,"href":"https:\/\/bavarian-bondage.de\/fr\/wp-json\/wp\/v2\/media\/8562"}],"wp:attachment":[{"href":"https:\/\/bavarian-bondage.de\/fr\/wp-json\/wp\/v2\/media?parent=3069"}],"wp:term":[{"taxonomy":"product_brand","embeddable":true,"href":"https:\/\/bavarian-bondage.de\/fr\/wp-json\/wp\/v2\/product_brand?post=3069"},{"taxonomy":"product_cat","embeddable":true,"href":"https:\/\/bavarian-bondage.de\/fr\/wp-json\/wp\/v2\/product_cat?post=3069"},{"taxonomy":"product_tag","embeddable":true,"href":"https:\/\/bavarian-bondage.de\/fr\/wp-json\/wp\/v2\/product_tag?post=3069"}],"curies":[{"name":"wp","href":"https:\/\/api.w.org\/{rel}","templated":true}]}}