{"id":3070,"date":"2020-10-17T11:57:13","date_gmt":"2020-10-17T09:57:13","guid":{"rendered":"https:\/\/bavarian-bondage.tivendo.com\/produkt\/import-placeholder-for-777\/"},"modified":"2026-03-28T10:42:31","modified_gmt":"2026-03-28T09:42:31","slug":"mousqueton-de-securite-en-acier","status":"publish","type":"product","link":"https:\/\/bavarian-bondage.de\/fr\/produkt\/stahl-sicherheitskarabiner\/","title":{"rendered":"Mousqueton de s\u00e9curit\u00e9 en acier"},"content":{"rendered":"<h3 style=\"text-align: center\">Mousqueton en acier<\/h3>\n<p style=\"text-align: center\">Ce mousqueton de s\u00e9curit\u00e9 en acier galvanis\u00e9 constitue une alternative \u00e9conomique aux mousquetons co\u00fbteux en acier inoxydable ou en aluminium. Qu&#039;il soit utilis\u00e9 comme attache \u00e0 un anneau, comme extension d&#039;anneau ou comme attache \u00e0 une corde, ses extr\u00e9mit\u00e9s arrondies le rendent adapt\u00e9 \u00e0 un large \u00e9ventail d&#039;applications.<\/p>\n<p style=\"text-align: center\">Ce mousqueton offre \u00e9galement des fonctions de s\u00e9curit\u00e9. Tourner la molette en aluminium vers le haut emp\u00eache toute ouverture accidentelle du mousqueton.<\/p>\n<p><strong>D\u00e9tails:<\/strong><\/p>\n<p>Mat\u00e9riau : acier galvanis\u00e9, aluminium<br \/>\nTaille : L 10,5 cm \/ l 5 cm<br \/>\nOuverture : 1,8 cm<br \/>\nCapacit\u00e9 de charge : ferm\u00e9 25KN<br \/>\nPoids : 160g<br \/>\nCouleur: Argent<br \/>\nEN362:2004<\/p>\n<p>&nbsp;<\/p>\n<p>&nbsp;<\/p>\n<p><strong>Contenu de la livraison :<\/strong> Mousqueton de s\u00e9curit\u00e9 en acier<\/p>\n<p>&nbsp;<\/p>\n<hr \/>\n<blockquote>\n<p style=\"text-align: center\"><span style=\"color: #333399\">Les informations sur les produits sont fournies au meilleur de nos connaissances. Toutes les dimensions sont approximatives. L&#039;utilisation des produits propos\u00e9s dans la boutique se fait \u00e0 vos propres risques. Chacun r\u00e9agit diff\u00e9remment aux influences ext\u00e9rieures, au plaisir ou \u00e0 la douleur, etc. Par cons\u00e9quent, nous d\u00e9clinons toute responsabilit\u00e9 en cas d&#039;utilisation inappropri\u00e9e. Chaque utilisateur est enti\u00e8rement responsable de l&#039;utilisation correcte des produits et de leurs cons\u00e9quences impr\u00e9visibles.<\/span><\/p>\n<\/blockquote>","protected":false},"excerpt":{"rendered":"<p>D\u00e9lai de livraison : 5-7 jours*<\/p>","protected":false},"featured_media":8176,"template":"","meta":[],"product_brand":[],"product_cat":[222,223],"product_tag":[],"class_list":{"0":"post-3070","1":"product","2":"type-product","3":"status-publish","4":"has-post-thumbnail","6":"product_cat-alle-produkte","7":"product_cat-zubehoer","9":"first","10":"instock","11":"taxable","12":"shipping-taxable","13":"purchasable","14":"product-type-simple"},"_links":{"self":[{"href":"https:\/\/bavarian-bondage.de\/fr\/wp-json\/wp\/v2\/product\/3070","targetHints":{"allow":["GET"]}}],"collection":[{"href":"https:\/\/bavarian-bondage.de\/fr\/wp-json\/wp\/v2\/product"}],"about":[{"href":"https:\/\/bavarian-bondage.de\/fr\/wp-json\/wp\/v2\/types\/product"}],"version-history":[{"count":5,"href":"https:\/\/bavarian-bondage.de\/fr\/wp-json\/wp\/v2\/product\/3070\/revisions"}],"predecessor-version":[{"id":14149,"href":"https:\/\/bavarian-bondage.de\/fr\/wp-json\/wp\/v2\/product\/3070\/revisions\/14149"}],"wp:featuredmedia":[{"embeddable":true,"href":"https:\/\/bavarian-bondage.de\/fr\/wp-json\/wp\/v2\/media\/8176"}],"wp:attachment":[{"href":"https:\/\/bavarian-bondage.de\/fr\/wp-json\/wp\/v2\/media?parent=3070"}],"wp:term":[{"taxonomy":"product_brand","embeddable":true,"href":"https:\/\/bavarian-bondage.de\/fr\/wp-json\/wp\/v2\/product_brand?post=3070"},{"taxonomy":"product_cat","embeddable":true,"href":"https:\/\/bavarian-bondage.de\/fr\/wp-json\/wp\/v2\/product_cat?post=3070"},{"taxonomy":"product_tag","embeddable":true,"href":"https:\/\/bavarian-bondage.de\/fr\/wp-json\/wp\/v2\/product_tag?post=3070"}],"curies":[{"name":"wp","href":"https:\/\/api.w.org\/{rel}","templated":true}]}}