{"id":3076,"date":"2020-10-17T12:58:13","date_gmt":"2020-10-17T10:58:13","guid":{"rendered":"https:\/\/bavarian-bondage.tivendo.com\/produkt\/import-placeholder-for-1080\/"},"modified":"2026-02-16T09:04:48","modified_gmt":"2026-02-16T08:04:48","slug":"corde-de-jute-standard-6mm-set-classique-10x8m-et-2x4m","status":"publish","type":"product","link":"https:\/\/bavarian-bondage.de\/fr\/produkt\/juteseil-standard-6mm-klassik-set-10x8m-und-2x4m\/","title":{"rendered":"Corde de jute standard 6mm classique; Ensemble 10x8m et 2x4m"},"content":{"rendered":"<h3 style=\"text-align: center\">La corde de jute 6mm CLASSIQUE<\/h3>\n<p style=\"text-align: center\">Le grand kit professionnel offre suffisamment de corde pour un bondage exigeant. Les quatre cordes courtes compl\u00e8tent parfaitement l&#039;ensemble et offrent un large \u00e9ventail d&#039;utilisations possibles !<\/p>\n<p style=\"text-align: center\">Au d\u00e9but, la corde est un peu raide et rugueuse en raison de la rotation serr\u00e9e. La corde de jute n&#039;a pas d&#039;odeur propre, elle sent tr\u00e8s peu l&#039;huile de traitement utilis\u00e9e. Les extr\u00e9mit\u00e9s de la corde sont nou\u00e9es avec un n\u0153ud simple normal. La couleur caramel cr\u00e9\u00e9e par oxycoupage offre un bel aspect. La corde est compos\u00e9e d&#039;un seul fil et est donc uniforme et sans n\u0153uds sur toute sa longueur.<\/p>\n<p><strong>D\u00e9tails:<\/strong><\/p>\n<p>Corde de jute 6mm CLASSIQUE<br \/>\n3 arbres \u00e9troitement torsad\u00e9s<br \/>\nCouleurs caramel<br \/>\nN\u0153uds simples normaux<br \/>\nLongueur : 10x8m \/ 2x4m<br \/>\n(La longueur de la corde peut varier jusqu&#039;\u00e0 3% par rapport \u00e0 la longueur sp\u00e9cifi\u00e9e.)<\/p>\n<p><span style=\"color: #ff0000\"><strong>Un avis :<\/strong><\/span><\/p>\n<p>V\u00e9rifiez r\u00e9guli\u00e8rement l&#039;usure et les dommages des cordes\u00a0!<br \/>\nSi les cordes sont battues ou tordues, elles peuvent se d\u00e9tacher pendant l&#039;utilisation !<br \/>\nNe lavez pas les cordes de jute. Il est pr\u00e9f\u00e9rable de nettoyer avec un chiffon humide.<\/p>\n<p><strong>Contenu de la livraison :<\/strong> 10x8m \/ 2x4m corde de jute 6mm CLASSIQUE<\/p>\n<p>&nbsp;<\/p>\n<hr \/>\n<blockquote>\n<p style=\"text-align: center\"><span style=\"color: #333399\">Les informations sur les produits sont fournies au meilleur de nos connaissances et convictions. Toutes les dimensions sont approximatives. L&#039;utilisation des produits propos\u00e9s ici dans la boutique est \u00e0 vos propres risques. Chaque personne r\u00e9agit diff\u00e9remment aux influences ext\u00e9rieures, au plaisir ou \u00e0 la douleur, etc. Par cons\u00e9quent, aucune responsabilit\u00e9 ne peut \u00eatre accept\u00e9e en cas d&#039;utilisation inappropri\u00e9e.  Chaque utilisateur assume l&#039;enti\u00e8re responsabilit\u00e9 de l&#039;utilisation ou de la bonne utilisation des produits et de ses cons\u00e9quences impr\u00e9visibles.<\/span><\/p>\n<\/blockquote>","protected":false},"excerpt":{"rendered":"<p>Prix de base : 1,80 \u20ac\/m<\/p>\n<p>D\u00e9lai de livraison : 5-7 jours*<\/p>","protected":false},"featured_media":8478,"template":"","meta":[],"product_brand":[],"product_cat":[216,222,294,346],"product_tag":[221,261,284,297],"class_list":{"0":"post-3076","1":"product","2":"type-product","3":"status-publish","4":"has-post-thumbnail","6":"product_cat-bondageseile","7":"product_cat-alle-produkte","8":"product_cat-juteseile","9":"product_cat-juteseil-6mm","10":"product_tag-seilset","11":"product_tag-bondageseil","12":"product_tag-6mm","13":"product_tag-juteseil","15":"first","16":"instock","17":"taxable","18":"shipping-taxable","19":"purchasable","20":"product-type-simple"},"_links":{"self":[{"href":"https:\/\/bavarian-bondage.de\/fr\/wp-json\/wp\/v2\/product\/3076","targetHints":{"allow":["GET"]}}],"collection":[{"href":"https:\/\/bavarian-bondage.de\/fr\/wp-json\/wp\/v2\/product"}],"about":[{"href":"https:\/\/bavarian-bondage.de\/fr\/wp-json\/wp\/v2\/types\/product"}],"version-history":[{"count":5,"href":"https:\/\/bavarian-bondage.de\/fr\/wp-json\/wp\/v2\/product\/3076\/revisions"}],"predecessor-version":[{"id":16153,"href":"https:\/\/bavarian-bondage.de\/fr\/wp-json\/wp\/v2\/product\/3076\/revisions\/16153"}],"wp:featuredmedia":[{"embeddable":true,"href":"https:\/\/bavarian-bondage.de\/fr\/wp-json\/wp\/v2\/media\/8478"}],"wp:attachment":[{"href":"https:\/\/bavarian-bondage.de\/fr\/wp-json\/wp\/v2\/media?parent=3076"}],"wp:term":[{"taxonomy":"product_brand","embeddable":true,"href":"https:\/\/bavarian-bondage.de\/fr\/wp-json\/wp\/v2\/product_brand?post=3076"},{"taxonomy":"product_cat","embeddable":true,"href":"https:\/\/bavarian-bondage.de\/fr\/wp-json\/wp\/v2\/product_cat?post=3076"},{"taxonomy":"product_tag","embeddable":true,"href":"https:\/\/bavarian-bondage.de\/fr\/wp-json\/wp\/v2\/product_tag?post=3076"}],"curies":[{"name":"wp","href":"https:\/\/api.w.org\/{rel}","templated":true}]}}