{"id":3087,"date":"2020-10-17T12:54:15","date_gmt":"2020-10-17T10:54:15","guid":{"rendered":"https:\/\/bavarian-bondage.tivendo.com\/produkt\/import-placeholder-for-1519\/"},"modified":"2025-11-18T12:59:47","modified_gmt":"2025-11-18T11:59:47","slug":"jute-haut-de-gamme-4mm-ensemble-exclusif-3x8m","status":"publish","type":"product","link":"https:\/\/bavarian-bondage.de\/fr\/produkt\/high-class-jute-4mm-exklusiv-set-3x8m\/","title":{"rendered":"Jute haut de gamme 4mm EXCLUSIF\u00a0; Ensemble 3x8m"},"content":{"rendered":"<h3 style=\"text-align: center\">Jute haut de gamme 4mm EXCLUSIF<\/h3>\n<p style=\"text-align: center\">Id\u00e9al pour d\u00e9buter en tant que gr\u00e9eur ou pour agrandir un ensemble existant.<\/p>\n<p style=\"text-align: center\">M\u00eame lors de la production des cordes, une attention particuli\u00e8re est port\u00e9e \u00e0 la meilleure qualit\u00e9, ce qui est tr\u00e8s avantageux pour une utilisation ult\u00e9rieure. Les cordes sont ensuite trait\u00e9es et affin\u00e9es \u00e0 la main pour obtenir une douce finition blanche.<\/p>\n<p style=\"text-align: center\">Les extr\u00e9mit\u00e9s sont nou\u00e9es avec de petits n\u0153uds trisques, ce qui rend le nouage beaucoup plus facile.<\/p>\n<p>&nbsp;<\/p>\n<p><strong>D\u00e9tails:<\/strong><\/p>\n<p>Jute haut de gamme 4mm EXCLUSIF<br \/>\n3 arbres tourn\u00e9s<br \/>\nTon caramel clair<br \/>\nPetits noeuds de bout<br \/>\nLongueur : 3x8m<br \/>\n(La longueur de la corde peut varier jusqu&#039;\u00e0 3% par rapport \u00e0 la longueur sp\u00e9cifi\u00e9e.)<\/p>\n<p>&nbsp;<\/p>\n<p><span style=\"color: #ff0000\"><strong>Un avis :<\/strong><\/span><\/p>\n<p>V\u00e9rifiez r\u00e9guli\u00e8rement l&#039;usure et les dommages des cordes\u00a0!<br \/>\nSi les cordes sont battues ou tordues, elles peuvent se d\u00e9tacher pendant l&#039;utilisation !<br \/>\nNe lavez pas les cordes de jute. Il est pr\u00e9f\u00e9rable de nettoyer avec un chiffon humide.<\/p>\n<p>&nbsp;<\/p>\n<p><strong>Contenu de la livraison :<\/strong> 3x8m Jute haut de gamme 4mm EXCLUSIF<\/p>\n<p>&nbsp;<\/p>","protected":false},"excerpt":{"rendered":"<p>Prix de base : 2,33 \u20ac\/m<\/p>\n<p>D\u00e9lai de livraison : 5-7 jours*<\/p>","protected":false},"featured_media":8380,"template":"","meta":[],"product_brand":[],"product_cat":[349,216,222,294],"product_tag":[296,297,261],"class_list":{"0":"post-3087","1":"product","2":"type-product","3":"status-publish","4":"has-post-thumbnail","6":"product_cat-high-class-jute-4mm","7":"product_cat-bondageseile","8":"product_cat-alle-produkte","9":"product_cat-juteseile","10":"product_tag-high-class-jute","11":"product_tag-juteseil","12":"product_tag-bondageseil","14":"first","15":"instock","16":"taxable","17":"shipping-taxable","18":"purchasable","19":"product-type-simple"},"_links":{"self":[{"href":"https:\/\/bavarian-bondage.de\/fr\/wp-json\/wp\/v2\/product\/3087","targetHints":{"allow":["GET"]}}],"collection":[{"href":"https:\/\/bavarian-bondage.de\/fr\/wp-json\/wp\/v2\/product"}],"about":[{"href":"https:\/\/bavarian-bondage.de\/fr\/wp-json\/wp\/v2\/types\/product"}],"version-history":[{"count":5,"href":"https:\/\/bavarian-bondage.de\/fr\/wp-json\/wp\/v2\/product\/3087\/revisions"}],"predecessor-version":[{"id":16142,"href":"https:\/\/bavarian-bondage.de\/fr\/wp-json\/wp\/v2\/product\/3087\/revisions\/16142"}],"wp:featuredmedia":[{"embeddable":true,"href":"https:\/\/bavarian-bondage.de\/fr\/wp-json\/wp\/v2\/media\/8380"}],"wp:attachment":[{"href":"https:\/\/bavarian-bondage.de\/fr\/wp-json\/wp\/v2\/media?parent=3087"}],"wp:term":[{"taxonomy":"product_brand","embeddable":true,"href":"https:\/\/bavarian-bondage.de\/fr\/wp-json\/wp\/v2\/product_brand?post=3087"},{"taxonomy":"product_cat","embeddable":true,"href":"https:\/\/bavarian-bondage.de\/fr\/wp-json\/wp\/v2\/product_cat?post=3087"},{"taxonomy":"product_tag","embeddable":true,"href":"https:\/\/bavarian-bondage.de\/fr\/wp-json\/wp\/v2\/product_tag?post=3087"}],"curies":[{"name":"wp","href":"https:\/\/api.w.org\/{rel}","templated":true}]}}