{"id":3116,"date":"2020-10-17T12:57:25","date_gmt":"2020-10-17T10:57:25","guid":{"rendered":"https:\/\/bavarian-bondage.tivendo.com\/produkt\/import-placeholder-for-1719\/"},"modified":"2026-04-12T09:14:43","modified_gmt":"2026-04-12T07:14:43","slug":"shibaku-tome-1","status":"publish","type":"product","link":"https:\/\/bavarian-bondage.de\/fr\/produkt\/shibaku-band-1\/","title":{"rendered":"Shibaku tome 1"},"content":{"rendered":"<h2 style=\"text-align: center\">\u00a0Shibaku tome 1<\/h2>\n<h3 style=\"text-align: center\">BASES ET FONDAMENTAUX (Broch\u00e9)<\/h3>\n<p style=\"text-align: center\">Les principes fondamentaux du travail avec la corde et les mod\u00e8les sont pr\u00e9sent\u00e9s et d\u00e9crits en 11 chapitres. Diff\u00e9rents proc\u00e9d\u00e9s sont illustr\u00e9s \u00e9tape par \u00e9tape sur 176 pages comportant plus de 500 illustrations en couleur.<\/p>\n<p>&nbsp;<\/p>\n<p><strong>Les diff\u00e9rents chapitres\u00a0:<\/strong><\/p>\n<p><strong>Introduction<\/strong> \u2013 Attach\u00e9 avec une corde<br \/>\n<strong>\u00c9quipement de corde<\/strong> \u2013 La corde comme outil<br \/>\n<strong>Noeud dans la corde<\/strong> \u2013 Un petit noeud ABC<br \/>\n<strong>Techniques<\/strong> \u2013 \u00c9l\u00e9ments de base avec corde<br \/>\n<strong>Ficeler<\/strong> \u2013 Menottes aux mains et aux chevilles avec corde<br \/>\n<strong>Karada<\/strong> \u2013 Corde sous les v\u00eatements de tous les jours<br \/>\n<strong>La reliure<\/strong> \u2013 Corde sur le haut du corps sans restreindre les mouvements<br \/>\n<strong>haut du corps<\/strong> \u2013 Restriction de mouvement avec une corde<br \/>\n<strong>Takat\u00e9 Kote<\/strong> \u2013 Un Takate Kote avec deux cordes<br \/>\n<strong>Bas du corps<\/strong> \u2013 Corde sur le bas du corps<br \/>\n<strong>Conseils de bondage<\/strong> \u2013 Attach\u00e9 avec une corde \u2013 Et maintenant ?<\/p>\n<p>&nbsp;<\/p>\n<p><strong>D\u00e9tails:<\/strong><\/p>\n<p>Edit\u00e9 par : Peter Wettstein<br \/>\nReliure : Couverture souple<br \/>\nPages\u00a0: 176\u00a0pages<br \/>\nAuteur : Peter Wettstein<br \/>\nAnn\u00e9e : 2017<br \/>\nISBN\u00a0: 978-3-9524407-2-8<br \/>\n\u00e9dition allemande<\/p>\n<p><strong>Contenu de la livraison :<\/strong> Shibaku tome 1<\/p>\n<p>&nbsp;<\/p>\n<hr \/>\n<blockquote>\n<p style=\"text-align: center\"><span style=\"color: #333399\">\u00a0Les informations sur les produits sont fournies au meilleur de nos connaissances et convictions. Toutes les dimensions sont approximatives. L&#039;utilisation des produits propos\u00e9s ici dans la boutique est \u00e0 vos propres risques. Chaque personne r\u00e9agit diff\u00e9remment aux influences ext\u00e9rieures, au plaisir ou \u00e0 la douleur, etc. Par cons\u00e9quent, aucune responsabilit\u00e9 ne peut \u00eatre accept\u00e9e en cas d&#039;utilisation inappropri\u00e9e.  Chaque utilisateur assume l&#039;enti\u00e8re responsabilit\u00e9 de l&#039;utilisation ou de la bonne utilisation des produits et de ses cons\u00e9quences impr\u00e9visibles.<\/span><\/p>\n<\/blockquote>\n<p>&nbsp;<\/p>","protected":false},"excerpt":{"rendered":"<p>D\u00e9lai de livraison : 5-7 jours*<\/p>","protected":false},"featured_media":8502,"template":"","meta":[],"product_brand":[],"product_cat":[222,233,358],"product_tag":[359],"class_list":{"0":"post-3116","1":"product","2":"type-product","3":"status-publish","4":"has-post-thumbnail","6":"product_cat-alle-produkte","7":"product_cat-bondage-zubehoer","8":"product_cat-buecher","9":"product_tag-shibaku","11":"first","12":"instock","13":"taxable","14":"shipping-taxable","15":"purchasable","16":"product-type-simple"},"_links":{"self":[{"href":"https:\/\/bavarian-bondage.de\/fr\/wp-json\/wp\/v2\/product\/3116","targetHints":{"allow":["GET"]}}],"collection":[{"href":"https:\/\/bavarian-bondage.de\/fr\/wp-json\/wp\/v2\/product"}],"about":[{"href":"https:\/\/bavarian-bondage.de\/fr\/wp-json\/wp\/v2\/types\/product"}],"version-history":[{"count":4,"href":"https:\/\/bavarian-bondage.de\/fr\/wp-json\/wp\/v2\/product\/3116\/revisions"}],"predecessor-version":[{"id":16507,"href":"https:\/\/bavarian-bondage.de\/fr\/wp-json\/wp\/v2\/product\/3116\/revisions\/16507"}],"wp:featuredmedia":[{"embeddable":true,"href":"https:\/\/bavarian-bondage.de\/fr\/wp-json\/wp\/v2\/media\/8502"}],"wp:attachment":[{"href":"https:\/\/bavarian-bondage.de\/fr\/wp-json\/wp\/v2\/media?parent=3116"}],"wp:term":[{"taxonomy":"product_brand","embeddable":true,"href":"https:\/\/bavarian-bondage.de\/fr\/wp-json\/wp\/v2\/product_brand?post=3116"},{"taxonomy":"product_cat","embeddable":true,"href":"https:\/\/bavarian-bondage.de\/fr\/wp-json\/wp\/v2\/product_cat?post=3116"},{"taxonomy":"product_tag","embeddable":true,"href":"https:\/\/bavarian-bondage.de\/fr\/wp-json\/wp\/v2\/product_tag?post=3116"}],"curies":[{"name":"wp","href":"https:\/\/api.w.org\/{rel}","templated":true}]}}