{"id":3117,"date":"2020-10-17T12:57:25","date_gmt":"2020-10-17T10:57:25","guid":{"rendered":"https:\/\/bavarian-bondage.tivendo.com\/produkt\/import-placeholder-for-1720\/"},"modified":"2026-03-22T19:15:24","modified_gmt":"2026-03-22T18:15:24","slug":"shibaku-tome-2","status":"publish","type":"product","link":"https:\/\/bavarian-bondage.de\/fr\/produkt\/shibaku-band-2\/","title":{"rendered":"Shibaku tome 2"},"content":{"rendered":"<h2 style=\"text-align: center\">\u00a0Shibaku tome 2<\/h2>\n<h3 style=\"text-align: center\">Takate Kote et le haut du corps (Livre de poche)<\/h3>\n<p style=\"text-align: center\">Les guides-c\u00e2bles les plus importants sur le haut du corps sont pr\u00e9sent\u00e9s en 11 chapitres. En plus des diff\u00e9rentes versions de Takate-kote, celles-ci incluent \u00e9galement un Hishi-shibari, un Giai ou un Teppo. Les diff\u00e9rents processus sont pr\u00e9sent\u00e9s et d\u00e9crits \u00e9tape par \u00e9tape sur 176 pages avec plus de 450 illustrations en couleurs.<\/p>\n<p>&nbsp;<\/p>\n<p><strong>Les diff\u00e9rents chapitres\u00a0:<\/strong><\/p>\n<p><strong>Introduction<\/strong> \u2013 La signification du Takate kote<br \/>\n<strong>Takat\u00e9 Kote<\/strong> \u2013 Le classique selon Osada Ryu<br \/>\n<strong>Style occidental<\/strong> \u2013 Une interpr\u00e9tation<br \/>\n<strong>Rallonges<\/strong> \u2013 Corde restante et techniques de finition<br \/>\n<strong>Variantes<\/strong> \u2013 Id\u00e9es et possibilit\u00e9s<br \/>\n<strong>Hishi<\/strong> \u2013 Un Takate kote avec une robe en corde<br \/>\n<strong>Gyaku Gote Shibari<\/strong> \u2013 Bras crois\u00e9s devant le ventre<br \/>\n<strong>Jiai Shibari<\/strong> \u2013 Mains li\u00e9es devant la poitrine<br \/>\n<strong>Manche libellule<\/strong> \u2013 Une fixation de bras complexe<br \/>\n<strong>Teppou<\/strong> \u2013 Le fusil \u00e9paul\u00e9<br \/>\n<strong>Usagi<\/strong> \u2013 Les oreilles de lapin<\/p>\n<p>&nbsp;<\/p>\n<p><strong>D\u00e9tails:<\/strong><\/p>\n<p>Edit\u00e9 par : Peter Wettstein<br \/>\nReliure : Couverture souple<br \/>\nPages : 176<br \/>\nAuteur : Peter Wettstein<br \/>\nAnn\u00e9e : 2017<br \/>\nISBN\u00a0: 978-3-9524407-3-5<br \/>\n\u00e9dition allemande<\/p>\n<p><strong>Contenu de la livraison :<\/strong> Shibaku tome 2<\/p>\n<p>&nbsp;<\/p>\n<hr \/>\n<blockquote>\n<p style=\"text-align: center\"><span style=\"color: #333399\">\u00a0Les informations sur les produits sont fournies au meilleur de nos connaissances et convictions. Toutes les dimensions sont approximatives. L&#039;utilisation des produits propos\u00e9s ici dans la boutique est \u00e0 vos propres risques. Chaque personne r\u00e9agit diff\u00e9remment aux influences ext\u00e9rieures, au plaisir ou \u00e0 la douleur, etc. Par cons\u00e9quent, aucune responsabilit\u00e9 ne peut \u00eatre accept\u00e9e en cas d&#039;utilisation inappropri\u00e9e.  Chaque utilisateur assume l&#039;enti\u00e8re responsabilit\u00e9 de l&#039;utilisation ou de la bonne utilisation des produits et de ses cons\u00e9quences impr\u00e9visibles.<\/span><\/p>\n<\/blockquote>","protected":false},"excerpt":{"rendered":"<p>D\u00e9lai de livraison : 5-7 jours*<\/p>","protected":false},"featured_media":8503,"template":"","meta":[],"product_brand":[],"product_cat":[222,233,358],"product_tag":[359],"class_list":{"0":"post-3117","1":"product","2":"type-product","3":"status-publish","4":"has-post-thumbnail","6":"product_cat-alle-produkte","7":"product_cat-bondage-zubehoer","8":"product_cat-buecher","9":"product_tag-shibaku","11":"first","12":"instock","13":"taxable","14":"shipping-taxable","15":"purchasable","16":"product-type-simple"},"_links":{"self":[{"href":"https:\/\/bavarian-bondage.de\/fr\/wp-json\/wp\/v2\/product\/3117","targetHints":{"allow":["GET"]}}],"collection":[{"href":"https:\/\/bavarian-bondage.de\/fr\/wp-json\/wp\/v2\/product"}],"about":[{"href":"https:\/\/bavarian-bondage.de\/fr\/wp-json\/wp\/v2\/types\/product"}],"version-history":[{"count":3,"href":"https:\/\/bavarian-bondage.de\/fr\/wp-json\/wp\/v2\/product\/3117\/revisions"}],"predecessor-version":[{"id":15606,"href":"https:\/\/bavarian-bondage.de\/fr\/wp-json\/wp\/v2\/product\/3117\/revisions\/15606"}],"wp:featuredmedia":[{"embeddable":true,"href":"https:\/\/bavarian-bondage.de\/fr\/wp-json\/wp\/v2\/media\/8503"}],"wp:attachment":[{"href":"https:\/\/bavarian-bondage.de\/fr\/wp-json\/wp\/v2\/media?parent=3117"}],"wp:term":[{"taxonomy":"product_brand","embeddable":true,"href":"https:\/\/bavarian-bondage.de\/fr\/wp-json\/wp\/v2\/product_brand?post=3117"},{"taxonomy":"product_cat","embeddable":true,"href":"https:\/\/bavarian-bondage.de\/fr\/wp-json\/wp\/v2\/product_cat?post=3117"},{"taxonomy":"product_tag","embeddable":true,"href":"https:\/\/bavarian-bondage.de\/fr\/wp-json\/wp\/v2\/product_tag?post=3117"}],"curies":[{"name":"wp","href":"https:\/\/api.w.org\/{rel}","templated":true}]}}