{"id":3118,"date":"2020-10-17T12:57:25","date_gmt":"2020-10-17T10:57:25","guid":{"rendered":"https:\/\/bavarian-bondage.tivendo.com\/produkt\/import-placeholder-for-1722\/"},"modified":"2026-02-25T08:57:18","modified_gmt":"2026-02-25T07:57:18","slug":"shibaku-tome-3","status":"publish","type":"product","link":"https:\/\/bavarian-bondage.de\/fr\/produkt\/shibaku-band-3\/","title":{"rendered":"Shibaku tome 3"},"content":{"rendered":"<h2 style=\"text-align: center\">\u00a0Shibaku tome 3<\/h2>\n<h3 style=\"text-align: center\">D\u00e9coller et voler (Livre de poche)<\/h3>\n<p style=\"text-align: center\">Dans le troisi\u00e8me volume, les bases du semi- et de la suspension sont pr\u00e9sent\u00e9es et expliqu\u00e9es en 11 chapitres. En plus de diverses options de semi-suspension, cela comprend \u00e9galement des suspensions simples du Giri-Giri au Yoko-zuri. Les diff\u00e9rents processus sont repr\u00e9sent\u00e9s et d\u00e9crits \u00e9tape par \u00e9tape sur 176 pages avec d&#039;innombrables illustrations en couleurs.<\/p>\n<p>&nbsp;<\/p>\n<p><strong>Les diff\u00e9rents chapitres\u00a0:<\/strong><\/p>\n<p><strong>Introduction<\/strong> \u2013 Informations g\u00e9n\u00e9rales sur la semi-suspension et la suspension<br \/>\n<strong>S\u00e9curit\u00e9<\/strong> \u2013 Une suspension s\u00e9curitaire<br \/>\n<strong>L&#039;outil<\/strong> \u2013 Anneau, tube, mousqueton, corde et autres aides<br \/>\n<strong>Th\u00e9orie et pratique<\/strong> \u2013 Ce qu\u2019il faut prendre en compte<br \/>\n<strong>La fortification<\/strong> \u2013 Du point d\u2019ancrage au mod\u00e8le<br \/>\n<b>La transition <\/b>\u2013 Parties du corps en l\u2019air<br \/>\n<b>semi-suspension <\/b>\u2013 De Futomomo \u00e0 Strappado<br \/>\n<strong>Le chemin vers les airs<\/strong> \u2013 Avantages et inconv\u00e9nients d\u2019une suspension<br \/>\n<strong>Relever<\/strong> \u2013 De Girigiri \u00e0 Face cach\u00e9e<br \/>\n<strong>Voler<\/strong> \u2013 Yoko \u2013 zuri et harnais de hanche<br \/>\n<strong>Et maintenant ?<\/strong> \u2013 Avant pendant et apr\u00e8s la suspension<\/p>\n<p>&nbsp;<\/p>\n<p><strong>D\u00e9tails:<\/strong><\/p>\n<p>Edit\u00e9 par : Peter Wettstein<br \/>\nReliure : Couverture souple<br \/>\nPages : 176<br \/>\nAuteur : Peter Wettstein<br \/>\nAnn\u00e9e : 2019<br \/>\nISBN\u00a0: 978-3-9524407-2-8<br \/>\n\u00e9dition allemande<\/p>\n<p>&nbsp;<\/p>\n<p><strong>Contenu de la livraison :<\/strong> Shibaku tome 3<\/p>\n<p>&nbsp;<\/p>\n<p>&nbsp;<\/p>\n<hr \/>\n<blockquote>\n<p style=\"text-align: center\"><span style=\"color: #333399\">\u00a0Les informations sur les produits sont fournies au meilleur de nos connaissances et convictions. Toutes les dimensions sont approximatives. L&#039;utilisation des produits propos\u00e9s ici dans la boutique est \u00e0 vos propres risques. Chaque personne r\u00e9agit diff\u00e9remment aux influences ext\u00e9rieures, au plaisir ou \u00e0 la douleur, etc. Par cons\u00e9quent, aucune responsabilit\u00e9 ne peut \u00eatre accept\u00e9e en cas d&#039;utilisation inappropri\u00e9e.  Chaque utilisateur assume l&#039;enti\u00e8re responsabilit\u00e9 de l&#039;utilisation ou de la bonne utilisation des produits et de ses cons\u00e9quences impr\u00e9visibles.<\/span><\/p>\n<\/blockquote>","protected":false},"excerpt":{"rendered":"<p>D\u00e9lai de livraison : 5-7 jours*<\/p>","protected":false},"featured_media":8507,"template":"","meta":[],"product_brand":[],"product_cat":[222,233,358],"product_tag":[],"class_list":{"0":"post-3118","1":"product","2":"type-product","3":"status-publish","4":"has-post-thumbnail","6":"product_cat-alle-produkte","7":"product_cat-bondage-zubehoer","8":"product_cat-buecher","10":"first","11":"instock","12":"taxable","13":"shipping-taxable","14":"purchasable","15":"product-type-simple"},"_links":{"self":[{"href":"https:\/\/bavarian-bondage.de\/fr\/wp-json\/wp\/v2\/product\/3118","targetHints":{"allow":["GET"]}}],"collection":[{"href":"https:\/\/bavarian-bondage.de\/fr\/wp-json\/wp\/v2\/product"}],"about":[{"href":"https:\/\/bavarian-bondage.de\/fr\/wp-json\/wp\/v2\/types\/product"}],"version-history":[{"count":4,"href":"https:\/\/bavarian-bondage.de\/fr\/wp-json\/wp\/v2\/product\/3118\/revisions"}],"predecessor-version":[{"id":15607,"href":"https:\/\/bavarian-bondage.de\/fr\/wp-json\/wp\/v2\/product\/3118\/revisions\/15607"}],"wp:featuredmedia":[{"embeddable":true,"href":"https:\/\/bavarian-bondage.de\/fr\/wp-json\/wp\/v2\/media\/8507"}],"wp:attachment":[{"href":"https:\/\/bavarian-bondage.de\/fr\/wp-json\/wp\/v2\/media?parent=3118"}],"wp:term":[{"taxonomy":"product_brand","embeddable":true,"href":"https:\/\/bavarian-bondage.de\/fr\/wp-json\/wp\/v2\/product_brand?post=3118"},{"taxonomy":"product_cat","embeddable":true,"href":"https:\/\/bavarian-bondage.de\/fr\/wp-json\/wp\/v2\/product_cat?post=3118"},{"taxonomy":"product_tag","embeddable":true,"href":"https:\/\/bavarian-bondage.de\/fr\/wp-json\/wp\/v2\/product_tag?post=3118"}],"curies":[{"name":"wp","href":"https:\/\/api.w.org\/{rel}","templated":true}]}}