{"id":3130,"date":"2020-10-17T12:57:33","date_gmt":"2020-10-17T10:57:33","guid":{"rendered":"https:\/\/bavarian-bondage.tivendo.com\/produkt\/import-placeholder-for-2112\/"},"modified":"2026-03-30T16:57:53","modified_gmt":"2026-03-30T14:57:53","slug":"shibaku-tome-1-3","status":"publish","type":"product","link":"https:\/\/bavarian-bondage.de\/fr\/produkt\/shibaku-band-1-3\/","title":{"rendered":"Shibaku Tome 1 \u2013 3"},"content":{"rendered":"<h2 style=\"text-align: center\">Shibaku Tome 1 \u2013 3<\/h2>\n<p>&nbsp;<\/p>\n<p style=\"text-align: center\">Aper\u00e7u:<\/p>\n<h2 style=\"text-align: center\">Shibaku tome 1<\/h2>\n<h3 style=\"text-align: center\">BASES ET FONDAMENTAUX (Broch\u00e9)<\/h3>\n<p style=\"text-align: center\">Les bases de l&#039;utilisation des cordes et des mod\u00e8les sont pr\u00e9sent\u00e9es et d\u00e9crites en 11 chapitres. Diff\u00e9rents processus sont pr\u00e9sent\u00e9s \u00e9tape par \u00e9tape sur 176 pages avec plus de 500 illustrations en couleurs.<\/p>\n<p>&nbsp;<\/p>\n<p><strong>Les diff\u00e9rents chapitres\u00a0:<\/strong><\/p>\n<p><strong>Introduction<\/strong> \u2013 Attach\u00e9 avec une corde<br \/>\n<strong>\u00c9quipement de corde<\/strong> \u2013 La corde comme outil<br \/>\n<strong>Noeud dans la corde<\/strong> \u2013 Un petit noeud ABC<br \/>\n<strong>Techniques<\/strong> \u2013 \u00c9l\u00e9ments de base avec corde<br \/>\n<strong>Ficeler<\/strong> \u2013 Menottes aux mains et aux chevilles avec corde<br \/>\n<strong>Karada<\/strong> \u2013 Corde sous les v\u00eatements de tous les jours<br \/>\n<strong>La reliure<\/strong> \u2013 Corde sur le haut du corps sans restreindre les mouvements<br \/>\n<strong>haut du corps<\/strong> \u2013 Restriction de mouvement avec une corde<br \/>\n<strong>Takat\u00e9 Kote<\/strong> \u2013 Un Takate Kote avec deux cordes<br \/>\n<strong>Bas du corps<\/strong> \u2013 Corde sur le bas du corps<br \/>\n<strong>Conseils de bondage<\/strong> \u2013 Attach\u00e9 avec une corde \u2013 Et maintenant ?<\/p>\n<p>&nbsp;<\/p>\n<p><strong>D\u00e9tails:<\/strong><\/p>\n<p>Edit\u00e9 par : Peter Wettstein<br \/>\nReliure : Couverture souple<br \/>\nPages\u00a0: 176\u00a0pages<br \/>\nAuteur : Peter Wettstein<br \/>\nAnn\u00e9e : 2016<br \/>\nISBN\u00a0: 978-3-9524407-2-8<br \/>\n\u00e9dition allemande<\/p>\n<hr \/>\n<h2 style=\"text-align: center\">\u00a0Shibaku tome 2<\/h2>\n<h3 style=\"text-align: center\">Takate Kote et le haut du corps (Livre de poche)<\/h3>\n<p style=\"text-align: center\">Les guides-c\u00e2bles les plus importants sur le haut du corps sont pr\u00e9sent\u00e9s en 11 chapitres. En plus des diff\u00e9rentes versions de Takate-kote, celles-ci incluent \u00e9galement un Hishi-shibari, un Giai ou un Teppo. Les diff\u00e9rents processus sont pr\u00e9sent\u00e9s et d\u00e9crits \u00e9tape par \u00e9tape sur 176 pages avec plus de 450 illustrations en couleurs.<\/p>\n<p>&nbsp;<\/p>\n<p><strong>Les diff\u00e9rents chapitres\u00a0:<\/strong><\/p>\n<p><strong>Introduction<\/strong> \u2013 La signification du Takate kote<br \/>\n<strong>Takat\u00e9 Kote<\/strong> \u2013 Le classique selon Osada Ryu<br \/>\n<strong>Style occidental<\/strong> \u2013 Une interpr\u00e9tation<br \/>\n<strong>Rallonges<\/strong> \u2013 Corde restante et techniques de finition<br \/>\n<strong>Variantes<\/strong> \u2013 Id\u00e9es et possibilit\u00e9s<br \/>\n<strong>Hishi<\/strong> \u2013 Un Takate kote avec une robe en corde<br \/>\n<strong>Gyaku Gote Shibari<\/strong> \u2013 Bras crois\u00e9s devant le ventre<br \/>\n<strong>Jiai Shibari<\/strong> \u2013 Mains li\u00e9es devant la poitrine<br \/>\n<strong>Manche libellule<\/strong> \u2013 Une fixation de bras complexe<br \/>\n<strong>Teppou<\/strong> \u2013 Le fusil \u00e9paul\u00e9<br \/>\n<strong>Usagi<\/strong> \u2013 Les oreilles de lapin<\/p>\n<p>&nbsp;<\/p>\n<p><strong>D\u00e9tails:<\/strong><\/p>\n<p>Edit\u00e9 par : Peter Wettstein<br \/>\nReliure : Couverture souple<br \/>\nPages : 176<br \/>\nAuteur : Peter Wettstein<br \/>\nAnn\u00e9e : 2017<br \/>\nISBN\u00a0: 978-3-9524407-3-5<br \/>\n\u00e9dition allemande<\/p>\n<hr \/>\n<h2 style=\"text-align: center\">\u00a0Shibaku tome 3<\/h2>\n<h3 style=\"text-align: center\">D\u00e9coller et voler (Livre de poche)<\/h3>\n<p style=\"text-align: center\">Dans le troisi\u00e8me volume, les bases du semi- et de la suspension sont pr\u00e9sent\u00e9es et expliqu\u00e9es en 11 chapitres. En plus de diverses options de semi-suspension, cela comprend \u00e9galement des suspensions simples du Giri-Giri au Yoko-zuri. Les diff\u00e9rents processus sont repr\u00e9sent\u00e9s et d\u00e9crits \u00e9tape par \u00e9tape sur 176 pages avec d&#039;innombrables illustrations en couleurs.<\/p>\n<p>&nbsp;<\/p>\n<p><strong>Les diff\u00e9rents chapitres\u00a0:<\/strong><\/p>\n<p><strong>Introduction<\/strong> \u2013 Informations g\u00e9n\u00e9rales sur la semi-suspension et la suspension<br \/>\n<strong>S\u00e9curit\u00e9<\/strong> \u2013 Une suspension s\u00e9curitaire<br \/>\n<strong>L&#039;outil<\/strong> \u2013 Anneau, tube, mousqueton, corde et autres aides<br \/>\n<strong>Th\u00e9orie et pratique<\/strong> \u2013 Ce qu\u2019il faut prendre en compte<br \/>\n<strong>La fortification<\/strong> \u2013 Du point d\u2019ancrage au mod\u00e8le<br \/>\n<b>La transition <\/b>\u2013 Parties du corps en l\u2019air<br \/>\n<b>semi-suspension <\/b>\u2013 De Futomomo \u00e0 Strappado<br \/>\n<strong>Le chemin vers les airs<\/strong> \u2013 Avantages et inconv\u00e9nients d\u2019une suspension<br \/>\n<strong>Relever<\/strong> \u2013 De Girigiri \u00e0 Face cach\u00e9e<br \/>\n<strong>Voler<\/strong> \u2013 Yoko \u2013 zuri et harnais de hanche<br \/>\n<strong>Et maintenant ?<\/strong> \u2013 Avant pendant et apr\u00e8s la suspension<\/p>\n<p>&nbsp;<\/p>\n<p><strong>D\u00e9tails:<\/strong><\/p>\n<p>Edit\u00e9 par : Peter Wettstein<br \/>\nReliure : Couverture souple<br \/>\nPages : 176<br \/>\nAuteur : Peter Wettstein<br \/>\nAnn\u00e9e : 2019<br \/>\nISBN\u00a0: 978-3-9524407-2-8<br \/>\n\u00e9dition allemande<\/p>\n<p>&nbsp;<\/p>\n<p><strong>Contenu de la livraison :<\/strong> Shibaku tomes 1, 2 et 3<\/p>\n<p>&nbsp;<\/p>\n<p>&nbsp;<\/p>\n<hr \/>\n<blockquote>\n<p style=\"text-align: center\"><span style=\"color: #333399\">\u00a0Les informations sur les produits sont fournies au meilleur de nos connaissances et convictions. Toutes les dimensions sont approximatives. L&#039;utilisation des produits propos\u00e9s ici dans la boutique est \u00e0 vos propres risques. Chaque personne r\u00e9agit diff\u00e9remment aux influences ext\u00e9rieures, au plaisir ou \u00e0 la douleur, etc. Par cons\u00e9quent, aucune responsabilit\u00e9 ne peut \u00eatre accept\u00e9e en cas d&#039;utilisation inappropri\u00e9e.  Chaque utilisateur assume l&#039;enti\u00e8re responsabilit\u00e9 de l&#039;utilisation ou de la bonne utilisation des produits et de ses cons\u00e9quences impr\u00e9visibles.<\/span><\/p>\n<\/blockquote>","protected":false},"excerpt":{"rendered":"<p>D\u00e9lai de livraison : 5-7 jours*<\/p>","protected":false},"featured_media":8501,"template":"","meta":[],"product_brand":[],"product_cat":[222,358],"product_tag":[],"class_list":{"0":"post-3130","1":"product","2":"type-product","3":"status-publish","4":"has-post-thumbnail","6":"product_cat-alle-produkte","7":"product_cat-buecher","9":"first","10":"instock","11":"taxable","12":"shipping-taxable","13":"purchasable","14":"product-type-simple"},"_links":{"self":[{"href":"https:\/\/bavarian-bondage.de\/fr\/wp-json\/wp\/v2\/product\/3130","targetHints":{"allow":["GET"]}}],"collection":[{"href":"https:\/\/bavarian-bondage.de\/fr\/wp-json\/wp\/v2\/product"}],"about":[{"href":"https:\/\/bavarian-bondage.de\/fr\/wp-json\/wp\/v2\/types\/product"}],"version-history":[{"count":4,"href":"https:\/\/bavarian-bondage.de\/fr\/wp-json\/wp\/v2\/product\/3130\/revisions"}],"predecessor-version":[{"id":5183,"href":"https:\/\/bavarian-bondage.de\/fr\/wp-json\/wp\/v2\/product\/3130\/revisions\/5183"}],"wp:featuredmedia":[{"embeddable":true,"href":"https:\/\/bavarian-bondage.de\/fr\/wp-json\/wp\/v2\/media\/8501"}],"wp:attachment":[{"href":"https:\/\/bavarian-bondage.de\/fr\/wp-json\/wp\/v2\/media?parent=3130"}],"wp:term":[{"taxonomy":"product_brand","embeddable":true,"href":"https:\/\/bavarian-bondage.de\/fr\/wp-json\/wp\/v2\/product_brand?post=3130"},{"taxonomy":"product_cat","embeddable":true,"href":"https:\/\/bavarian-bondage.de\/fr\/wp-json\/wp\/v2\/product_cat?post=3130"},{"taxonomy":"product_tag","embeddable":true,"href":"https:\/\/bavarian-bondage.de\/fr\/wp-json\/wp\/v2\/product_tag?post=3130"}],"curies":[{"name":"wp","href":"https:\/\/api.w.org\/{rel}","templated":true}]}}