{"id":3133,"date":"2020-10-17T12:57:33","date_gmt":"2020-10-17T10:57:33","guid":{"rendered":"https:\/\/bavarian-bondage.tivendo.com\/produkt\/import-placeholder-for-2329\/"},"modified":"2025-09-17T20:48:09","modified_gmt":"2025-09-17T18:48:09","slug":"anneau-de-bondage-triskele-erable","status":"publish","type":"product","link":"https:\/\/bavarian-bondage.de\/fr\/produkt\/bondagering-triskele-ahorn\/","title":{"rendered":"Anneau de bondage triskele \u00e9rable"},"content":{"rendered":"<h3 style=\"text-align: center\">Anneau de bondage triskele en \u00e9rable<\/h3>\n<p style=\"text-align: center\">Le triskelion est connu comme un \u00e9l\u00e9ment distinctif de la sc\u00e8ne BDSM et le motif est \u00e9galement tr\u00e8s courant dans les anneaux de bondage. L&#039;anneau est en \u00e9rable et compl\u00e9t\u00e9 par un noyau en acier de 10 x 10 mm.<\/p>\n<p style=\"text-align: center\">Remarque : Bien que le bois soit un mat\u00e9riau extr\u00eamement stable, il ne peut pas \u00eatre compar\u00e9 \u00e0 la r\u00e9sistance du m\u00e9tal. En particulier lors du bondage en suspension et notamment lors du soul\u00e8vement, de l\u00e9g\u00e8res entailles dans le bois peuvent se produire \u2013 celles-ci n&#039;affectent bien s\u00fbr pas la stabilit\u00e9 de l&#039;anneau.<\/p>\n<p>&nbsp;<\/p>\n<p><strong>D\u00e9tails:<\/strong><\/p>\n<p>Diam\u00e8tre ext\u00e9rieur : 240 mm<br \/>\nDiam\u00e8tre int\u00e9rieur : 180 mm<br \/>\n\u00c9paisseur du mat\u00e9riau : 30 mm<br \/>\nPoids : environ 900g<br \/>\nMat\u00e9riau : bois d&#039;\u00e9rable, noyau en acier 10 x 10 mm<\/p>\n<p>&nbsp;<\/p>\n<p><strong>Contenu de la livraison :<\/strong> 1 anneau de bondage en \u00e9rable avec noyau en acier<\/p>\n<p>&nbsp;<\/p>\n<p>&nbsp;<\/p>\n<hr \/>\n<blockquote>\n<p style=\"text-align: center\"><span style=\"color: #333399\">Les informations sur les produits sont fournies au meilleur de nos connaissances et convictions. Toutes les dimensions sont approximatives. L&#039;utilisation des produits propos\u00e9s ici dans la boutique est \u00e0 vos propres risques. Chaque personne r\u00e9agit diff\u00e9remment aux influences ext\u00e9rieures, au plaisir ou \u00e0 la douleur, etc. Par cons\u00e9quent, aucune responsabilit\u00e9 ne peut \u00eatre accept\u00e9e en cas d&#039;utilisation inappropri\u00e9e.  Chaque utilisateur assume l&#039;enti\u00e8re responsabilit\u00e9 de l&#039;utilisation ou de la bonne utilisation des produits et de ses cons\u00e9quences impr\u00e9visibles.<\/span><\/p>\n<\/blockquote>","protected":false},"excerpt":{"rendered":"<p>D\u00e9lai de livraison : 5-7 jours*<\/p>","protected":false},"featured_media":8094,"template":"","meta":[],"product_brand":[],"product_cat":[222,234],"product_tag":[],"class_list":{"0":"post-3133","1":"product","2":"type-product","3":"status-publish","4":"has-post-thumbnail","6":"product_cat-alle-produkte","7":"product_cat-ringe","9":"first","10":"outofstock","11":"taxable","12":"shipping-taxable","13":"purchasable","14":"product-type-simple"},"_links":{"self":[{"href":"https:\/\/bavarian-bondage.de\/fr\/wp-json\/wp\/v2\/product\/3133","targetHints":{"allow":["GET"]}}],"collection":[{"href":"https:\/\/bavarian-bondage.de\/fr\/wp-json\/wp\/v2\/product"}],"about":[{"href":"https:\/\/bavarian-bondage.de\/fr\/wp-json\/wp\/v2\/types\/product"}],"version-history":[{"count":5,"href":"https:\/\/bavarian-bondage.de\/fr\/wp-json\/wp\/v2\/product\/3133\/revisions"}],"predecessor-version":[{"id":15095,"href":"https:\/\/bavarian-bondage.de\/fr\/wp-json\/wp\/v2\/product\/3133\/revisions\/15095"}],"wp:featuredmedia":[{"embeddable":true,"href":"https:\/\/bavarian-bondage.de\/fr\/wp-json\/wp\/v2\/media\/8094"}],"wp:attachment":[{"href":"https:\/\/bavarian-bondage.de\/fr\/wp-json\/wp\/v2\/media?parent=3133"}],"wp:term":[{"taxonomy":"product_brand","embeddable":true,"href":"https:\/\/bavarian-bondage.de\/fr\/wp-json\/wp\/v2\/product_brand?post=3133"},{"taxonomy":"product_cat","embeddable":true,"href":"https:\/\/bavarian-bondage.de\/fr\/wp-json\/wp\/v2\/product_cat?post=3133"},{"taxonomy":"product_tag","embeddable":true,"href":"https:\/\/bavarian-bondage.de\/fr\/wp-json\/wp\/v2\/product_tag?post=3133"}],"curies":[{"name":"wp","href":"https:\/\/api.w.org\/{rel}","templated":true}]}}