{"id":4515,"date":"2021-01-02T17:39:08","date_gmt":"2021-01-02T16:39:08","guid":{"rendered":"https:\/\/bavarian-bondage.de\/?post_type=product&#038;p=4515"},"modified":"2025-05-27T11:32:49","modified_gmt":"2025-05-27T09:32:49","slug":"fouet-a-corde-long","status":"publish","type":"product","link":"https:\/\/bavarian-bondage.de\/fr\/produkt\/seilpeitsche-lang\/","title":{"rendered":"Fouet \u00e0 corde long"},"content":{"rendered":"<h3 style=\"text-align: center\">Fouet \u00e0 longue corde<\/h3>\n<p style=\"text-align: center\">Le fouet \u00e0 corde est l&#039;accessoire parfait pour votre s\u00e9ance de bondage. Il est compos\u00e9 d&#039;une vingtaine de brins constitu\u00e9s de cordes de chanvre de 4 mm d&#039;\u00e9paisseur et ferm\u00e9s par des petits n\u0153uds trisk. La poign\u00e9e en acier inoxydable et les deux \u00e9l\u00e9ments en noyer assurent un look \u00e9l\u00e9gant.<\/p>\n<p><strong>D\u00e9tails:<\/strong><\/p>\n<p>Mat\u00e9riau : bois, corde de chanvre, acier inoxydable<br \/>\nLongueur : environ 80 cm<br \/>\nDiam\u00e8tre poign\u00e9e: 22mm<\/p>\n<p>&nbsp;<\/p>\n<p><strong>Contenu de la livraison :<\/strong> fouet \u00e0 corde long; Couleur s\u00e9lectionnable<\/p>\n<p>&nbsp;<\/p>\n<hr \/>\n<blockquote>\n<p style=\"text-align: center\"><span style=\"color: #333399\">Les informations sur les produits sont fournies au meilleur de nos connaissances et convictions. Toutes les dimensions sont approximatives. L&#039;utilisation des produits propos\u00e9s ici dans la boutique est \u00e0 vos propres risques. Chaque personne r\u00e9agit diff\u00e9remment aux influences ext\u00e9rieures, au plaisir ou \u00e0 la douleur, etc. Par cons\u00e9quent, aucune responsabilit\u00e9 ne peut \u00eatre accept\u00e9e en cas d&#039;utilisation inappropri\u00e9e.  Chaque utilisateur assume l&#039;enti\u00e8re responsabilit\u00e9 de l&#039;utilisation ou de la bonne utilisation des produits et de ses cons\u00e9quences impr\u00e9visibles.<\/span><\/p>\n<\/blockquote>","protected":false},"excerpt":{"rendered":"<p>D\u00e9lai de livraison : 5-7 jours*<\/p>","protected":false},"featured_media":14068,"template":"","meta":[],"product_brand":[],"product_cat":[224,252],"product_tag":[],"class_list":{"0":"post-4515","1":"product","2":"type-product","3":"status-publish","4":"has-post-thumbnail","6":"product_cat-lustschmerz","7":"product_cat-peitschen-gerten","9":"first","10":"instock","11":"taxable","12":"shipping-taxable","13":"purchasable","14":"product-type-variable"},"_links":{"self":[{"href":"https:\/\/bavarian-bondage.de\/fr\/wp-json\/wp\/v2\/product\/4515","targetHints":{"allow":["GET"]}}],"collection":[{"href":"https:\/\/bavarian-bondage.de\/fr\/wp-json\/wp\/v2\/product"}],"about":[{"href":"https:\/\/bavarian-bondage.de\/fr\/wp-json\/wp\/v2\/types\/product"}],"version-history":[{"count":7,"href":"https:\/\/bavarian-bondage.de\/fr\/wp-json\/wp\/v2\/product\/4515\/revisions"}],"predecessor-version":[{"id":14072,"href":"https:\/\/bavarian-bondage.de\/fr\/wp-json\/wp\/v2\/product\/4515\/revisions\/14072"}],"wp:featuredmedia":[{"embeddable":true,"href":"https:\/\/bavarian-bondage.de\/fr\/wp-json\/wp\/v2\/media\/14068"}],"wp:attachment":[{"href":"https:\/\/bavarian-bondage.de\/fr\/wp-json\/wp\/v2\/media?parent=4515"}],"wp:term":[{"taxonomy":"product_brand","embeddable":true,"href":"https:\/\/bavarian-bondage.de\/fr\/wp-json\/wp\/v2\/product_brand?post=4515"},{"taxonomy":"product_cat","embeddable":true,"href":"https:\/\/bavarian-bondage.de\/fr\/wp-json\/wp\/v2\/product_cat?post=4515"},{"taxonomy":"product_tag","embeddable":true,"href":"https:\/\/bavarian-bondage.de\/fr\/wp-json\/wp\/v2\/product_tag?post=4515"}],"curies":[{"name":"wp","href":"https:\/\/api.w.org\/{rel}","templated":true}]}}