{"id":4524,"date":"2021-01-02T17:54:38","date_gmt":"2021-01-02T16:54:38","guid":{"rendered":"https:\/\/bavarian-bondage.de\/?post_type=product&#038;p=4524"},"modified":"2026-02-16T18:45:07","modified_gmt":"2026-02-16T17:45:07","slug":"fouet-a-corde","status":"publish","type":"product","link":"https:\/\/bavarian-bondage.de\/fr\/produkt\/seil-striemenpeitsche\/","title":{"rendered":"Fouet \u00e0 corde"},"content":{"rendered":"<h3 style=\"text-align: center\">Fouet \u00e0 corde<\/h3>\n<p style=\"text-align: center\">Contrairement aux fouets en corde avec n\u0153uds, les fouets en corde sont fabriqu\u00e9s \u00e0 partir d&#039;une corde de chanvre fine de 3 mm et ont des capuchons en caoutchouc aux extr\u00e9mit\u00e9s de la corde. En combinaison avec une longueur totale de 70 cm et les 20 brins, le fouet provoque une douleur aigu\u00eb et plut\u00f4t br\u00fblante, semblable aux fouets. Comme leur nom l\u2019indique, les marques sont pratiquement in\u00e9vitables !<\/p>\n<p><strong>D\u00e9tails:<\/strong><\/p>\n<p>Mat\u00e9riel: bois, corde de chanvre, acier inoxydable, caoutchouc<br \/>\nLongueur : environ 70 cm<br \/>\nDiam\u00e8tre poign\u00e9e: 22mm<\/p>\n<p><strong>Contenu de la livraison :<\/strong> fouet \u00e0 corde; Couleur s\u00e9lectionnable<\/p>\n<p>&nbsp;<\/p>\n<hr \/>\n<blockquote>\n<p style=\"text-align: center\"><span style=\"color: #333399\">Les informations sur les produits sont fournies au meilleur de nos connaissances et convictions. Toutes les dimensions sont approximatives. L&#039;utilisation des produits propos\u00e9s ici dans la boutique est \u00e0 vos propres risques. Chaque personne r\u00e9agit diff\u00e9remment aux influences ext\u00e9rieures, au plaisir ou \u00e0 la douleur, etc. Par cons\u00e9quent, aucune responsabilit\u00e9 ne peut \u00eatre accept\u00e9e en cas d&#039;utilisation inappropri\u00e9e.  Chaque utilisateur assume l&#039;enti\u00e8re responsabilit\u00e9 de l&#039;utilisation ou de la bonne utilisation des produits et de ses cons\u00e9quences impr\u00e9visibles.<\/span><\/p>\n<\/blockquote>","protected":false},"excerpt":{"rendered":"<p>D\u00e9lai de livraison : 5-7 jours*<\/p>","protected":false},"featured_media":10295,"template":"","meta":[],"product_brand":[],"product_cat":[252,224],"product_tag":[],"class_list":{"0":"post-4524","1":"product","2":"type-product","3":"status-publish","4":"has-post-thumbnail","6":"product_cat-peitschen-gerten","7":"product_cat-lustschmerz","9":"first","10":"instock","11":"taxable","12":"shipping-taxable","13":"purchasable","14":"product-type-variable"},"_links":{"self":[{"href":"https:\/\/bavarian-bondage.de\/fr\/wp-json\/wp\/v2\/product\/4524","targetHints":{"allow":["GET"]}}],"collection":[{"href":"https:\/\/bavarian-bondage.de\/fr\/wp-json\/wp\/v2\/product"}],"about":[{"href":"https:\/\/bavarian-bondage.de\/fr\/wp-json\/wp\/v2\/types\/product"}],"version-history":[{"count":4,"href":"https:\/\/bavarian-bondage.de\/fr\/wp-json\/wp\/v2\/product\/4524\/revisions"}],"predecessor-version":[{"id":13980,"href":"https:\/\/bavarian-bondage.de\/fr\/wp-json\/wp\/v2\/product\/4524\/revisions\/13980"}],"wp:featuredmedia":[{"embeddable":true,"href":"https:\/\/bavarian-bondage.de\/fr\/wp-json\/wp\/v2\/media\/10295"}],"wp:attachment":[{"href":"https:\/\/bavarian-bondage.de\/fr\/wp-json\/wp\/v2\/media?parent=4524"}],"wp:term":[{"taxonomy":"product_brand","embeddable":true,"href":"https:\/\/bavarian-bondage.de\/fr\/wp-json\/wp\/v2\/product_brand?post=4524"},{"taxonomy":"product_cat","embeddable":true,"href":"https:\/\/bavarian-bondage.de\/fr\/wp-json\/wp\/v2\/product_cat?post=4524"},{"taxonomy":"product_tag","embeddable":true,"href":"https:\/\/bavarian-bondage.de\/fr\/wp-json\/wp\/v2\/product_tag?post=4524"}],"curies":[{"name":"wp","href":"https:\/\/api.w.org\/{rel}","templated":true}]}}