{"id":4534,"date":"2021-01-02T18:04:43","date_gmt":"2021-01-02T17:04:43","guid":{"rendered":"https:\/\/bavarian-bondage.de\/?post_type=product&#038;p=4534"},"modified":"2025-09-29T17:18:29","modified_gmt":"2025-09-29T15:18:29","slug":"pivotant-noir-or","status":"publish","type":"product","link":"https:\/\/bavarian-bondage.de\/fr\/produkt\/drehwirbel-schwarz-gold\/","title":{"rendered":"Pivotant noir et dor\u00e9"},"content":{"rendered":"<h3 style=\"text-align: center\">Pivotant noir et dor\u00e9<\/h3>\n<p style=\"text-align: center\">Le pivot, \u00e9galement connu sous le nom de pivot, fait de chaque bondage suspendu une exp\u00e9rience encore plus grande. Le pivot est mont\u00e9 sur roulement \u00e0 billes et poss\u00e8de une capacit\u00e9 de charge \u00e9lev\u00e9e malgr\u00e9 sa petite taille. Gr\u00e2ce aux roulements \u00e0 billes int\u00e9gr\u00e9s, il peut tourner tr\u00e8s rapidement, silencieusement et presque sans r\u00e9sistance.<\/p>\n<p style=\"text-align: center\">Pour \u00e9viter qu&#039;il ne tourne, il suffit de tirer une ou deux fois une corde \u00e0 travers les deux ouvertures.<\/p>\n<p><strong>D\u00e9tails:<\/strong><\/p>\n<p>Taille: L 10,5 cm \/ L 4,2 cm<br \/>\nDiam\u00e8tre des ouvertures : 3,5 cm x 3,0 cm<br \/>\n\u00c9paisseur du mat\u00e9riau : environ 1 cm<br \/>\nCapacit\u00e9 de charge : 30KN<br \/>\nMat\u00e9riau : aluminium<br \/>\nCouleur: noir\/or<br \/>\nPoids : 130g<br \/>\nEN354:2002<br \/>\nEN365:2005<\/p>\n<p>&nbsp;<\/p>\n<p><strong>Contenu de la livraison :<\/strong> \u00c9merillon pivotant noir-or 30KN<\/p>\n<p>&nbsp;<\/p>\n<hr \/>\n<blockquote>\n<p style=\"text-align: center\"><span style=\"color: #333399\">Les informations sur les produits sont fournies au meilleur de nos connaissances et convictions. Toutes les dimensions sont approximatives. L&#039;utilisation des produits propos\u00e9s ici dans la boutique est \u00e0 vos propres risques. Chaque personne r\u00e9agit diff\u00e9remment aux influences ext\u00e9rieures, au plaisir ou \u00e0 la douleur, etc. Par cons\u00e9quent, aucune responsabilit\u00e9 ne peut \u00eatre accept\u00e9e en cas d&#039;utilisation inappropri\u00e9e.  Chaque utilisateur assume l&#039;enti\u00e8re responsabilit\u00e9 de l&#039;utilisation ou de la bonne utilisation des produits et de ses cons\u00e9quences impr\u00e9visibles.<\/span><\/p>\n<\/blockquote>","protected":false},"excerpt":{"rendered":"<p>D\u00e9lai de livraison : 5-7 jours*<\/p>","protected":false},"featured_media":8172,"template":"","meta":[],"product_brand":[],"product_cat":[223],"product_tag":[],"class_list":{"0":"post-4534","1":"product","2":"type-product","3":"status-publish","4":"has-post-thumbnail","6":"product_cat-zubehoer","8":"first","9":"instock","10":"taxable","11":"shipping-taxable","12":"purchasable","13":"product-type-simple"},"_links":{"self":[{"href":"https:\/\/bavarian-bondage.de\/fr\/wp-json\/wp\/v2\/product\/4534","targetHints":{"allow":["GET"]}}],"collection":[{"href":"https:\/\/bavarian-bondage.de\/fr\/wp-json\/wp\/v2\/product"}],"about":[{"href":"https:\/\/bavarian-bondage.de\/fr\/wp-json\/wp\/v2\/types\/product"}],"version-history":[{"count":4,"href":"https:\/\/bavarian-bondage.de\/fr\/wp-json\/wp\/v2\/product\/4534\/revisions"}],"predecessor-version":[{"id":14350,"href":"https:\/\/bavarian-bondage.de\/fr\/wp-json\/wp\/v2\/product\/4534\/revisions\/14350"}],"wp:featuredmedia":[{"embeddable":true,"href":"https:\/\/bavarian-bondage.de\/fr\/wp-json\/wp\/v2\/media\/8172"}],"wp:attachment":[{"href":"https:\/\/bavarian-bondage.de\/fr\/wp-json\/wp\/v2\/media?parent=4534"}],"wp:term":[{"taxonomy":"product_brand","embeddable":true,"href":"https:\/\/bavarian-bondage.de\/fr\/wp-json\/wp\/v2\/product_brand?post=4534"},{"taxonomy":"product_cat","embeddable":true,"href":"https:\/\/bavarian-bondage.de\/fr\/wp-json\/wp\/v2\/product_cat?post=4534"},{"taxonomy":"product_tag","embeddable":true,"href":"https:\/\/bavarian-bondage.de\/fr\/wp-json\/wp\/v2\/product_tag?post=4534"}],"curies":[{"name":"wp","href":"https:\/\/api.w.org\/{rel}","templated":true}]}}