{"id":4541,"date":"2020-10-17T12:56:33","date_gmt":"2020-10-17T10:56:33","guid":{"rendered":"https:\/\/bavarian-bondage.de\/?post_type=product&#038;p=4541"},"modified":"2025-09-05T11:59:00","modified_gmt":"2025-09-05T09:59:00","slug":"chaine-de-guidage-avec-boucle-en-cuir","status":"publish","type":"product","link":"https:\/\/bavarian-bondage.de\/fr\/produkt\/fuehrungskette-mit-lederschlaufe\/","title":{"rendered":"Cha\u00eene de guidage avec boucle en cuir"},"content":{"rendered":"<h3 style=\"text-align: center\">Cha\u00eene de guidage avec boucle en cuir<\/h3>\n<p style=\"text-align: center\">Une cha\u00eene solide avec deux fermoirs et une boucle en cuir noir. Les deux pinces sont r\u00e9glables \u00e0 l&#039;aide de vis filet\u00e9es et les surfaces de contact sont recouvertes de caoutchouc pour assurer un ajustement confortable.<\/p>\n<p>&nbsp;<\/p>\n<p><strong>D\u00e9tails:<\/strong><\/p>\n<p>Mati\u00e8re : m\u00e9tal, caoutchouc, cuir<br \/>\nLongueur totale : 80 cm<br \/>\nLongueur de la boucle : 20 cm<br \/>\nLongueur de la cha\u00eene : 60 cm<\/p>\n<p>&nbsp;<\/p>\n<p><strong>Contenu de la livraison :<\/strong> 1 cha\u00eene de guidage avec clips et passant en cuir<\/p>","protected":false},"excerpt":{"rendered":"<p>D\u00e9lai de livraison : 5-7 jours*<\/p>","protected":false},"featured_media":14045,"template":"","meta":[],"product_brand":[],"product_cat":[248,224],"product_tag":[],"class_list":{"0":"post-4541","1":"product","2":"type-product","3":"status-publish","4":"has-post-thumbnail","6":"product_cat-klammern","7":"product_cat-lustschmerz","9":"first","10":"instock","11":"taxable","12":"shipping-taxable","13":"purchasable","14":"product-type-simple"},"_links":{"self":[{"href":"https:\/\/bavarian-bondage.de\/fr\/wp-json\/wp\/v2\/product\/4541","targetHints":{"allow":["GET"]}}],"collection":[{"href":"https:\/\/bavarian-bondage.de\/fr\/wp-json\/wp\/v2\/product"}],"about":[{"href":"https:\/\/bavarian-bondage.de\/fr\/wp-json\/wp\/v2\/types\/product"}],"version-history":[{"count":7,"href":"https:\/\/bavarian-bondage.de\/fr\/wp-json\/wp\/v2\/product\/4541\/revisions"}],"predecessor-version":[{"id":13959,"href":"https:\/\/bavarian-bondage.de\/fr\/wp-json\/wp\/v2\/product\/4541\/revisions\/13959"}],"wp:featuredmedia":[{"embeddable":true,"href":"https:\/\/bavarian-bondage.de\/fr\/wp-json\/wp\/v2\/media\/14045"}],"wp:attachment":[{"href":"https:\/\/bavarian-bondage.de\/fr\/wp-json\/wp\/v2\/media?parent=4541"}],"wp:term":[{"taxonomy":"product_brand","embeddable":true,"href":"https:\/\/bavarian-bondage.de\/fr\/wp-json\/wp\/v2\/product_brand?post=4541"},{"taxonomy":"product_cat","embeddable":true,"href":"https:\/\/bavarian-bondage.de\/fr\/wp-json\/wp\/v2\/product_cat?post=4541"},{"taxonomy":"product_tag","embeddable":true,"href":"https:\/\/bavarian-bondage.de\/fr\/wp-json\/wp\/v2\/product_tag?post=4541"}],"curies":[{"name":"wp","href":"https:\/\/api.w.org\/{rel}","templated":true}]}}