{"id":4548,"date":"2021-01-02T18:33:08","date_gmt":"2021-01-02T17:33:08","guid":{"rendered":"https:\/\/bavarian-bondage.de\/?post_type=product&#038;p=4548"},"modified":"2026-03-22T13:12:40","modified_gmt":"2026-03-22T12:12:40","slug":"couteau-de-sauvetage","status":"publish","type":"product","link":"https:\/\/bavarian-bondage.de\/fr\/produkt\/rettungsmesser\/","title":{"rendered":"Couteau de sauvetage"},"content":{"rendered":"<h3 style=\"text-align: center\">Couteau de sauvetage (coupe-corde)<\/h3>\n<p style=\"text-align: center\">Le couteau de sauvetage Gill est un outil tr\u00e8s pratique lorsqu&#039;il s&#039;agit de couper des lignes, des ceintures, etc.<\/p>\n<p style=\"text-align: center\">Il est \u00e9galement parfaitement adapt\u00e9 pour couper les cordes de bondage jusqu&#039;\u00e0 environ 8 mm d&#039;\u00e9paisseur. L&#039;outil est fourni avec une pochette en nylon pouvant \u00eatre fix\u00e9e \u00e0 une ceinture, par exemple. De plus, le couteau de secours est dot\u00e9 d&#039;un manche antid\u00e9rapant.<\/p>\n<p style=\"text-align: center\">Vous ne devriez jamais avoir besoin d&#039;un tel couteau de sauvetage pour ma\u00eetriser quelqu&#039;un, mais vous \u00eates bien pr\u00e9par\u00e9 \u00e0 de telles \u00e9ventualit\u00e9s.<\/p>\n<p>&nbsp;<\/p>\n<p><strong>D\u00e9tails:<\/strong><br \/>\nMat\u00e9riau : acier rev\u00eatu, composite, nylon<br \/>\nLongueur totale : 12,7 cm<br \/>\nFabricant : Gil<\/p>\n<p>&nbsp;<\/p>\n<p><strong>Contenu de la livraison : <\/strong>1 couteau de sauvetage Gill avec \u00e9tui en nylon<\/p>\n<hr \/>\n<blockquote>\n<p style=\"text-align: center\"><span style=\"color: #333399\">Les informations sur les produits sont fournies au meilleur de nos connaissances et convictions. Toutes les dimensions sont approximatives. L&#039;utilisation des produits propos\u00e9s ici dans la boutique est \u00e0 vos propres risques. Chaque personne r\u00e9agit diff\u00e9remment aux influences ext\u00e9rieures, au plaisir ou \u00e0 la douleur, etc. Par cons\u00e9quent, aucune responsabilit\u00e9 ne peut \u00eatre accept\u00e9e en cas d&#039;utilisation inappropri\u00e9e.  Chaque utilisateur assume l&#039;enti\u00e8re responsabilit\u00e9 de l&#039;utilisation ou de la bonne utilisation des produits et de ses cons\u00e9quences impr\u00e9visibles.<\/span><\/p>\n<\/blockquote>","protected":false},"excerpt":{"rendered":"<p>D\u00e9lai de livraison : 5-7 jours*<\/p>","protected":false},"featured_media":8174,"template":"","meta":[],"product_brand":[],"product_cat":[223],"product_tag":[],"class_list":{"0":"post-4548","1":"product","2":"type-product","3":"status-publish","4":"has-post-thumbnail","6":"product_cat-zubehoer","8":"first","9":"instock","10":"taxable","11":"shipping-taxable","12":"purchasable","13":"product-type-simple"},"_links":{"self":[{"href":"https:\/\/bavarian-bondage.de\/fr\/wp-json\/wp\/v2\/product\/4548","targetHints":{"allow":["GET"]}}],"collection":[{"href":"https:\/\/bavarian-bondage.de\/fr\/wp-json\/wp\/v2\/product"}],"about":[{"href":"https:\/\/bavarian-bondage.de\/fr\/wp-json\/wp\/v2\/types\/product"}],"version-history":[{"count":3,"href":"https:\/\/bavarian-bondage.de\/fr\/wp-json\/wp\/v2\/product\/4548\/revisions"}],"predecessor-version":[{"id":16504,"href":"https:\/\/bavarian-bondage.de\/fr\/wp-json\/wp\/v2\/product\/4548\/revisions\/16504"}],"wp:featuredmedia":[{"embeddable":true,"href":"https:\/\/bavarian-bondage.de\/fr\/wp-json\/wp\/v2\/media\/8174"}],"wp:attachment":[{"href":"https:\/\/bavarian-bondage.de\/fr\/wp-json\/wp\/v2\/media?parent=4548"}],"wp:term":[{"taxonomy":"product_brand","embeddable":true,"href":"https:\/\/bavarian-bondage.de\/fr\/wp-json\/wp\/v2\/product_brand?post=4548"},{"taxonomy":"product_cat","embeddable":true,"href":"https:\/\/bavarian-bondage.de\/fr\/wp-json\/wp\/v2\/product_cat?post=4548"},{"taxonomy":"product_tag","embeddable":true,"href":"https:\/\/bavarian-bondage.de\/fr\/wp-json\/wp\/v2\/product_tag?post=4548"}],"curies":[{"name":"wp","href":"https:\/\/api.w.org\/{rel}","templated":true}]}}