{"id":4567,"date":"2021-01-02T19:17:52","date_gmt":"2021-01-02T18:17:52","guid":{"rendered":"https:\/\/bavarian-bondage.de\/?post_type=product&#038;p=4567"},"modified":"2026-01-28T22:38:00","modified_gmt":"2026-01-28T21:38:00","slug":"saccrocher-avec-une-corde","status":"publish","type":"product","link":"https:\/\/bavarian-bondage.de\/fr\/produkt\/klammern-mit-seil\/","title":{"rendered":"Pinces avec corde"},"content":{"rendered":"<h3 style=\"text-align: center\">Pinces Clover avec corde<\/h3>\n<p style=\"text-align: center\">Probablement les pinces les plus connues dans le domaine du BDSM. Ces pinces sont con\u00e7ues de telle mani\u00e8re que lorsqu&#039;elles sont tir\u00e9es, la pression augmente encore davantage.<\/p>\n<p style=\"text-align: center\">Au lieu d&#039;une cha\u00eene, les pinces Clover sont \u00e9quip\u00e9es d&#039;une corde de chanvre de 3 m de long et 3 mm d&#039;\u00e9paisseur. Cela permet aux pinces d&#039;\u00eatre mieux int\u00e9gr\u00e9es lors du bondage et d&#039;utiliser un point de fixation \u00e9loign\u00e9.<\/p>\n<p>&nbsp;<\/p>\n<p><strong>D\u00e9tails:<\/strong><\/p>\n<p>Mat\u00e9riel: m\u00e9tal, coussinet en caoutchouc, corde de chanvre<br \/>\nLongueur de corde : 3m<br \/>\nTaille du clip : 9 cm<\/p>\n<p>&nbsp;<\/p>\n<p><strong>Contenu de la livraison :<\/strong> Pinces tr\u00e8fle avec corde<\/p>\n<p>&nbsp;<\/p>\n<hr \/>\n<blockquote>\n<p style=\"text-align: center\"><span style=\"color: #333399\">Les informations sur les produits sont fournies au meilleur de nos connaissances et convictions. Toutes les dimensions sont approximatives. L&#039;utilisation des produits propos\u00e9s ici dans la boutique est \u00e0 vos propres risques. Chaque personne r\u00e9agit diff\u00e9remment aux influences ext\u00e9rieures, au plaisir ou \u00e0 la douleur, etc. Par cons\u00e9quent, aucune responsabilit\u00e9 ne peut \u00eatre accept\u00e9e en cas d&#039;utilisation inappropri\u00e9e.  Chaque utilisateur assume l&#039;enti\u00e8re responsabilit\u00e9 de l&#039;utilisation ou de la bonne utilisation des produits et de ses cons\u00e9quences impr\u00e9visibles.<\/span><\/p>\n<\/blockquote>","protected":false},"excerpt":{"rendered":"<p>D\u00e9lai de livraison : 5-7 jours*<\/p>","protected":false},"featured_media":8569,"template":"","meta":[],"product_brand":[],"product_cat":[222,224,248],"product_tag":[],"class_list":{"0":"post-4567","1":"product","2":"type-product","3":"status-publish","4":"has-post-thumbnail","6":"product_cat-alle-produkte","7":"product_cat-lustschmerz","8":"product_cat-klammern","10":"first","11":"instock","12":"taxable","13":"shipping-taxable","14":"purchasable","15":"product-type-variable"},"_links":{"self":[{"href":"https:\/\/bavarian-bondage.de\/fr\/wp-json\/wp\/v2\/product\/4567","targetHints":{"allow":["GET"]}}],"collection":[{"href":"https:\/\/bavarian-bondage.de\/fr\/wp-json\/wp\/v2\/product"}],"about":[{"href":"https:\/\/bavarian-bondage.de\/fr\/wp-json\/wp\/v2\/types\/product"}],"version-history":[{"count":4,"href":"https:\/\/bavarian-bondage.de\/fr\/wp-json\/wp\/v2\/product\/4567\/revisions"}],"predecessor-version":[{"id":13957,"href":"https:\/\/bavarian-bondage.de\/fr\/wp-json\/wp\/v2\/product\/4567\/revisions\/13957"}],"wp:featuredmedia":[{"embeddable":true,"href":"https:\/\/bavarian-bondage.de\/fr\/wp-json\/wp\/v2\/media\/8569"}],"wp:attachment":[{"href":"https:\/\/bavarian-bondage.de\/fr\/wp-json\/wp\/v2\/media?parent=4567"}],"wp:term":[{"taxonomy":"product_brand","embeddable":true,"href":"https:\/\/bavarian-bondage.de\/fr\/wp-json\/wp\/v2\/product_brand?post=4567"},{"taxonomy":"product_cat","embeddable":true,"href":"https:\/\/bavarian-bondage.de\/fr\/wp-json\/wp\/v2\/product_cat?post=4567"},{"taxonomy":"product_tag","embeddable":true,"href":"https:\/\/bavarian-bondage.de\/fr\/wp-json\/wp\/v2\/product_tag?post=4567"}],"curies":[{"name":"wp","href":"https:\/\/api.w.org\/{rel}","templated":true}]}}