{"id":6337,"date":"2022-12-13T11:14:59","date_gmt":"2022-12-13T10:14:59","guid":{"rendered":"https:\/\/bavarian-bondage.de\/?post_type=product&#038;p=6337"},"modified":"2026-04-07T23:46:55","modified_gmt":"2026-04-07T21:46:55","slug":"ciseaux-bessey","status":"publish","type":"product","link":"https:\/\/bavarian-bondage.de\/fr\/produkt\/schere-bessey\/","title":{"rendered":"Ciseaux Bessey"},"content":{"rendered":"<h3 style=\"text-align: center\">Ciseaux Bessy<\/h3>\n<p style=\"text-align: center\">Les ciseaux Bessy sont un outil tr\u00e8s pratique pour couper des lignes, des sangles, etc.<\/p>\n<p style=\"text-align: center\">Mais \u00e9galement id\u00e9al pour couper des cordes de bondage jusqu&#039;\u00e0 environ 10 mm.<\/p>\n<p style=\"text-align: center\">Un outil appropri\u00e9 tel qu&#039;un couteau de sauvetage, un coupe-fil ou des ciseaux ne doit jamais \u00eatre utilis\u00e9 pour attacher quelqu&#039;un, mais il est n\u00e9anmoins judicieux de l&#039;avoir \u00e0 port\u00e9e de main afin d&#039;\u00eatre bien pr\u00e9par\u00e9 \u00e0 ces \u00e9ventualit\u00e9s.<\/p>\n<p>&nbsp;<\/p>\n<pre><strong>D\u00e9tails:<\/strong>\r\nMat\u00e9riau : acier inoxydable ; Longueur totale du plastique : 14 cm Longueur de coupe : environ 3 cm Fabricant : Bessey<\/pre>\n<p>&nbsp;<\/p>\n<p><strong>Contenu de la livraison : <\/strong>1 ciseaux Bessy<\/p>","protected":false},"excerpt":{"rendered":"<p>D\u00e9lai de livraison : 5-7 jours*<\/p>","protected":false},"featured_media":8169,"template":"","meta":[],"product_brand":[],"product_cat":[222,223],"product_tag":[],"class_list":{"0":"post-6337","1":"product","2":"type-product","3":"status-publish","4":"has-post-thumbnail","6":"product_cat-alle-produkte","7":"product_cat-zubehoer","9":"first","10":"instock","11":"taxable","12":"shipping-taxable","13":"purchasable","14":"product-type-simple"},"_links":{"self":[{"href":"https:\/\/bavarian-bondage.de\/fr\/wp-json\/wp\/v2\/product\/6337","targetHints":{"allow":["GET"]}}],"collection":[{"href":"https:\/\/bavarian-bondage.de\/fr\/wp-json\/wp\/v2\/product"}],"about":[{"href":"https:\/\/bavarian-bondage.de\/fr\/wp-json\/wp\/v2\/types\/product"}],"version-history":[{"count":4,"href":"https:\/\/bavarian-bondage.de\/fr\/wp-json\/wp\/v2\/product\/6337\/revisions"}],"predecessor-version":[{"id":6342,"href":"https:\/\/bavarian-bondage.de\/fr\/wp-json\/wp\/v2\/product\/6337\/revisions\/6342"}],"wp:featuredmedia":[{"embeddable":true,"href":"https:\/\/bavarian-bondage.de\/fr\/wp-json\/wp\/v2\/media\/8169"}],"wp:attachment":[{"href":"https:\/\/bavarian-bondage.de\/fr\/wp-json\/wp\/v2\/media?parent=6337"}],"wp:term":[{"taxonomy":"product_brand","embeddable":true,"href":"https:\/\/bavarian-bondage.de\/fr\/wp-json\/wp\/v2\/product_brand?post=6337"},{"taxonomy":"product_cat","embeddable":true,"href":"https:\/\/bavarian-bondage.de\/fr\/wp-json\/wp\/v2\/product_cat?post=6337"},{"taxonomy":"product_tag","embeddable":true,"href":"https:\/\/bavarian-bondage.de\/fr\/wp-json\/wp\/v2\/product_tag?post=6337"}],"curies":[{"name":"wp","href":"https:\/\/api.w.org\/{rel}","templated":true}]}}