{"id":6369,"date":"2021-12-13T13:15:38","date_gmt":"2021-12-13T12:15:38","guid":{"rendered":"https:\/\/bavarian-bondage.de\/?post_type=product&#038;p=6369"},"modified":"2025-06-04T14:42:30","modified_gmt":"2025-06-04T12:42:30","slug":"pagaie-design-en-bois-precieux-bubinga","status":"publish","type":"product","link":"https:\/\/bavarian-bondage.de\/fr\/produkt\/edelholz-design-paddel-bubinga\/","title":{"rendered":"Pagaie design en bois pr\u00e9cieux Bubinga"},"content":{"rendered":"<h3 style=\"text-align: center\">Pagaie design en bois pr\u00e9cieux<\/h3>\n<p style=\"text-align: center\">Nos nouveaux sets de pagaies impressionnent par la combinaison de bois pr\u00e9cieux, d&#039;un manche confortable en corde de chanvre et de d\u00e9licates gravures frais\u00e9es sur un c\u00f4t\u00e9. La finition extra fine, courb\u00e9e et pourtant stable des deux pagaies \u00e9troites assure \u00e9galement une exp\u00e9rience de sensation diff\u00e9rente par rapport \u00e0 la pagaie plus \u00e9paisse ! Les motifs grav\u00e9s servent non seulement de belle d\u00e9coration, mais lorsqu&#039;ils sont utilis\u00e9s correctement, ils cr\u00e9ent \u00e9galement de merveilleuses impressions sur la peau. Les surfaces ont \u00e9t\u00e9 trait\u00e9es avec de l&#039;huile de bois. Les pagaies sont livr\u00e9es bien emball\u00e9es dans un sac en polyester assorti.<\/p>\n<p style=\"text-align: center\">Les pagaies sont propos\u00e9es en trois formes et quatre couleurs diff\u00e9rentes !<\/p>\n<blockquote><p>&nbsp;<\/p><\/blockquote>\n<p><strong>D\u00e9tails:<\/strong><\/p>\n<p>Mat\u00e9riel : Bubinga; Corde de chanvre rouge fonc\u00e9<br \/>\nMat\u00e9riau du sac : polyester 100%<br \/>\nProduction\u00a0: Production propre<br \/>\nDiff\u00e9rentes versions disponibles<\/p>\n<p>&nbsp;<\/p>\n<p><strong>Contenu de la livraison :<\/strong> 1 pagaie design en bois pr\u00e9cieux Bubinga<\/p>\n<p>&nbsp;<\/p>\n<hr \/>\n<blockquote>\n<p style=\"text-align: center\"><span style=\"color: #333399\">Les informations sur les produits sont fournies au meilleur de nos connaissances et convictions. Toutes les dimensions sont approximatives. L&#039;utilisation des produits propos\u00e9s ici dans la boutique est \u00e0 vos propres risques. Chaque personne r\u00e9agit diff\u00e9remment aux influences ext\u00e9rieures, au plaisir ou \u00e0 la douleur, etc. Par cons\u00e9quent, aucune responsabilit\u00e9 ne peut \u00eatre accept\u00e9e en cas d&#039;utilisation inappropri\u00e9e.  Chaque utilisateur assume l&#039;enti\u00e8re responsabilit\u00e9 de l&#039;utilisation ou de la bonne utilisation des produits et de ses cons\u00e9quences impr\u00e9visibles.<\/span><\/p>\n<\/blockquote>","protected":false},"excerpt":{"rendered":"<p>D\u00e9lai de livraison : 5-7 jours*<\/p>","protected":false},"featured_media":14118,"template":"","meta":[],"product_brand":[],"product_cat":[252],"product_tag":[],"class_list":{"0":"post-6369","1":"product","2":"type-product","3":"status-publish","4":"has-post-thumbnail","6":"product_cat-peitschen-gerten","8":"first","9":"instock","10":"taxable","11":"shipping-taxable","12":"purchasable","13":"product-type-variable"},"_links":{"self":[{"href":"https:\/\/bavarian-bondage.de\/fr\/wp-json\/wp\/v2\/product\/6369","targetHints":{"allow":["GET"]}}],"collection":[{"href":"https:\/\/bavarian-bondage.de\/fr\/wp-json\/wp\/v2\/product"}],"about":[{"href":"https:\/\/bavarian-bondage.de\/fr\/wp-json\/wp\/v2\/types\/product"}],"version-history":[{"count":7,"href":"https:\/\/bavarian-bondage.de\/fr\/wp-json\/wp\/v2\/product\/6369\/revisions"}],"predecessor-version":[{"id":13993,"href":"https:\/\/bavarian-bondage.de\/fr\/wp-json\/wp\/v2\/product\/6369\/revisions\/13993"}],"wp:featuredmedia":[{"embeddable":true,"href":"https:\/\/bavarian-bondage.de\/fr\/wp-json\/wp\/v2\/media\/14118"}],"wp:attachment":[{"href":"https:\/\/bavarian-bondage.de\/fr\/wp-json\/wp\/v2\/media?parent=6369"}],"wp:term":[{"taxonomy":"product_brand","embeddable":true,"href":"https:\/\/bavarian-bondage.de\/fr\/wp-json\/wp\/v2\/product_brand?post=6369"},{"taxonomy":"product_cat","embeddable":true,"href":"https:\/\/bavarian-bondage.de\/fr\/wp-json\/wp\/v2\/product_cat?post=6369"},{"taxonomy":"product_tag","embeddable":true,"href":"https:\/\/bavarian-bondage.de\/fr\/wp-json\/wp\/v2\/product_tag?post=6369"}],"curies":[{"name":"wp","href":"https:\/\/api.w.org\/{rel}","templated":true}]}}