{"id":8103,"date":"2023-01-28T15:37:21","date_gmt":"2023-01-28T14:37:21","guid":{"rendered":"https:\/\/bavarian-bondage.de\/?post_type=product&#038;p=8103"},"modified":"2025-11-14T12:20:42","modified_gmt":"2025-11-14T11:20:42","slug":"anneau-de-bondage-diable-bois-de-chene","status":"publish","type":"product","link":"https:\/\/bavarian-bondage.de\/fr\/produkt\/bondagering-teufel-eichenholz\/","title":{"rendered":"Anneau de bondage diable bois de ch\u00eane"},"content":{"rendered":"<h3 style=\"text-align: center\">Diable anneau de bondage en bois de ch\u00eane<\/h3>\n<p style=\"text-align: center\">L&#039;alternative l\u00e9g\u00e8rement diff\u00e9rente aux formes famili\u00e8res. Notre petit diable dispose de nombreuses possibilit\u00e9s pour attacher les diff\u00e9rentes cordes s\u00e9par\u00e9ment. L&#039;anneau est fabriqu\u00e9 en bois de ch\u00eane et est compl\u00e9t\u00e9 par un noyau en acier de 10 x 10 mm situ\u00e9 dans tout le corps en bois.<\/p>\n<p style=\"text-align: center\">Remarque : Bien que le bois soit un mat\u00e9riau extr\u00eamement stable, il ne peut pas \u00eatre compar\u00e9 \u00e0 la r\u00e9sistance du m\u00e9tal. En particulier lors du bondage en suspension et notamment lors du soul\u00e8vement, de l\u00e9g\u00e8res entailles dans le bois peuvent se produire \u2013 celles-ci n&#039;affectent bien s\u00fbr pas la stabilit\u00e9 de l&#039;anneau.<\/p>\n<p>&nbsp;<\/p>\n<p><strong>D\u00e9tails:<\/strong><\/p>\n<p>Diam\u00e8tre ext\u00e9rieur : 240 mm<br \/>\nDiam\u00e8tre int\u00e9rieur : 180 mm<br \/>\n\u00c9paisseur du mat\u00e9riau : 30 mm<br \/>\nPoids : environ 1000g<br \/>\nMat\u00e9riau : bois de ch\u00eane, noyau en acier 10 x 10 mm<\/p>\n<p>&nbsp;<\/p>\n<p><strong>Contenu de la livraison :<\/strong> 1 anneau de bondage diable avec \u00e2me en acier<\/p>\n<p>&nbsp;<\/p>\n<p>&nbsp;<\/p>\n<hr \/>\n<blockquote>\n<p style=\"text-align: center\"><span style=\"color: #333399\">Les informations sur les produits sont fournies au meilleur de nos connaissances et convictions. Toutes les dimensions sont approximatives. L&#039;utilisation des produits propos\u00e9s ici dans la boutique est \u00e0 vos propres risques. Chaque personne r\u00e9agit diff\u00e9remment aux influences ext\u00e9rieures, au plaisir ou \u00e0 la douleur, etc. Par cons\u00e9quent, aucune responsabilit\u00e9 ne peut \u00eatre accept\u00e9e en cas d&#039;utilisation inappropri\u00e9e.  Chaque utilisateur assume l&#039;enti\u00e8re responsabilit\u00e9 de l&#039;utilisation ou de la bonne utilisation des produits et de ses cons\u00e9quences impr\u00e9visibles.<\/span><\/p>\n<\/blockquote>","protected":false},"excerpt":{"rendered":"<p>D\u00e9lai de livraison : 5-7 jours*<\/p>","protected":false},"featured_media":8092,"template":"","meta":[],"product_brand":[],"product_cat":[222,233,234],"product_tag":[],"class_list":{"0":"post-8103","1":"product","2":"type-product","3":"status-publish","4":"has-post-thumbnail","6":"product_cat-alle-produkte","7":"product_cat-bondage-zubehoer","8":"product_cat-ringe","10":"first","11":"instock","12":"taxable","13":"shipping-taxable","14":"purchasable","15":"product-type-simple"},"_links":{"self":[{"href":"https:\/\/bavarian-bondage.de\/fr\/wp-json\/wp\/v2\/product\/8103","targetHints":{"allow":["GET"]}}],"collection":[{"href":"https:\/\/bavarian-bondage.de\/fr\/wp-json\/wp\/v2\/product"}],"about":[{"href":"https:\/\/bavarian-bondage.de\/fr\/wp-json\/wp\/v2\/types\/product"}],"version-history":[{"count":5,"href":"https:\/\/bavarian-bondage.de\/fr\/wp-json\/wp\/v2\/product\/8103\/revisions"}],"predecessor-version":[{"id":15087,"href":"https:\/\/bavarian-bondage.de\/fr\/wp-json\/wp\/v2\/product\/8103\/revisions\/15087"}],"wp:featuredmedia":[{"embeddable":true,"href":"https:\/\/bavarian-bondage.de\/fr\/wp-json\/wp\/v2\/media\/8092"}],"wp:attachment":[{"href":"https:\/\/bavarian-bondage.de\/fr\/wp-json\/wp\/v2\/media?parent=8103"}],"wp:term":[{"taxonomy":"product_brand","embeddable":true,"href":"https:\/\/bavarian-bondage.de\/fr\/wp-json\/wp\/v2\/product_brand?post=8103"},{"taxonomy":"product_cat","embeddable":true,"href":"https:\/\/bavarian-bondage.de\/fr\/wp-json\/wp\/v2\/product_cat?post=8103"},{"taxonomy":"product_tag","embeddable":true,"href":"https:\/\/bavarian-bondage.de\/fr\/wp-json\/wp\/v2\/product_tag?post=8103"}],"curies":[{"name":"wp","href":"https:\/\/api.w.org\/{rel}","templated":true}]}}