{"id":8138,"date":"2023-01-28T16:02:42","date_gmt":"2023-01-28T15:02:42","guid":{"rendered":"https:\/\/bavarian-bondage.de\/?post_type=product&#038;p=8138"},"modified":"2026-03-14T09:03:10","modified_gmt":"2026-03-14T08:03:10","slug":"anneau-de-bondage-japon","status":"publish","type":"product","link":"https:\/\/bavarian-bondage.de\/fr\/produkt\/bondagering-japan\/","title":{"rendered":"Anneau de bondage Japon"},"content":{"rendered":"<h3 style=\"text-align: center\">Anneau de bondage Japon<\/h3>\n<p style=\"text-align: center\">La forme de cet anneau de suspension rappelle un peu le Japon. Fabriqu\u00e9 en acier inoxydable poli, en plus de son superbe look, il offre \u00e9galement de nombreuses possibilit\u00e9s d&#039;organisation des cordes individuelles. Cette bague attire le regard \u00e0 tous \u00e9gards.<\/p>\n<p>&nbsp;<\/p>\n<p><strong>D\u00e9tails:<\/strong><\/p>\n<p>Diam\u00e8tre ext\u00e9rieur : 250 mm<br \/>\n\u00c9paisseur du mat\u00e9riau : 13 mm<br \/>\nPoids : environ 980g<br \/>\nMat\u00e9riau : acier inoxydable<\/p>\n<p>&nbsp;<\/p>\n<p><strong>Contenu de la livraison :<\/strong> 1 anneau de bondage Japon<\/p>","protected":false},"excerpt":{"rendered":"<p>D\u00e9lai de livraison : 5-7 jours*<\/p>","protected":false},"featured_media":8078,"template":"","meta":[],"product_brand":[],"product_cat":[222,233,234],"product_tag":[],"class_list":{"0":"post-8138","1":"product","2":"type-product","3":"status-publish","4":"has-post-thumbnail","6":"product_cat-alle-produkte","7":"product_cat-bondage-zubehoer","8":"product_cat-ringe","10":"first","11":"instock","12":"taxable","13":"shipping-taxable","14":"purchasable","15":"product-type-simple"},"_links":{"self":[{"href":"https:\/\/bavarian-bondage.de\/fr\/wp-json\/wp\/v2\/product\/8138","targetHints":{"allow":["GET"]}}],"collection":[{"href":"https:\/\/bavarian-bondage.de\/fr\/wp-json\/wp\/v2\/product"}],"about":[{"href":"https:\/\/bavarian-bondage.de\/fr\/wp-json\/wp\/v2\/types\/product"}],"version-history":[{"count":3,"href":"https:\/\/bavarian-bondage.de\/fr\/wp-json\/wp\/v2\/product\/8138\/revisions"}],"predecessor-version":[{"id":8141,"href":"https:\/\/bavarian-bondage.de\/fr\/wp-json\/wp\/v2\/product\/8138\/revisions\/8141"}],"wp:featuredmedia":[{"embeddable":true,"href":"https:\/\/bavarian-bondage.de\/fr\/wp-json\/wp\/v2\/media\/8078"}],"wp:attachment":[{"href":"https:\/\/bavarian-bondage.de\/fr\/wp-json\/wp\/v2\/media?parent=8138"}],"wp:term":[{"taxonomy":"product_brand","embeddable":true,"href":"https:\/\/bavarian-bondage.de\/fr\/wp-json\/wp\/v2\/product_brand?post=8138"},{"taxonomy":"product_cat","embeddable":true,"href":"https:\/\/bavarian-bondage.de\/fr\/wp-json\/wp\/v2\/product_cat?post=8138"},{"taxonomy":"product_tag","embeddable":true,"href":"https:\/\/bavarian-bondage.de\/fr\/wp-json\/wp\/v2\/product_tag?post=8138"}],"curies":[{"name":"wp","href":"https:\/\/api.w.org\/{rel}","templated":true}]}}