{"id":8203,"date":"2023-01-28T19:15:01","date_gmt":"2023-01-28T18:15:01","guid":{"rendered":"https:\/\/bavarian-bondage.de\/?post_type=product&#038;p=8203"},"modified":"2025-10-26T08:25:17","modified_gmt":"2025-10-26T07:25:17","slug":"anneau-de-bondage-andreaskreuz-noyer","status":"publish","type":"product","link":"https:\/\/bavarian-bondage.de\/fr\/produkt\/bondagering-andreaskreuz-nussbaum\/","title":{"rendered":"Anneau de bondage croix de Saint-Andr\u00e9 noyer"},"content":{"rendered":"<h3 style=\"text-align: center\">Anneau de bondage croix de Saint-Andr\u00e9 en bois de noyer<\/h3>\n<p style=\"text-align: center\">La croix de Saint-Andr\u00e9 est \u00e9galement connue comme un \u00e9l\u00e9ment distinctif de la sc\u00e8ne BDSM et le motif est \u00e9galement tr\u00e8s pratique pour les anneaux de bondage. L&#039;anneau est fabriqu\u00e9 en bois de noyer fin et compl\u00e9t\u00e9 par un noyau en acier de 10 x 10 mm. Le noyau en acier se trouve \u00e0 la fois dans l&#039;anneau ext\u00e9rieur et dans la division int\u00e9rieure.<\/p>\n<p style=\"text-align: center\">Remarque : Bien que le bois soit un mat\u00e9riau extr\u00eamement stable, il ne peut pas \u00eatre compar\u00e9 \u00e0 la r\u00e9sistance du m\u00e9tal. En particulier lors du bondage en suspension et notamment lors du soul\u00e8vement, de l\u00e9g\u00e8res entailles dans le bois peuvent se produire \u2013 celles-ci n&#039;affectent bien s\u00fbr pas la stabilit\u00e9 de l&#039;anneau.<\/p>\n<p>&nbsp;<\/p>\n<p><strong>D\u00e9tails:<\/strong><\/p>\n<p>Diam\u00e8tre ext\u00e9rieur : 240 mm<br \/>\nDiam\u00e8tre int\u00e9rieur : 180 mm<br \/>\n\u00c9paisseur du mat\u00e9riau : 30 mm<br \/>\nPoids : environ 900g<br \/>\nMat\u00e9riau : bois de noyer, noyau en acier 10 x 10 mm<\/p>\n<p>&nbsp;<\/p>\n<p><strong>Contenu de la livraison :<\/strong> 1 anneau de bondage en noyer avec \u00e2me en acier<\/p>\n<p>&nbsp;<\/p>\n<p>&nbsp;<\/p>\n<hr \/>\n<blockquote>\n<p style=\"text-align: center\"><span style=\"color: #333399\">Les informations sur les produits sont fournies au meilleur de nos connaissances et convictions. Toutes les dimensions sont approximatives. L&#039;utilisation des produits propos\u00e9s ici dans la boutique est \u00e0 vos propres risques. Chaque personne r\u00e9agit diff\u00e9remment aux influences ext\u00e9rieures, au plaisir ou \u00e0 la douleur, etc. Par cons\u00e9quent, aucune responsabilit\u00e9 ne peut \u00eatre accept\u00e9e en cas d&#039;utilisation inappropri\u00e9e.  Chaque utilisateur assume l&#039;enti\u00e8re responsabilit\u00e9 de l&#039;utilisation ou de la bonne utilisation des produits et de ses cons\u00e9quences impr\u00e9visibles.<\/span><\/p>\n<\/blockquote>\n<p>&nbsp;<\/p>","protected":false},"excerpt":{"rendered":"<p>D\u00e9lai de livraison : 5-7 jours*<\/p>","protected":false},"featured_media":8077,"template":"","meta":[],"product_brand":[],"product_cat":[222,233,234],"product_tag":[],"class_list":{"0":"post-8203","1":"product","2":"type-product","3":"status-publish","4":"has-post-thumbnail","6":"product_cat-alle-produkte","7":"product_cat-bondage-zubehoer","8":"product_cat-ringe","10":"first","11":"instock","12":"taxable","13":"shipping-taxable","14":"purchasable","15":"product-type-simple"},"_links":{"self":[{"href":"https:\/\/bavarian-bondage.de\/fr\/wp-json\/wp\/v2\/product\/8203","targetHints":{"allow":["GET"]}}],"collection":[{"href":"https:\/\/bavarian-bondage.de\/fr\/wp-json\/wp\/v2\/product"}],"about":[{"href":"https:\/\/bavarian-bondage.de\/fr\/wp-json\/wp\/v2\/types\/product"}],"version-history":[{"count":5,"href":"https:\/\/bavarian-bondage.de\/fr\/wp-json\/wp\/v2\/product\/8203\/revisions"}],"predecessor-version":[{"id":15078,"href":"https:\/\/bavarian-bondage.de\/fr\/wp-json\/wp\/v2\/product\/8203\/revisions\/15078"}],"wp:featuredmedia":[{"embeddable":true,"href":"https:\/\/bavarian-bondage.de\/fr\/wp-json\/wp\/v2\/media\/8077"}],"wp:attachment":[{"href":"https:\/\/bavarian-bondage.de\/fr\/wp-json\/wp\/v2\/media?parent=8203"}],"wp:term":[{"taxonomy":"product_brand","embeddable":true,"href":"https:\/\/bavarian-bondage.de\/fr\/wp-json\/wp\/v2\/product_brand?post=8203"},{"taxonomy":"product_cat","embeddable":true,"href":"https:\/\/bavarian-bondage.de\/fr\/wp-json\/wp\/v2\/product_cat?post=8203"},{"taxonomy":"product_tag","embeddable":true,"href":"https:\/\/bavarian-bondage.de\/fr\/wp-json\/wp\/v2\/product_tag?post=8203"}],"curies":[{"name":"wp","href":"https:\/\/api.w.org\/{rel}","templated":true}]}}