{"id":8530,"date":"2023-01-30T09:03:41","date_gmt":"2023-01-30T08:03:41","guid":{"rendered":"https:\/\/bavarian-bondage.de\/?post_type=product&#038;p=8530"},"modified":"2026-04-03T18:20:46","modified_gmt":"2026-04-03T16:20:46","slug":"creme-de-soin-des-cordes-100ml-vegan","status":"publish","type":"product","link":"https:\/\/bavarian-bondage.de\/fr\/produkt\/rope-care-cream-100ml-vegan\/","title":{"rendered":"Cr\u00e8me de Soin des Cordes 100ml Vegan"},"content":{"rendered":"<h3 style=\"text-align: center\">Cr\u00e8me de Soin des Cordes Vegan<\/h3>\n<p style=\"text-align: center\">(Propre production)<\/p>\n<p style=\"text-align: center\">En raison de demandes r\u00e9p\u00e9t\u00e9es, nous proposons d\u00e9sormais \u00e9galement nos produits d&#039;entretien des cordes v\u00e9g\u00e9taliens. Au lieu de la cire d&#039;abeille, la version v\u00e9g\u00e9talienne utilise de la cire de baies. La cr\u00e8me de soin pour corde a une consistance relativement solide et est mass\u00e9e dans la corde contrairement \u00e0 l&#039;huile. Une quantit\u00e9 de la taille d\u2019une noisette suffit g\u00e9n\u00e9ralement pour une corde de huit m\u00e8tres.<\/p>\n<p style=\"text-align: center\">L&#039;entretien naturel des cordes 100% convient aussi bien aux cordes en chanvre qu&#039;aux cordes en jute.<\/p>\n<p style=\"text-align: center\">Apr\u00e8s utilisation, les cordes doivent s\u00e9cher pendant quelques jours.<\/p>\n<p style=\"text-align: center\"><span style=\"color: #ff0000\">Ce n&#039;est pas un article cosm\u00e9tique<\/span><\/p>\n<p style=\"text-align: center\"><span style=\"color: #ff0000\">Ne convient pas \u00e0 la consommation<\/span><\/p>\n<p><strong>Composition:<\/strong><\/p>\n<p>Cire de baies<br \/>\nHuile de jojoba<\/p>\n<p>&nbsp;<\/p>\n<p><strong>Contenu de la livraison :<\/strong> 100 ml de cr\u00e8me de soin pour corde v\u00e9g\u00e9talienne<\/p>\n<p>&nbsp;<\/p>\n<hr \/>\n<blockquote>\n<p style=\"text-align: center\"><span style=\"color: #333399\">Les informations sur les produits sont fournies au meilleur de nos connaissances et convictions. Toutes les dimensions sont approximatives. L&#039;utilisation des produits propos\u00e9s ici dans la boutique est \u00e0 vos propres risques. Chaque personne r\u00e9agit diff\u00e9remment aux influences ext\u00e9rieures, au plaisir ou \u00e0 la douleur, etc. Par cons\u00e9quent, aucune responsabilit\u00e9 ne peut \u00eatre accept\u00e9e en cas d&#039;utilisation inappropri\u00e9e.  Chaque utilisateur assume l&#039;enti\u00e8re responsabilit\u00e9 de l&#039;utilisation ou de la bonne utilisation des produits et de ses cons\u00e9quences impr\u00e9visibles.<\/span><\/p>\n<\/blockquote>","protected":false},"excerpt":{"rendered":"<p>Prix de base : 125,00 \u20ac\/l<\/p>\n<p>D\u00e9lai de livraison : 5-7 jours*<\/p>","protected":false},"featured_media":8549,"template":"","meta":[],"product_brand":[],"product_cat":[322,233,222],"product_tag":[],"class_list":{"0":"post-8530","1":"product","2":"type-product","3":"status-publish","4":"has-post-thumbnail","6":"product_cat-seilpflege","7":"product_cat-bondage-zubehoer","8":"product_cat-alle-produkte","10":"first","11":"instock","12":"taxable","13":"shipping-taxable","14":"purchasable","15":"product-type-simple"},"_links":{"self":[{"href":"https:\/\/bavarian-bondage.de\/fr\/wp-json\/wp\/v2\/product\/8530","targetHints":{"allow":["GET"]}}],"collection":[{"href":"https:\/\/bavarian-bondage.de\/fr\/wp-json\/wp\/v2\/product"}],"about":[{"href":"https:\/\/bavarian-bondage.de\/fr\/wp-json\/wp\/v2\/types\/product"}],"version-history":[{"count":4,"href":"https:\/\/bavarian-bondage.de\/fr\/wp-json\/wp\/v2\/product\/8530\/revisions"}],"predecessor-version":[{"id":15246,"href":"https:\/\/bavarian-bondage.de\/fr\/wp-json\/wp\/v2\/product\/8530\/revisions\/15246"}],"wp:featuredmedia":[{"embeddable":true,"href":"https:\/\/bavarian-bondage.de\/fr\/wp-json\/wp\/v2\/media\/8549"}],"wp:attachment":[{"href":"https:\/\/bavarian-bondage.de\/fr\/wp-json\/wp\/v2\/media?parent=8530"}],"wp:term":[{"taxonomy":"product_brand","embeddable":true,"href":"https:\/\/bavarian-bondage.de\/fr\/wp-json\/wp\/v2\/product_brand?post=8530"},{"taxonomy":"product_cat","embeddable":true,"href":"https:\/\/bavarian-bondage.de\/fr\/wp-json\/wp\/v2\/product_cat?post=8530"},{"taxonomy":"product_tag","embeddable":true,"href":"https:\/\/bavarian-bondage.de\/fr\/wp-json\/wp\/v2\/product_tag?post=8530"}],"curies":[{"name":"wp","href":"https:\/\/api.w.org\/{rel}","templated":true}]}}