{"id":8533,"date":"2023-01-30T09:12:24","date_gmt":"2023-01-30T08:12:24","guid":{"rendered":"https:\/\/bavarian-bondage.de\/?post_type=product&#038;p=8533"},"modified":"2024-11-30T13:19:53","modified_gmt":"2024-11-30T12:19:53","slug":"huile-dentretien-pour-cordes-vegan-100ml","status":"publish","type":"product","link":"https:\/\/bavarian-bondage.de\/fr\/produkt\/seilpflegeoel-vegan-100ml\/","title":{"rendered":"Huile d&#039;entretien pour cordes vegan 100ml"},"content":{"rendered":"<h3 style=\"text-align: center\">Huile d&#039;entretien pour corde v\u00e9g\u00e9talienne<\/h3>\n<p style=\"text-align: center\">(Propre production)<\/p>\n<p style=\"text-align: center\">Ce m\u00e9lange d&#039;huiles est couramment utilis\u00e9 pour traiter mes cordes.<\/p>\n<p style=\"text-align: center\">Il est fin, 100% naturel et a une odeur neutre !<\/p>\n<p style=\"text-align: center\">Vous pouvez trouver des conseils sur l&#039;entretien et l&#039;utilisation des cordes. <a href=\"https:\/\/bavarian-bondage.de\/fr\/conseils-dentretien-des-cordes\/\">ici.<\/a><\/p>\n<p>&nbsp;<\/p>\n<p style=\"text-align: center\"><span style=\"color: #ff0000\">Ce n&#039;est pas un article cosm\u00e9tique.<\/span><\/p>\n<p style=\"text-align: center\"><span style=\"color: #ff0000\">Ne convient pas \u00e0 la consommation.<\/span><\/p>\n<p>&nbsp;<\/p>\n<p><strong>Composition:<\/strong><\/p>\n<p>Huile de jojoba<br \/>\nHuile de cam\u00e9lia<br \/>\nCire de baies<\/p>\n<p>&nbsp;<\/p>\n<p><strong>Contenu de la livraison :<\/strong> 100 ml d&#039;huile d&#039;entretien pour corde v\u00e9g\u00e9talienne\u00a0; Brochure<\/p>\n<p>&nbsp;<\/p>\n<hr \/>\n<blockquote>\n<p style=\"text-align: center\"><span style=\"color: #333399\">Les informations sur les produits sont fournies au meilleur de nos connaissances et convictions. Toutes les dimensions sont approximatives. L&#039;utilisation des produits propos\u00e9s ici dans la boutique est \u00e0 vos propres risques. Chaque personne r\u00e9agit diff\u00e9remment aux influences ext\u00e9rieures, au plaisir ou \u00e0 la douleur, etc. Par cons\u00e9quent, aucune responsabilit\u00e9 ne peut \u00eatre accept\u00e9e en cas d&#039;utilisation inappropri\u00e9e.  Chaque utilisateur assume l&#039;enti\u00e8re responsabilit\u00e9 de l&#039;utilisation ou de la bonne utilisation des produits et de ses cons\u00e9quences impr\u00e9visibles.<\/span><\/p>\n<\/blockquote>","protected":false},"excerpt":{"rendered":"<p>Prix de base : 95,00 \u20ac\/l<\/p>\n<p>D\u00e9lai de livraison : 5-7 jours*<\/p>","protected":false},"featured_media":8545,"template":"","meta":[],"product_brand":[],"product_cat":[222,233,322],"product_tag":[],"class_list":{"0":"post-8533","1":"product","2":"type-product","3":"status-publish","4":"has-post-thumbnail","6":"product_cat-alle-produkte","7":"product_cat-bondage-zubehoer","8":"product_cat-seilpflege","10":"first","11":"instock","12":"taxable","13":"shipping-taxable","14":"purchasable","15":"product-type-simple"},"_links":{"self":[{"href":"https:\/\/bavarian-bondage.de\/fr\/wp-json\/wp\/v2\/product\/8533","targetHints":{"allow":["GET"]}}],"collection":[{"href":"https:\/\/bavarian-bondage.de\/fr\/wp-json\/wp\/v2\/product"}],"about":[{"href":"https:\/\/bavarian-bondage.de\/fr\/wp-json\/wp\/v2\/types\/product"}],"version-history":[{"count":3,"href":"https:\/\/bavarian-bondage.de\/fr\/wp-json\/wp\/v2\/product\/8533\/revisions"}],"predecessor-version":[{"id":15942,"href":"https:\/\/bavarian-bondage.de\/fr\/wp-json\/wp\/v2\/product\/8533\/revisions\/15942"}],"wp:featuredmedia":[{"embeddable":true,"href":"https:\/\/bavarian-bondage.de\/fr\/wp-json\/wp\/v2\/media\/8545"}],"wp:attachment":[{"href":"https:\/\/bavarian-bondage.de\/fr\/wp-json\/wp\/v2\/media?parent=8533"}],"wp:term":[{"taxonomy":"product_brand","embeddable":true,"href":"https:\/\/bavarian-bondage.de\/fr\/wp-json\/wp\/v2\/product_brand?post=8533"},{"taxonomy":"product_cat","embeddable":true,"href":"https:\/\/bavarian-bondage.de\/fr\/wp-json\/wp\/v2\/product_cat?post=8533"},{"taxonomy":"product_tag","embeddable":true,"href":"https:\/\/bavarian-bondage.de\/fr\/wp-json\/wp\/v2\/product_tag?post=8533"}],"curies":[{"name":"wp","href":"https:\/\/api.w.org\/{rel}","templated":true}]}}