{"id":8783,"date":"2023-01-30T17:21:37","date_gmt":"2023-01-30T16:21:37","guid":{"rendered":"https:\/\/bavarian-bondage.de\/?post_type=product&#038;p=8783"},"modified":"2026-01-15T17:31:33","modified_gmt":"2026-01-15T16:31:33","slug":"jute-s-edition-5mm-ensemble-exclusif-10x8-et-2x4m","status":"publish","type":"product","link":"https:\/\/bavarian-bondage.de\/fr\/produkt\/jute-s-edition-5mm-exklusiv-set-10x8-und-2x4m\/","title":{"rendered":"Jute S-Edition 5 mm EXCLUSIF\u00a0; Ensemble 10\u00d78 et 2x4m"},"content":{"rendered":"<h3 style=\"text-align: center\">Jute S-Edition 5mm EXCLUSIF<\/h3>\n<p style=\"text-align: center\">Ce grand kit professionnel offre une longueur de corde suffisante pour les techniques de bondage les plus exigeantes. Les deux cordes plus courtes compl\u00e8tent parfaitement l&#039;ensemble et offrent une grande vari\u00e9t\u00e9 d&#039;applications\u00a0!<\/p>\n<p style=\"text-align: center\">Une corde tr\u00e8s serr\u00e9e, aux avantages uniques. Le fil choisi et une finition soign\u00e9e lui conf\u00e8rent une surface lisse et \u00e9l\u00e9gante qui ne peluche quasiment pas et, contrairement \u00e0 de nombreuses cordes en jute, ne raye pas. Le nouage de ces cordes diff\u00e8re l\u00e9g\u00e8rement et demande un peu de pratique. Une fois correctement nou\u00e9es, les cordes se d\u00e9tendent un peu tout en conservant leur \u00e2me ferme.<\/p>\n<p style=\"text-align: center\">Les extr\u00e9mit\u00e9s sont nou\u00e9es avec de petits n\u0153uds trisques, ce qui rend le nouage beaucoup plus facile.<\/p>\n<p>&nbsp;<\/p>\n<p>&nbsp;<\/p>\n<p><strong>D\u00e9tails:<\/strong><br \/>\nJute S-Edition 5mm EXCLUSIF<br \/>\n3 arbres torsad\u00e9s (<em>Double<\/em>\u2013<em>pli)<\/em><br \/>\nTon caramel clair<br \/>\nPetits noeuds de bout<br \/>\nLongueur : 10 \u00d7 8 m et 2 \u00d7 4 m<br \/>\n(La longueur de la corde peut varier jusqu&#039;\u00e0 3% par rapport \u00e0 la longueur sp\u00e9cifi\u00e9e.)<\/p>\n<p>&nbsp;<\/p>\n<p><span style=\"color: #ff0000\"><strong>Un avis :<\/strong><\/span><\/p>\n<p>V\u00e9rifiez r\u00e9guli\u00e8rement l&#039;usure et les dommages des cordes\u00a0!<br \/>\nSi les cordes sont battues ou tordues, elles peuvent se d\u00e9tacher pendant l&#039;utilisation !<br \/>\nNe lavez pas les cordes de jute. Il est pr\u00e9f\u00e9rable de nettoyer avec un chiffon humide.<\/p>\n<p>&nbsp;<\/p>\n<p><strong>Contenu de la livraison :<\/strong> 10x8m et 2x4m Jute S-Edition 5mm EXCLUSIF<\/p>\n<p>&nbsp;<\/p>\n<hr \/>\n<blockquote>\n<p style=\"text-align: center\"><span style=\"color: #333399\">Les informations sur les produits sont fournies au meilleur de nos connaissances et convictions. Toutes les dimensions sont approximatives. L&#039;utilisation des produits propos\u00e9s ici dans la boutique est \u00e0 vos propres risques. Chaque personne r\u00e9agit diff\u00e9remment aux influences ext\u00e9rieures, au plaisir ou \u00e0 la douleur, etc. Par cons\u00e9quent, aucune responsabilit\u00e9 ne peut \u00eatre accept\u00e9e en cas d&#039;utilisation inappropri\u00e9e.  Chaque utilisateur assume l&#039;enti\u00e8re responsabilit\u00e9 de l&#039;utilisation ou de la bonne utilisation des produits et de ses cons\u00e9quences impr\u00e9visibles.<\/span><\/p>\n<\/blockquote>","protected":false},"excerpt":{"rendered":"<p>Tarif de base : 2,14 \u20ac\/m<\/p>\n<p>D\u00e9lai de livraison : 5-7 jours*<\/p>","protected":false},"featured_media":8904,"template":"","meta":[],"product_brand":[],"product_cat":[216,294,483],"product_tag":[],"class_list":{"0":"post-8783","1":"product","2":"type-product","3":"status-publish","4":"has-post-thumbnail","6":"product_cat-bondageseile","7":"product_cat-juteseile","8":"product_cat-jute-s-edition-5mm","10":"first","11":"instock","12":"taxable","13":"shipping-taxable","14":"purchasable","15":"product-type-simple"},"_links":{"self":[{"href":"https:\/\/bavarian-bondage.de\/fr\/wp-json\/wp\/v2\/product\/8783","targetHints":{"allow":["GET"]}}],"collection":[{"href":"https:\/\/bavarian-bondage.de\/fr\/wp-json\/wp\/v2\/product"}],"about":[{"href":"https:\/\/bavarian-bondage.de\/fr\/wp-json\/wp\/v2\/types\/product"}],"version-history":[{"count":5,"href":"https:\/\/bavarian-bondage.de\/fr\/wp-json\/wp\/v2\/product\/8783\/revisions"}],"predecessor-version":[{"id":16502,"href":"https:\/\/bavarian-bondage.de\/fr\/wp-json\/wp\/v2\/product\/8783\/revisions\/16502"}],"wp:featuredmedia":[{"embeddable":true,"href":"https:\/\/bavarian-bondage.de\/fr\/wp-json\/wp\/v2\/media\/8904"}],"wp:attachment":[{"href":"https:\/\/bavarian-bondage.de\/fr\/wp-json\/wp\/v2\/media?parent=8783"}],"wp:term":[{"taxonomy":"product_brand","embeddable":true,"href":"https:\/\/bavarian-bondage.de\/fr\/wp-json\/wp\/v2\/product_brand?post=8783"},{"taxonomy":"product_cat","embeddable":true,"href":"https:\/\/bavarian-bondage.de\/fr\/wp-json\/wp\/v2\/product_cat?post=8783"},{"taxonomy":"product_tag","embeddable":true,"href":"https:\/\/bavarian-bondage.de\/fr\/wp-json\/wp\/v2\/product_tag?post=8783"}],"curies":[{"name":"wp","href":"https:\/\/api.w.org\/{rel}","templated":true}]}}