{"id":8861,"date":"2023-01-31T10:40:19","date_gmt":"2023-01-31T09:40:19","guid":{"rendered":"https:\/\/bavarian-bondage.de\/?post_type=product&#038;p=8861"},"modified":"2025-08-13T15:29:53","modified_gmt":"2025-08-13T13:29:53","slug":"corde-lin-chanvre-5mm-noir-rouge-fonce-8m-exclusif","status":"publish","type":"product","link":"https:\/\/bavarian-bondage.de\/fr\/produkt\/leinenhanfseil-5mm-schwarz-dunkelrot-8m-exklusiv\/","title":{"rendered":"Corde lin chanvre 5mm noir-rouge fonc\u00e9 8m EXCLUSIF"},"content":{"rendered":"<h3 style=\"text-align: center\">Corde lin chanvre 5mm noir-rouge fonc\u00e9 EXCLUSIVIT\u00c9<\/h3>\n<p style=\"text-align: center\">Une corde l\u00e9g\u00e8rement diff\u00e9rente en deux couleurs. La corde de chanvre est \u00e0 moiti\u00e9 color\u00e9e en noir et rouge fonc\u00e9. Gr\u00e2ce au double acheminement des c\u00e2bles, les deux couleurs sont superpos\u00e9es, ce qui cr\u00e9e une tr\u00e8s belle image globale. La corde brute utilis\u00e9e est l\u00e9g\u00e8rement plus \u00e9paisse que mes autres cordes de 5 mm.<\/p>\n<p style=\"text-align: center\">La corde lin chanvre 5mm EXCLUSIVE est toute douce et souple ! Il a \u00e9t\u00e9 trait\u00e9 plusieurs fois pour conserver la meilleure qualit\u00e9. La corde impressionne par sa structure ronde, uniforme et sans n\u0153uds sur toute sa longueur. De plus, les extr\u00e9mit\u00e9s sont orn\u00e9es de petits n\u0153uds. Puisque les cordes ont \u00e9t\u00e9 teintes dans leur ensemble, elles ne sont pas compl\u00e8tement color\u00e9es.<\/p>\n<p>&nbsp;<\/p>\n<p><strong>D\u00e9tails:<\/strong><\/p>\n<p>Corde lin chanvre 5mm rouge fonc\u00e9-noir EXCLUSIF<br \/>\n3 arbres tourn\u00e9s<br \/>\nCouleur : Rouge fonc\u00e9-noir<br \/>\nNoeud trisk<br \/>\nLongueur : 1x8m<br \/>\n(La longueur de la corde peut diff\u00e9rer de la longueur sp\u00e9cifi\u00e9e jusqu&#039;\u00e0 3%)<\/p>\n<p>&nbsp;<\/p>\n<p><span style=\"color: #ff0000\"><strong>Un avis :<\/strong><\/span><\/p>\n<p>V\u00e9rifiez r\u00e9guli\u00e8rement l&#039;usure et les dommages des cordes\u00a0! Si les cordes sont battues ou tordues, elles peuvent se d\u00e9tacher pendant l&#039;utilisation !<br \/>\nLes cordes ont \u00e9t\u00e9 teintes dans leur ensemble et ne sont pas de la m\u00eame couleur jusqu&#039;au milieu.<\/p>\n<p>&nbsp;<\/p>\n<p><strong>Contenu de la livraison :<\/strong> 1x8m corde de chanvre lin 5mm rouge fonc\u00e9-noir EXCLUSIF<\/p>\n<p>&nbsp;<\/p>\n<hr \/>\n<blockquote>\n<p style=\"text-align: center\"><span style=\"color: #333399\">Les informations sur les produits sont fournies au meilleur de nos connaissances et convictions. Toutes les dimensions sont approximatives. L&#039;utilisation des produits propos\u00e9s ici dans la boutique est \u00e0 vos propres risques. Chaque personne r\u00e9agit diff\u00e9remment aux influences ext\u00e9rieures, au plaisir ou \u00e0 la douleur, etc. Par cons\u00e9quent, aucune responsabilit\u00e9 ne peut \u00eatre accept\u00e9e en cas d&#039;utilisation inappropri\u00e9e.  Chaque utilisateur assume l&#039;enti\u00e8re responsabilit\u00e9 de l&#039;utilisation ou de la bonne utilisation des produits et de ses cons\u00e9quences impr\u00e9visibles.<\/span><\/p>\n<\/blockquote>","protected":false},"excerpt":{"rendered":"<p>Tarif de base : 3,25 \u20ac\/m<\/p>\n<p>D\u00e9lai de livraison : 5-7 jours*<\/p>","protected":false},"featured_media":8881,"template":"","meta":[],"product_brand":[],"product_cat":[216,217,367],"product_tag":[528],"class_list":{"0":"post-8861","1":"product","2":"type-product","3":"status-publish","4":"has-post-thumbnail","6":"product_cat-bondageseile","7":"product_cat-leinenhanfseil","8":"product_cat-leinenhanf-seil-zweifarbig","9":"product_tag-leinenhanfseil","11":"first","12":"outofstock","13":"taxable","14":"shipping-taxable","15":"purchasable","16":"product-type-simple"},"_links":{"self":[{"href":"https:\/\/bavarian-bondage.de\/fr\/wp-json\/wp\/v2\/product\/8861","targetHints":{"allow":["GET"]}}],"collection":[{"href":"https:\/\/bavarian-bondage.de\/fr\/wp-json\/wp\/v2\/product"}],"about":[{"href":"https:\/\/bavarian-bondage.de\/fr\/wp-json\/wp\/v2\/types\/product"}],"version-history":[{"count":3,"href":"https:\/\/bavarian-bondage.de\/fr\/wp-json\/wp\/v2\/product\/8861\/revisions"}],"predecessor-version":[{"id":13766,"href":"https:\/\/bavarian-bondage.de\/fr\/wp-json\/wp\/v2\/product\/8861\/revisions\/13766"}],"wp:featuredmedia":[{"embeddable":true,"href":"https:\/\/bavarian-bondage.de\/fr\/wp-json\/wp\/v2\/media\/8881"}],"wp:attachment":[{"href":"https:\/\/bavarian-bondage.de\/fr\/wp-json\/wp\/v2\/media?parent=8861"}],"wp:term":[{"taxonomy":"product_brand","embeddable":true,"href":"https:\/\/bavarian-bondage.de\/fr\/wp-json\/wp\/v2\/product_brand?post=8861"},{"taxonomy":"product_cat","embeddable":true,"href":"https:\/\/bavarian-bondage.de\/fr\/wp-json\/wp\/v2\/product_cat?post=8861"},{"taxonomy":"product_tag","embeddable":true,"href":"https:\/\/bavarian-bondage.de\/fr\/wp-json\/wp\/v2\/product_tag?post=8861"}],"curies":[{"name":"wp","href":"https:\/\/api.w.org\/{rel}","templated":true}]}}