{"id":8906,"date":"2023-01-31T13:54:05","date_gmt":"2023-01-31T12:54:05","guid":{"rendered":"https:\/\/bavarian-bondage.de\/?post_type=product&#038;p=8906"},"modified":"2026-03-20T08:55:29","modified_gmt":"2026-03-20T07:55:29","slug":"ishidaki-version-1","status":"publish","type":"product","link":"https:\/\/bavarian-bondage.de\/fr\/produkt\/ishidaki-version-1\/","title":{"rendered":"Ishidaki version 1"},"content":{"rendered":"<h3 style=\"text-align: center\">Ishidaki version 1<\/h3>\n<p style=\"text-align: center\">Notre interpr\u00e9tation moderne d&#039;un Ishidaki (planche \u00e0 genoux). La planche est en h\u00eatre et en noyer et peut \u00eatre utilis\u00e9e des deux c\u00f4t\u00e9s. Comme vous pouvez le voir sur les photos, un c\u00f4t\u00e9 comporte 13 entretoises transversales, tandis que le deuxi\u00e8me c\u00f4t\u00e9 comporte 593 petites pyramides. La planche est con\u00e7ue de mani\u00e8re \u00e0 toucher le sol aux quatre coins et au milieu \u00e0 gauche et \u00e0 droite. Les pointes des deux c\u00f4t\u00e9s sont plus basses d&#039;environ 3 mm pour ne pas endommager le sol. Il est toutefois conseill\u00e9 d\u2019utiliser une base.<\/p>\n<p style=\"text-align: center\">La planche Ishidaki est enti\u00e8rement fabriqu\u00e9e d&#039;une seule pi\u00e8ce, et seul le mat\u00e9riau de base a \u00e9t\u00e9 pr\u00e9alablement coll\u00e9 puis trait\u00e9 avec de l&#039;huile de bois. Que ce soit debout, assis ou \u00e0 genoux, la planche peut certainement enrichir votre s\u00e9ance de Shibari.<\/p>\n<p>&nbsp;<\/p>\n<p><strong>D\u00e9tails:<\/strong><\/p>\n<p>Mat\u00e9riau : h\u00eatre, noyer<br \/>\nCouleur : noyer \u2013 h\u00eatre<br \/>\nLongueur : 46 cm<br \/>\nLargeur : 40 cm<br \/>\nHauteur : 4 cm<br \/>\nPoids : environ 3 kg<\/p>\n<p>&nbsp;<\/p>\n<p>&nbsp;<\/p>\n<p><strong>Contenu de la livraison :<\/strong> 1x Ishidaki version 1 h\u00eatre et noyer<\/p>\n<p>&nbsp;<\/p>\n<hr \/>\n<blockquote>\n<p style=\"text-align: center\"><span style=\"color: #333399\">Les informations sur les produits sont fournies au meilleur de nos connaissances et convictions. Toutes les dimensions sont approximatives. L&#039;utilisation des produits propos\u00e9s ici dans la boutique est \u00e0 vos propres risques. Chaque personne r\u00e9agit diff\u00e9remment aux influences ext\u00e9rieures, au plaisir ou \u00e0 la douleur, etc. Par cons\u00e9quent, aucune responsabilit\u00e9 ne peut \u00eatre accept\u00e9e en cas d&#039;utilisation inappropri\u00e9e.  Chaque utilisateur assume l&#039;enti\u00e8re responsabilit\u00e9 de l&#039;utilisation ou de la bonne utilisation des produits et de ses cons\u00e9quences impr\u00e9visibles.<\/span><\/p>\n<\/blockquote>","protected":false},"excerpt":{"rendered":"<p>Ishidaki version 1<\/p>","protected":false},"featured_media":8981,"template":"","meta":[],"product_brand":[],"product_cat":[223],"product_tag":[],"class_list":{"0":"post-8906","1":"product","2":"type-product","3":"status-publish","4":"has-post-thumbnail","6":"product_cat-zubehoer","8":"first","9":"instock","10":"taxable","11":"shipping-taxable","12":"purchasable","13":"product-type-simple"},"_links":{"self":[{"href":"https:\/\/bavarian-bondage.de\/fr\/wp-json\/wp\/v2\/product\/8906","targetHints":{"allow":["GET"]}}],"collection":[{"href":"https:\/\/bavarian-bondage.de\/fr\/wp-json\/wp\/v2\/product"}],"about":[{"href":"https:\/\/bavarian-bondage.de\/fr\/wp-json\/wp\/v2\/types\/product"}],"version-history":[{"count":4,"href":"https:\/\/bavarian-bondage.de\/fr\/wp-json\/wp\/v2\/product\/8906\/revisions"}],"predecessor-version":[{"id":13946,"href":"https:\/\/bavarian-bondage.de\/fr\/wp-json\/wp\/v2\/product\/8906\/revisions\/13946"}],"wp:featuredmedia":[{"embeddable":true,"href":"https:\/\/bavarian-bondage.de\/fr\/wp-json\/wp\/v2\/media\/8981"}],"wp:attachment":[{"href":"https:\/\/bavarian-bondage.de\/fr\/wp-json\/wp\/v2\/media?parent=8906"}],"wp:term":[{"taxonomy":"product_brand","embeddable":true,"href":"https:\/\/bavarian-bondage.de\/fr\/wp-json\/wp\/v2\/product_brand?post=8906"},{"taxonomy":"product_cat","embeddable":true,"href":"https:\/\/bavarian-bondage.de\/fr\/wp-json\/wp\/v2\/product_cat?post=8906"},{"taxonomy":"product_tag","embeddable":true,"href":"https:\/\/bavarian-bondage.de\/fr\/wp-json\/wp\/v2\/product_tag?post=8906"}],"curies":[{"name":"wp","href":"https:\/\/api.w.org\/{rel}","templated":true}]}}