{"id":8914,"date":"2023-01-31T09:20:49","date_gmt":"2023-01-31T08:20:49","guid":{"rendered":"https:\/\/bavarian-bondage.de\/?post_type=product&#038;p=8914"},"modified":"2024-11-30T14:07:23","modified_gmt":"2024-11-30T13:07:23","slug":"horloge-murale-version-3","status":"publish","type":"product","link":"https:\/\/bavarian-bondage.de\/fr\/produkt\/wanduhr-version-3\/","title":{"rendered":"Horloge murale version 3"},"content":{"rendered":"<h3 style=\"text-align: center\">Horloge murale version 3<\/h3>\n<p style=\"text-align: center\">Nos horloges murales attirent certainement l&#039;attention !<\/p>\n<p style=\"text-align: center\">L&#039;horloge est fabriqu\u00e9e \u00e0 partir de multiplex de bouleau de 20 mm et du bois de peuplier est utilis\u00e9 comme couvercle au dos. Des cordes de chanvre de 3 mm et 4 mm sont utilis\u00e9es pour les chiffres romains et les secondes lignes. La fraise du milieu \u00e9tait peinte en noir et rouge.<\/p>\n<p>&nbsp;<\/p>\n<h3 style=\"text-align: center\"><strong>Un avis :<\/strong><\/h3>\n<p style=\"text-align: center\"><strong>Il n&#039;y a aucun mouvement, aucune main et aucune batterie incluse. La d\u00e9coupe au dos mesure 60x60 mm et a une profondeur de 20 mm. Le trou pour l&#039;arbre de l&#039;horloge est de 8 mm. La longueur de l&#039;arbre de l&#039;horloge doit \u00eatre d&#039;au moins 11 \u00e0 13 mm.<\/strong><\/p>\n<p><strong>D\u00e9tails:<\/strong><\/p>\n<p>Mat\u00e9riau : multiplex de bouleau<br \/>\nDiam\u00e8tre : 37 cm<br \/>\nLargeur : 40 cm<br \/>\nHauteur : 21 mm<br \/>\nPoids : environ 1 kg<\/p>\n<p>&nbsp;<\/p>\n<p>&nbsp;<\/p>\n<p><strong>Contenu de la livraison :<\/strong> 1x horloge murale version 3<\/p>\n<p>&nbsp;<\/p>\n<hr \/>\n<blockquote>\n<p style=\"text-align: center\"><span style=\"color: #333399\">Les informations sur les produits sont fournies au meilleur de nos connaissances et convictions. Toutes les dimensions sont approximatives. L&#039;utilisation des produits propos\u00e9s ici dans la boutique est \u00e0 vos propres risques. Chaque personne r\u00e9agit diff\u00e9remment aux influences ext\u00e9rieures, au plaisir ou \u00e0 la douleur, etc. Par cons\u00e9quent, aucune responsabilit\u00e9 ne peut \u00eatre accept\u00e9e en cas d&#039;utilisation inappropri\u00e9e.  Chaque utilisateur assume l&#039;enti\u00e8re responsabilit\u00e9 de l&#039;utilisation ou de la bonne utilisation des produits et de ses cons\u00e9quences impr\u00e9visibles.<\/span><\/p>\n<\/blockquote>","protected":false},"excerpt":{"rendered":"<p>D\u00e9lai de livraison : 5-7 jours*<\/p>","protected":false},"featured_media":8989,"template":"","meta":[],"product_brand":[],"product_cat":[223],"product_tag":[],"class_list":{"0":"post-8914","1":"product","2":"type-product","3":"status-publish","4":"has-post-thumbnail","6":"product_cat-zubehoer","8":"first","9":"instock","10":"taxable","11":"shipping-taxable","12":"purchasable","13":"product-type-simple"},"_links":{"self":[{"href":"https:\/\/bavarian-bondage.de\/fr\/wp-json\/wp\/v2\/product\/8914","targetHints":{"allow":["GET"]}}],"collection":[{"href":"https:\/\/bavarian-bondage.de\/fr\/wp-json\/wp\/v2\/product"}],"about":[{"href":"https:\/\/bavarian-bondage.de\/fr\/wp-json\/wp\/v2\/types\/product"}],"version-history":[{"count":6,"href":"https:\/\/bavarian-bondage.de\/fr\/wp-json\/wp\/v2\/product\/8914\/revisions"}],"predecessor-version":[{"id":13948,"href":"https:\/\/bavarian-bondage.de\/fr\/wp-json\/wp\/v2\/product\/8914\/revisions\/13948"}],"wp:featuredmedia":[{"embeddable":true,"href":"https:\/\/bavarian-bondage.de\/fr\/wp-json\/wp\/v2\/media\/8989"}],"wp:attachment":[{"href":"https:\/\/bavarian-bondage.de\/fr\/wp-json\/wp\/v2\/media?parent=8914"}],"wp:term":[{"taxonomy":"product_brand","embeddable":true,"href":"https:\/\/bavarian-bondage.de\/fr\/wp-json\/wp\/v2\/product_brand?post=8914"},{"taxonomy":"product_cat","embeddable":true,"href":"https:\/\/bavarian-bondage.de\/fr\/wp-json\/wp\/v2\/product_cat?post=8914"},{"taxonomy":"product_tag","embeddable":true,"href":"https:\/\/bavarian-bondage.de\/fr\/wp-json\/wp\/v2\/product_tag?post=8914"}],"curies":[{"name":"wp","href":"https:\/\/api.w.org\/{rel}","templated":true}]}}