{"id":9419,"date":"2023-02-02T11:38:03","date_gmt":"2023-02-02T10:38:03","guid":{"rendered":"https:\/\/bavarian-bondage.de\/?post_type=product&#038;p=9419"},"modified":"2025-12-21T01:07:24","modified_gmt":"2025-12-21T00:07:24","slug":"corde-en-lin-et-chanvre-naturel-3-mm-corde-simple-classique-4-m","status":"publish","type":"product","link":"https:\/\/bavarian-bondage.de\/fr\/produkt\/leinenhanfseil-natur-3mm-klassik-einzelseil-4m\/","title":{"rendered":"Corde de chanvre lin naturel 3mm classique; Corde \u00e0 simple 4m"},"content":{"rendered":"<h3 style=\"text-align: center\">Corde lin chanvre 3mm CLASSIC<\/h3>\n<p style=\"text-align: center\">La corde en chanvre Classic de 3 mm est agr\u00e9ablement douce, tr\u00e8s souple et impressionne par sa texture uniforme. Sans n\u0153uds, inodore, elle ne peluche pratiquement pas. La corde en chanvre \u00e0 trois brins a \u00e9t\u00e9 lav\u00e9e, cass\u00e9e, flamm\u00e9e puis huil\u00e9e. Sa couleur est un gris clair naturel. Les extr\u00e9mit\u00e9s sont nou\u00e9es par un simple n\u0153ud plat.<\/p>\n<p style=\"text-align: center\">Les cordes de 3 mm ne sont pas destin\u00e9es au bondage normal. Ils sont utilis\u00e9s aussi bien pour des d\u00e9corations artistiques que pour attacher les cheveux ou le visage.<\/p>\n<p>&nbsp;<\/p>\n<p><strong>D\u00e9tails:<\/strong><\/p>\n<p>Corde lin chanvre 3mm CLASSIC<br \/>\n3 arbres tourn\u00e9s<br \/>\nCouleur : gris clair<br \/>\nNoeud simple<br \/>\nLongueur : 1x4m<br \/>\n(La longueur de la corde peut diff\u00e9rer de la longueur sp\u00e9cifi\u00e9e jusqu&#039;\u00e0 3%)<\/p>\n<p>&nbsp;<\/p>\n<p><span style=\"color: #ff0000\"><strong>Un avis :<\/strong><\/span><\/p>\n<p>V\u00e9rifiez r\u00e9guli\u00e8rement l&#039;usure et les dommages des cordes\u00a0!<br \/>\nSi les cordes sont battues ou tordues, elles peuvent se d\u00e9tacher pendant l&#039;utilisation !<\/p>\n<p>&nbsp;<\/p>\n<p><strong>Contenu de la livraison :<\/strong> 1x4m corde lin chanvre 3mm CLASSIC<\/p>\n<p>&nbsp;<\/p>\n<hr \/>\n<blockquote>\n<p style=\"text-align: center\"><span style=\"color: #333399\">Les informations sur les produits sont fournies au meilleur de nos connaissances et convictions. Toutes les dimensions sont approximatives. L&#039;utilisation des produits propos\u00e9s ici dans la boutique est \u00e0 vos propres risques. Chaque personne r\u00e9agit diff\u00e9remment aux influences ext\u00e9rieures, au plaisir ou \u00e0 la douleur, etc. Par cons\u00e9quent, aucune responsabilit\u00e9 ne peut \u00eatre accept\u00e9e en cas d&#039;utilisation inappropri\u00e9e.  Chaque utilisateur assume l&#039;enti\u00e8re responsabilit\u00e9 de l&#039;utilisation ou de la bonne utilisation des produits et de ses cons\u00e9quences impr\u00e9visibles.<\/span><\/p>\n<\/blockquote>","protected":false},"excerpt":{"rendered":"<p>Prix de base : 1,68 \u20ac\/m<\/p>\n<p>D\u00e9lai de livraison : 5-7 jours*<\/p>","protected":false},"featured_media":9750,"template":"","meta":[],"product_brand":[],"product_cat":[216,496,217,218],"product_tag":[],"class_list":{"0":"post-9419","1":"product","2":"type-product","3":"status-publish","4":"has-post-thumbnail","6":"product_cat-bondageseile","7":"product_cat-leinenhanfseil-3mm","8":"product_cat-leinenhanfseil","9":"product_cat-leinenhanfseil-natur","11":"first","12":"instock","13":"taxable","14":"shipping-taxable","15":"purchasable","16":"product-type-simple"},"_links":{"self":[{"href":"https:\/\/bavarian-bondage.de\/fr\/wp-json\/wp\/v2\/product\/9419","targetHints":{"allow":["GET"]}}],"collection":[{"href":"https:\/\/bavarian-bondage.de\/fr\/wp-json\/wp\/v2\/product"}],"about":[{"href":"https:\/\/bavarian-bondage.de\/fr\/wp-json\/wp\/v2\/types\/product"}],"version-history":[{"count":4,"href":"https:\/\/bavarian-bondage.de\/fr\/wp-json\/wp\/v2\/product\/9419\/revisions"}],"predecessor-version":[{"id":13601,"href":"https:\/\/bavarian-bondage.de\/fr\/wp-json\/wp\/v2\/product\/9419\/revisions\/13601"}],"wp:featuredmedia":[{"embeddable":true,"href":"https:\/\/bavarian-bondage.de\/fr\/wp-json\/wp\/v2\/media\/9750"}],"wp:attachment":[{"href":"https:\/\/bavarian-bondage.de\/fr\/wp-json\/wp\/v2\/media?parent=9419"}],"wp:term":[{"taxonomy":"product_brand","embeddable":true,"href":"https:\/\/bavarian-bondage.de\/fr\/wp-json\/wp\/v2\/product_brand?post=9419"},{"taxonomy":"product_cat","embeddable":true,"href":"https:\/\/bavarian-bondage.de\/fr\/wp-json\/wp\/v2\/product_cat?post=9419"},{"taxonomy":"product_tag","embeddable":true,"href":"https:\/\/bavarian-bondage.de\/fr\/wp-json\/wp\/v2\/product_tag?post=9419"}],"curies":[{"name":"wp","href":"https:\/\/api.w.org\/{rel}","templated":true}]}}