{"id":9569,"date":"2023-02-15T12:46:17","date_gmt":"2023-02-15T11:46:17","guid":{"rendered":"https:\/\/bavarian-bondage.de\/?post_type=product&#038;p=9569"},"modified":"2026-03-19T07:02:01","modified_gmt":"2026-03-19T06:02:01","slug":"coupon","status":"publish","type":"product","link":"https:\/\/bavarian-bondage.de\/fr\/produkt\/gutschein\/","title":{"rendered":"Coupon"},"content":{"rendered":"<h3 style=\"text-align: center\">Coupon<\/h3>\n<h3 style=\"text-align: center\"><span style=\"color: #0000ff\">Veuillez commander les bons s\u00e9par\u00e9ment des autres produits<\/span><\/h3>\n<p style=\"text-align: center\">Le cadeau parfait pour de nombreuses occasions ! Offrez et faites plaisir !<\/p>\n<p style=\"text-align: center\">Suite \u00e0 de nombreuses demandes, nous proposons d\u00e9sormais des ch\u00e8ques-cadeaux. Ils sont valables dans notre boutique. Nous vous enverrons gratuitement votre ch\u00e8que-cadeau par courrier. Si vous en avez besoin en urgence, nous pouvons \u00e9galement vous l&#039;envoyer par e-mail afin que vous puissiez l&#039;imprimer vous-m\u00eame.<\/p>\n<p style=\"text-align: center\">Le code du bon d&#039;achat se trouve en bas \u00e0 gauche et sera envoy\u00e9 s\u00e9par\u00e9ment par email en cas d&#039;envoi par courrier. Il y a encore de la place pour vos mots personnels au dos !<\/p>\n<p>&nbsp;<\/p>\n<p><strong>D\u00e9tails:<\/strong><\/p>\n<p>Dimensions : 10,7 cm x 21,2 cm<\/p>\n<p>Validit\u00e9 : 2 ans apr\u00e8s l&#039;achat<\/p>\n<p>&nbsp;<\/p>\n<p><span style=\"color: #ff0000\"><strong>Un avis :<\/strong><\/span><\/p>\n<ul>\n<li>Plusieurs bons peuvent \u00eatre \u00e9chang\u00e9s en m\u00eame temps.<\/li>\n<li>Le bon ne peut \u00eatre utilis\u00e9 que dans sa totalit\u00e9.<\/li>\n<li>Le rachat partiel et le retrait ne sont pas possibles.<\/li>\n<\/ul>\n<p>&nbsp;<\/p>\n<p><strong>Contenu de la livraison :<\/strong> Un bon (valeur s\u00e9lectionnable), envoy\u00e9 par lettre ou e-mail<\/p>\n<p>&nbsp;<\/p>\n<hr \/>\n<blockquote>\n<p style=\"text-align: center\"><span style=\"color: #333399\">Les informations sur les produits sont fournies au meilleur de nos connaissances et convictions. Toutes les dimensions sont approximatives. L&#039;utilisation des produits propos\u00e9s ici dans la boutique est \u00e0 vos propres risques. Chaque personne r\u00e9agit diff\u00e9remment aux influences ext\u00e9rieures, au plaisir ou \u00e0 la douleur, etc. Par cons\u00e9quent, aucune responsabilit\u00e9 ne peut \u00eatre accept\u00e9e en cas d&#039;utilisation inappropri\u00e9e.  Chaque utilisateur assume l&#039;enti\u00e8re responsabilit\u00e9 de l&#039;utilisation ou de la bonne utilisation des produits et de ses cons\u00e9quences impr\u00e9visibles.<\/span><\/p>\n<\/blockquote>","protected":false},"excerpt":{"rendered":"<p>D\u00e9lai de livraison : 5-7 jours*<\/p>","protected":false},"featured_media":9668,"template":"","meta":[],"product_brand":[],"product_cat":[223,222],"product_tag":[],"class_list":{"0":"post-9569","1":"product","2":"type-product","3":"status-publish","4":"has-post-thumbnail","6":"product_cat-zubehoer","7":"product_cat-alle-produkte","9":"first","10":"instock","11":"purchasable","12":"product-type-variable"},"_links":{"self":[{"href":"https:\/\/bavarian-bondage.de\/fr\/wp-json\/wp\/v2\/product\/9569","targetHints":{"allow":["GET"]}}],"collection":[{"href":"https:\/\/bavarian-bondage.de\/fr\/wp-json\/wp\/v2\/product"}],"about":[{"href":"https:\/\/bavarian-bondage.de\/fr\/wp-json\/wp\/v2\/types\/product"}],"version-history":[{"count":5,"href":"https:\/\/bavarian-bondage.de\/fr\/wp-json\/wp\/v2\/product\/9569\/revisions"}],"predecessor-version":[{"id":16990,"href":"https:\/\/bavarian-bondage.de\/fr\/wp-json\/wp\/v2\/product\/9569\/revisions\/16990"}],"wp:featuredmedia":[{"embeddable":true,"href":"https:\/\/bavarian-bondage.de\/fr\/wp-json\/wp\/v2\/media\/9668"}],"wp:attachment":[{"href":"https:\/\/bavarian-bondage.de\/fr\/wp-json\/wp\/v2\/media?parent=9569"}],"wp:term":[{"taxonomy":"product_brand","embeddable":true,"href":"https:\/\/bavarian-bondage.de\/fr\/wp-json\/wp\/v2\/product_brand?post=9569"},{"taxonomy":"product_cat","embeddable":true,"href":"https:\/\/bavarian-bondage.de\/fr\/wp-json\/wp\/v2\/product_cat?post=9569"},{"taxonomy":"product_tag","embeddable":true,"href":"https:\/\/bavarian-bondage.de\/fr\/wp-json\/wp\/v2\/product_tag?post=9569"}],"curies":[{"name":"wp","href":"https:\/\/api.w.org\/{rel}","templated":true}]}}