{"id":9972,"date":"2023-04-16T12:17:54","date_gmt":"2023-04-16T10:17:54","guid":{"rendered":"https:\/\/bavarian-bondage.de\/?post_type=product&#038;p=9972"},"modified":"2026-03-23T17:02:29","modified_gmt":"2026-03-23T16:02:29","slug":"chic-noir-55mm","status":"publish","type":"product","link":"https:\/\/bavarian-bondage.de\/fr\/produkt\/posh-schwarz-55mm\/","title":{"rendered":"Noir chic 5,5 mm"},"content":{"rendered":"<h3 style=\"text-align: center\">Noir chic 5,5 mm<\/h3>\n<p style=\"text-align: center\">Les cordes en polyester aux couleurs vives sont model\u00e9es sur des cordes de chanvre et de jute battues. Puisqu&#039;elles peuvent \u00eatre lav\u00e9es et s\u00e9ch\u00e9es sans trop d&#039;effort et qu&#039;elles ne se contractent pas au contact de l&#039;eau, les cordes sont id\u00e9ales pour les applications ext\u00e9rieures.<\/p>\n<p style=\"text-align: center\">Les cordes en polyester ont une charge de rupture environ deux fois sup\u00e9rieure \u00e0 celle des cordes en chanvre de m\u00eame diam\u00e8tre et constituent \u00e9galement une bonne alternative aux fibres naturelles pour de nombreuses personnes allergiques. Presque pas de peluches, douces pour la peau et un toucher tr\u00e8s similaire aux cordes en fibres naturelles font des cordes Posh une alternative int\u00e9ressante pour de nombreuses applications.<\/p>\n<p style=\"text-align: center\">Contrairement \u00e0 la plupart des cordes en plastique, les n\u0153uds restent stables et peuvent \u00eatre rouverts relativement facilement. Les cordes ne s&#039;\u00e9tirent pratiquement pas et ne g\u00e9n\u00e8rent pas beaucoup de chaleur lorsqu&#039;elles sont tir\u00e9es rapidement sur la peau.<\/p>\n<p style=\"text-align: center\"><strong>Important<\/strong>: Le plastique ne peut pas \u00eatre flamb\u00e9 et les huiles ou cires sont d\u00e9conseill\u00e9es !<\/p>\n<p style=\"text-align: center\"><span style=\"color: #ff0000\"><strong>Utilisez toujours un mousqueton pour les suspensions et \u00e9vitez le frottement des cordes entre elles.<\/strong><\/span><\/p>\n<p><strong>D\u00e9tails:<\/strong><\/p>\n<p>Corde Posh 5.5mm EXCLUSIF<br \/>\n3 arbres tourn\u00e9s<br \/>\nCouleur: Noir<br \/>\nNoeud trisk<br \/>\nMat\u00e9riel: polyester<br \/>\nQuantit\u00e9\u00a0: Version s\u00e9lectionnable<br \/>\n(La longueur de la corde peut diff\u00e9rer de la longueur sp\u00e9cifi\u00e9e jusqu&#039;\u00e0 3%)<\/p>\n<p>&nbsp;<\/p>\n<p><span style=\"color: #ff0000\"><strong>Un avis :<\/strong><\/span><\/p>\n<p>V\u00e9rifiez r\u00e9guli\u00e8rement l&#039;usure et les dommages des cordes\u00a0!<br \/>\nSi les cordes sont battues ou tordues, elles peuvent se d\u00e9tacher pendant l&#039;utilisation !<\/p>\n<p>&nbsp;<\/p>\n<p><strong>Contenu de la livraison :<\/strong> Corde chic 5,5 mm noire ; Version s\u00e9lectionnable<\/p>\n<hr \/>\n<blockquote>\n<p style=\"text-align: center\"><span style=\"color: #333399\">Les informations sur les produits sont fournies au meilleur de nos connaissances et convictions. Toutes les dimensions sont approximatives. L&#039;utilisation des produits propos\u00e9s ici dans la boutique est \u00e0 vos propres risques. Chaque personne r\u00e9agit diff\u00e9remment aux influences ext\u00e9rieures, au plaisir ou \u00e0 la douleur, etc. Par cons\u00e9quent, aucune responsabilit\u00e9 ne peut \u00eatre accept\u00e9e en cas d&#039;utilisation inappropri\u00e9e.  Chaque utilisateur assume l&#039;enti\u00e8re responsabilit\u00e9 de l&#039;utilisation ou de la bonne utilisation des produits et de ses cons\u00e9quences impr\u00e9visibles.<\/span><\/p>\n<\/blockquote>","protected":false},"excerpt":{"rendered":"<p>D\u00e9lai de livraison : 5-7 jours*<\/p>","protected":false},"featured_media":10142,"template":"","meta":[],"product_brand":[],"product_cat":[222,515,216],"product_tag":[],"class_list":{"0":"post-9972","1":"product","2":"type-product","3":"status-publish","4":"has-post-thumbnail","6":"product_cat-alle-produkte","7":"product_cat-posh","8":"product_cat-bondageseile","10":"first","11":"instock","12":"taxable","13":"shipping-taxable","14":"purchasable","15":"product-type-variable"},"_links":{"self":[{"href":"https:\/\/bavarian-bondage.de\/fr\/wp-json\/wp\/v2\/product\/9972","targetHints":{"allow":["GET"]}}],"collection":[{"href":"https:\/\/bavarian-bondage.de\/fr\/wp-json\/wp\/v2\/product"}],"about":[{"href":"https:\/\/bavarian-bondage.de\/fr\/wp-json\/wp\/v2\/types\/product"}],"version-history":[{"count":4,"href":"https:\/\/bavarian-bondage.de\/fr\/wp-json\/wp\/v2\/product\/9972\/revisions"}],"predecessor-version":[{"id":16746,"href":"https:\/\/bavarian-bondage.de\/fr\/wp-json\/wp\/v2\/product\/9972\/revisions\/16746"}],"wp:featuredmedia":[{"embeddable":true,"href":"https:\/\/bavarian-bondage.de\/fr\/wp-json\/wp\/v2\/media\/10142"}],"wp:attachment":[{"href":"https:\/\/bavarian-bondage.de\/fr\/wp-json\/wp\/v2\/media?parent=9972"}],"wp:term":[{"taxonomy":"product_brand","embeddable":true,"href":"https:\/\/bavarian-bondage.de\/fr\/wp-json\/wp\/v2\/product_brand?post=9972"},{"taxonomy":"product_cat","embeddable":true,"href":"https:\/\/bavarian-bondage.de\/fr\/wp-json\/wp\/v2\/product_cat?post=9972"},{"taxonomy":"product_tag","embeddable":true,"href":"https:\/\/bavarian-bondage.de\/fr\/wp-json\/wp\/v2\/product_tag?post=9972"}],"curies":[{"name":"wp","href":"https:\/\/api.w.org\/{rel}","templated":true}]}}