{"id":10,"date":"2018-09-04T13:47:19","date_gmt":"2018-09-04T11:47:19","guid":{"rendered":"http:\/\/bavarian-bondage.mysupr.de\/agb\/"},"modified":"2025-07-20T08:34:26","modified_gmt":"2025-07-20T06:34:26","slug":"termini-e-condizioni-generali","status":"publish","type":"page","link":"https:\/\/bavarian-bondage.de\/it\/agb\/","title":{"rendered":"Termini e Condizioni"},"content":{"rendered":"<div data-elementor-type=\"wp-post\" data-elementor-id=\"10\" class=\"elementor elementor-10\" data-elementor-post-type=\"page\">\n\t\t\t\t<div class=\"elementor-element elementor-element-664daa6 e-con-full e-flex e-con e-parent\" data-id=\"664daa6\" data-element_type=\"container\" data-e-type=\"container\">\n\t\t\t\t<div class=\"elementor-element elementor-element-3db340b elementor-widget elementor-widget-text-editor\" data-id=\"3db340b\" data-element_type=\"widget\" data-e-type=\"widget\" data-widget_type=\"text-editor.default\">\n\t\t\t\t\t\t\t\t\t<p><strong>Condizioni generali e informazioni per il cliente<\/strong><br \/><br \/><strong>I. Termini e Condizioni Generali<\/strong><br \/><br \/><strong>\u00a7 1 Disposizioni fondamentali<\/strong><br \/><br \/><strong>(1)<\/strong>\u00a0I seguenti termini e condizioni si applicano ai contratti stipulati con noi in qualit\u00e0 di fornitore\u00a0<strong>(Andrea Venere)<\/strong>\u00a0tramite il sito web www.bavarian-bondage.de. Salvo diverso accordo, l&#039;inclusione di eventuali termini e condizioni eventualmente utilizzati \u00e8 contestata.<br \/><br \/><strong>(2)<\/strong>\u00a0Un consumatore ai sensi delle seguenti norme \u00e8 qualsiasi persona fisica che conclude un negozio giuridico per scopi che non possono essere prevalentemente attribuiti n\u00e9 alla sua attivit\u00e0 commerciale n\u00e9 a quella professionale indipendente. Un imprenditore \u00e8 qualsiasi persona fisica o giuridica o una societ\u00e0 di persone dotata di capacit\u00e0 giuridica che, quando conclude un negozio giuridico, agisce nell&#039;esercizio della propria attivit\u00e0 professionale o commerciale indipendente.<br \/><br \/><strong>\u00a7 2 Conclusione del contratto<\/strong><br \/><br \/><strong>(1)<\/strong>\u00a0Oggetto del contratto \u00e8 la vendita della merce.<br \/><br \/><strong>(2)<\/strong>\u00a0Quando inserisci il rispettivo prodotto sul nostro sito web, ti presentiamo un&#039;offerta vincolante per la conclusione di un contratto tramite il sistema del carrello online alle condizioni indicate nella descrizione dell&#039;articolo.\u00a0<br \/><br \/><strong>(3)<\/strong>\u00a0Il contratto viene concluso tramite il sistema del carrello online come segue:<br \/>La merce destinata all&#039;acquisto viene inserita nel \u201ccarrello\u201d. Tramite il pulsante corrispondente nella barra di navigazione \u00e8 possibile accedere al &quot;carrello&quot; e apportare modifiche in qualsiasi momento.<br \/>Dopo aver cliccato sul pulsante &quot;Checkout&quot; o &quot;Continua con l&#039;ordine&quot; (o nome simile) e inserito i vostri dati personali, nonch\u00e9 le condizioni di pagamento e spedizione, vi verranno visualizzati i dettagli dell&#039;ordine come panoramica dell&#039;ordine.<br \/><br \/>Se utilizzi un sistema di pagamento immediato (ad esempio PayPal (Express\/Plus\/Checkout), Amazon Pay, Sofort) come metodo di pagamento, verrai indirizzato alla pagina di panoramica dell&#039;ordine nel nostro negozio online oppure al sito web del fornitore del sistema di pagamento immediato.<br \/>Se vieni reindirizzato al rispettivo sistema di pagamento istantaneo, effettua la selezione appropriata o inserisci l\u00ec i tuoi dati. Infine, i dati dell&#039;ordine verranno visualizzati come panoramica dell&#039;ordine sul sito web del fornitore del sistema di pagamento istantaneo o dopo essere stati reindirizzati al nostro negozio online.<br \/><br \/>Prima di inviare l&#039;ordine avete la possibilit\u00e0 di verificare nuovamente le informazioni nella panoramica dell&#039;ordine, modificarle (anche utilizzando la funzione \u201cindietro\u201d del browser internet) o annullare l&#039;ordine.<\/p><div>Inviando l&#039;ordine utilizzando il pulsante corrispondente (&quot;ordina con pagamento&quot;, &quot;acquista&quot; \/ &quot;acquista ora&quot;, &quot;ordina con pagamento&quot;, &quot;paga&quot; \/ &quot;paga adesso&quot; o termini simili) dichiari di accettare in modo giuridicamente vincolante le offerta, con la quale il contratto entra in vigore.<\/div><div>\u00a0<\/div><p><strong>(4)<\/strong>\u00a0Le tue richieste di creazione di un&#039;offerta non sono vincolanti per te. Ti faremo un&#039;offerta vincolante in forma di testo (ad esempio via e-mail), che potrai accettare entro 5 giorni (a meno che nella rispettiva offerta non sia indicata un&#039;altra scadenza).<br \/><br \/><strong>(5)<\/strong>\u00a0L&#039;elaborazione dell&#039;ordine e la trasmissione di tutte le informazioni necessarie in relazione alla conclusione del contratto sono in parte automatizzate tramite e-mail. Dovrai quindi assicurarti che l&#039;indirizzo e-mail che ci fornisci sia corretto, che la ricezione delle e-mail sia tecnicamente garantita e, in particolare, che non sia impedita dai filtri SPAM.<br \/><br \/><strong>\u00a7 3<\/strong>\u00a0<strong>Merci progettate individualmente<\/strong><br \/><br \/><strong>(1)\u00a0<\/strong>Ci fornisci le informazioni, i testi o i file appropriati necessari per la progettazione individuale della merce tramite il sistema di ordinazione online o al pi\u00f9 tardi via e-mail immediatamente dopo la conclusione del contratto. \u00c8 necessario rispettare le nostre eventuali specifiche relative ai formati dei file.<br \/>\u00a0<br \/><strong>(2)<\/strong>\u00a0Vi impegnate a non trasmettere dati il cui contenuto violi i diritti di terzi (in particolare i diritti d&#039;autore, i diritti sui nomi, i diritti sui marchi) o le leggi vigenti. Ci esoneri espressamente da tutte le pretese di terzi avanzate in questo contesto. Ci\u00f2 vale anche per i costi della rappresentanza legale necessaria in questo contesto.<br \/>\u00a0<br \/><strong>(3)<\/strong>\u00a0Non controlliamo l&#039;esattezza dei dati trasmessi e pertanto non ci assumiamo alcuna responsabilit\u00e0 per eventuali errori.<br \/><br \/><strong>\u00a7 4 Conclusione del contratto per i corsi<\/strong><br \/><br \/><strong>(1)<\/strong>\u00a0Oggetto del contratto \u00e8 la realizzazione dei corsi.<br \/><br \/>Le nostre offerte su Internet non sono vincolanti e non costituiscono un&#039;offerta vincolante per la conclusione di un contratto.<br \/><br \/><strong>(2)<\/strong>\u00a0Le tue richieste di creazione di un&#039;offerta non sono vincolanti per te. Ti faremo un&#039;offerta vincolante in forma di testo (ad esempio via e-mail), che potrai accettare entro 5 giorni (a meno che nella rispettiva offerta non sia indicata un&#039;altra scadenza).<br \/><br \/><strong>(3)<\/strong>\u00a0L&#039;elaborazione dell&#039;ordine e la trasmissione di tutte le informazioni necessarie in relazione alla conclusione del contratto sono in parte automatizzate tramite e-mail. Dovrai quindi assicurarti che l&#039;indirizzo e-mail che ci fornisci sia corretto, che la ricezione delle e-mail sia tecnicamente garantita e, in particolare, che non sia impedita dai filtri SPAM.<br \/><br \/><strong>\u00a7 5 Fornitura di servizi per i corsi<\/strong><br \/><br \/><strong>(1)<\/strong>\u00a0I corsi verranno svolti nelle forme descritte nelle rispettive offerte nelle date concordate.<br \/><br \/><strong>(2)<\/strong>\u00a0Se lo svolgimento dei corsi dipende dal numero di partecipanti, il numero minimo di partecipanti \u00e8 determinato dalla rispettiva offerta.<br \/>Se non viene raggiunto il numero minimo di partecipanti, vi informeremo via testo (ad esempio via e-mail) almeno 7 giorni prima dell&#039;inizio del corso che il corso prenotato non avr\u00e0 luogo. In questo caso eventuali servizi gi\u00e0 forniti verranno rimborsati immediatamente.<br \/><br \/><strong>(3)<\/strong>\u00a0Se un singolo evento viene annullato per breve assenza del responsabile del corso per malattia o altro motivo importante, i servizi gi\u00e0 forniti verranno immediatamente rimborsati.<br \/>Per eventi composti da pi\u00f9 date, se l&#039;appuntamento viene annullato perch\u00e9 l&#039;istruttore del corso non pu\u00f2 essere presente con breve preavviso a causa di malattia o per un altro motivo importante, l&#039;appuntamento annullato verr\u00e0 recuperato in una data alternativa.<br \/><br \/><strong>(4)<\/strong>\u00a0In relazione all&#039;utilizzo delle stanze e degli oggetti del corso \u00e8 necessario rispettare le regole della casa locali. \u00c8 necessario attenersi alle nostre istruzioni o alle istruzioni dell&#039;istruttore del corso.<br \/><br \/><strong>\u00a7 6 Recesso\/Cancellazione<\/strong><br \/><br \/><strong>(1)<\/strong>\u00a0Puoi recedere dal contratto gratuitamente fino a 7 giorni prima dell&#039;inizio del corso. Il ritiro deve avvenire in forma testuale (es. email). Il momento rilevante per rispettare la scadenza \u00e8 il momento in cui riceviamo la dichiarazione di recesso.<br \/>Il recesso non \u00e8 pi\u00f9 possibile a meno di 7 giorni dall&#039;inizio del corso.<br \/><br \/><strong>(2)<\/strong>\u00a0In caso di mancata o parziale partecipazione al corso prenotato non \u00e8 possibile alcun rimborso della quota del corso.<br \/><br \/><strong>(3)<\/strong>\u00a0Ci\u00f2 non pregiudica il diritto di recesso previsto dalla legge; esso sussiste indipendentemente dall&#039;esistenza o meno di questo ulteriore diritto di recesso.<br \/><br \/><strong>\u00a7 7 Partecipanti sostitutivi<\/strong><br \/><br \/>\u00c8 possibile nominare un partecipante sostitutivo in qualsiasi momento prima dell&#039;inizio del corso. Non dovrai sostenere alcun costo per questa nuova prenotazione.<br \/><br \/><strong>\u00a7 8 Accordi particolari sulle modalit\u00e0 di pagamento offerte<\/strong><br \/><br \/><strong>(1) Pagamento tramite Klarna<\/strong><br \/>In collaborazione con il fornitore di servizi di pagamento Klarna Bank AB (publ) (Sveav\u00e4gen 46, 111 34 Stoccolma, Svezia; &quot;Klarna&quot;), offriamo le seguenti opzioni di pagamento. Il pagamento viene effettuato a Klarna:<\/p><ul><li><strong>Addebito diretto\u00a0<\/strong>(\u201cPaga adesso\u201d)<\/li><\/ul><ul><li><strong>Trasferimento istantaneo\u00a0<\/strong>(\u201cPaga adesso\u201d)<\/li><\/ul><p>L&#039;utilizzo delle modalit\u00e0 di pagamento fattura e\/o acquisto rateale e\/o addebito diretto presuppone una verifica positiva della solvibilit\u00e0. A questo proposito, nell&#039;ambito dell&#039;avvio dell&#039;acquisto e dell&#039;elaborazione del contratto di acquisto, trasmettiamo i vostri dati a Klarna ai fini della verifica dell&#039;indirizzo e della solvibilit\u00e0. Ti preghiamo di comprendere che possiamo offrirti solo i metodi di pagamento consentiti in base ai risultati della verifica del credito.<br \/><br \/>Ulteriori informazioni su Klarna e le condizioni di utilizzo di Klarna per la Germania sono disponibili all&#039;indirizzo\u00a0<a href=\"https:\/\/cdn.klarna.com\/1.0\/shared\/content\/legal\/terms\/0\/de_de\/user\" target=\"_blank\" rel=\"noopener\">https:\/\/cdn.klarna.com\/1.0\/shared\/content\/legal\/terms\/0\/de_de\/user<\/a>\u00a0E\u00a0<a href=\"https:\/\/www.klarna.com\/de\/\" target=\"_blank\" rel=\"noopener\">https:\/\/www.klarna.com\/de\/<\/a>.<br \/><br \/><strong>(2)\u00a0<\/strong><strong>Pagamento tramite \u201cPayPal\u201d \/ \u201cPayPal Checkout\u201d<\/strong><br \/>Se si seleziona un metodo di pagamento offerto tramite \u201cPayPal\u201d \/ \u201cPayPal Checkout\u201d, il pagamento viene elaborato tramite il fornitore di servizi di pagamento PayPal (Europa) S.\u00e0.rl et Cie, SCA (22-24 Boulevard Royal L-2449, Lussemburgo; \u201cPayPal\u201d). Le singole modalit\u00e0 di pagamento tramite &quot;PayPal&quot; vi vengono visualizzate sotto un pulsante contrassegnato in modo corrispondente sul nostro sito web e nel processo di ordinazione online. \u201cPayPal\u201d pu\u00f2 utilizzare altri servizi di pagamento per l&#039;elaborazione dei pagamenti; Se si applicano condizioni di pagamento speciali, sarete informati separatamente. Ulteriori informazioni su &quot;PayPal&quot; sono disponibili all&#039;indirizzo\u00a0<a href=\"https:\/\/www.paypal.com\/de\/webapps\/mpp\/ua\/legalhub-full\" target=\"_blank\" rel=\"noopener\">https:\/\/www.paypal.com\/de\/webapps\/mpp\/ua\/legalhub-full<\/a>.<br \/><br \/><strong>\u00a7 9 Diritto di ritenzione<\/strong><strong>, riserva di propriet\u00e0<\/strong><br \/><br \/><strong>(1)<\/strong>\u00a0Potete esercitare il diritto di ritenzione solo se si tratta di crediti derivanti dallo stesso rapporto contrattuale.<br \/><br \/><strong>(2)<\/strong>\u00a0La merce resta di nostra propriet\u00e0 fino al completo pagamento del prezzo di acquisto.<br \/><br \/><strong>(3)<\/strong>\u00a0Se sei un imprenditore, vale anche quanto segue:<br \/><br \/>a) Ci riserviamo la propriet\u00e0 della merce fino al completo pagamento di tutti i crediti derivanti dal rapporto commerciale in corso. Non \u00e8 consentita la costituzione in pegno o il trasferimento di garanzie prima del trasferimento della propriet\u00e0 dei beni riservati.<br \/><br \/>b) \u00c8 possibile rivendere la merce nel normale svolgimento dell&#039;attivit\u00e0. In questo caso ci cedete tutti i crediti derivanti dalla rivendita per un importo pari all&#039;importo della fattura e noi accettiamo la cessione. Sei comunque autorizzato a riscuotere il credito. Tuttavia, se non rispetti adeguatamente i tuoi obblighi di pagamento, ci riserviamo il diritto di riscuotere noi stessi il credito.<br \/><br \/>c) Se la merce riservata viene combinata o mescolata, acquisiamo la compropriet\u00e0 della nuova cosa in proporzione al valore della fattura della merce riservata rispetto agli altri articoli lavorati al momento della lavorazione.<br \/><br \/>d) Ci impegniamo a svincolare le garanzie a cui abbiamo diritto su vostra richiesta nella misura in cui il valore realizzabile delle nostre garanzie supera il credito da garantire di oltre 10%. Siamo responsabili della selezione dei titoli da svincolare.<br \/><br \/><strong>\u00a7 10 Garanzia<\/strong><br \/><br \/><strong>(1)\u00a0<\/strong>Si applicano i diritti legali di responsabilit\u00e0 per difetti.<br \/><br \/><strong>(2)<\/strong>\u00a0In qualit\u00e0 di consumatore, sei tenuto a controllare immediatamente la merce al momento della consegna per verificarne la completezza, i difetti evidenti e i danni da trasporto e a segnalare eventuali reclami a noi e allo spedizioniere il pi\u00f9 rapidamente possibile. Il mancato rispetto di quanto sopra non avr\u00e0 alcun effetto sui vostri diritti di garanzia previsti dalla legge.<br \/><br \/><strong>(3)\u00a0<\/strong>Se una caratteristica della merce si discosta dai requisiti oggettivi, la deviazione \u00e8 considerata concordata solo se ne siete stati informati da noi prima della stipula della dichiarazione contrattuale e la deviazione \u00e8 stata espressamente e separatamente concordata tra le parti contraenti.<br \/><br \/><strong>(4)<\/strong>\u00a0Se sei un imprenditore, si applicano le seguenti disposizioni di garanzia:<br \/><br \/><strong>UN)\u00a0\u00a0<\/strong>Per quanto riguarda la qualit\u00e0 della merce valgono solo i nostri dati e la descrizione del prodotto del produttore, ma non altre pubblicit\u00e0, elogi pubblici e dichiarazioni del produttore.<br \/><br \/><strong>B)\u00a0\u00a0<\/strong>In caso di difetti, a nostra discrezione, forniremo garanzia tramite riparazione o consegna successiva. Se il difetto non pu\u00f2 essere eliminato, potete richiedere una riduzione del prezzo oppure recedere dal contratto. L&#039;eliminazione del difetto si considera fallita dopo un secondo tentativo fallito, a meno che la natura della merce o del difetto o altre circostanze non indichino diversamente. In caso di riparazione non siamo tenuti a sostenere i maggiori costi derivanti dallo spostamento della merce in un luogo diverso dal luogo di adempimento se la consegna non corrisponde all&#039;uso previsto della merce.<br \/><br \/><strong>C) \u00a0<\/strong>Il periodo di garanzia \u00e8 di un anno dalla consegna della merce. La riduzione del termine non si applica:<br \/><br \/>\u2013 per danni causati in modo colposo a noi imputabili derivanti da lesioni alla vita, al corpo o alla salute e altri danni causati intenzionalmente o per negligenza grave;<br \/>\u2013 se abbiamo occultato fraudolentemente il difetto o assunto una garanzia per la qualit\u00e0 della cosa;<br \/>\u2013 per oggetti che sono stati utilizzati per un edificio secondo il loro normale utilizzo e ne hanno causato difetti;<br \/>\u2013 in caso di ricorsi legali nei nostri confronti in relazione a diritti di difetto.<br \/><br \/><strong>\u00a7 11 Scelta della legge<\/strong><br \/><br \/><strong>(1)<\/strong>\u00a0Si applica la legge tedesca. Per i consumatori questa scelta della legge si applica solo nella misura in cui non viene revocata la protezione garantita dalle disposizioni imperative della legge del paese di residenza abituale del consumatore (principio di favore).<br \/><br \/><strong>(2)<\/strong>\u00a0Le disposizioni della Convenzione delle Nazioni Unite sui contratti di vendita internazionale di beni mobili non si applicano espressamente.<br \/><br \/><br \/><\/p><hr \/><p><br \/><br \/><strong>II. Informazioni sul cliente<\/strong><br \/><br \/><strong>1. Identit\u00e0 del venditore<\/strong><br \/><br \/>Andrea Venere<br \/>Haidberg 2<br \/>94379 Sankt Englmar<br \/>Germania<br \/>Telefono: 016091594448<br \/>E-mail: info@bavarian-bondage.de<br \/><br \/><br \/>Siamo disposti, ma non obbligati, a prendere parte a procedimenti di risoluzione delle controversie dinanzi agli organi arbitrali dei consumatori.<br \/><br \/><strong>2. Informazioni sulla conclusione del contratto<\/strong><br \/><br \/>Le fasi tecniche per la conclusione del contratto, la conclusione del contratto stesso e le opzioni di correzione vengono eseguite in conformit\u00e0 con le disposizioni \u201cConclusione del contratto\u201d delle nostre Condizioni Generali (Parte I.).<br \/><br \/><strong>3. Linguaggio contrattuale, memorizzazione del testo contrattuale<\/strong><br \/><br \/>3.1. La lingua contrattuale \u00e8 il tedesco.<br \/><br \/>3.2. Non salviamo il testo completo del contratto. Prima dell&#039;invio dell&#039;ordine tramite il sistema di carrello online, i dati contrattuali possono essere stampati o salvati elettronicamente utilizzando la funzione di stampa del browser. Dopo aver ricevuto l&#039;ordine, vi verranno inviati nuovamente via e-mail i dati dell&#039;ordine, le informazioni richieste dalla legge per i contratti di vendita a distanza e le condizioni generali di contratto.<br \/><br \/>3.3. Se richiedete un&#039;offerta al di fuori del sistema del carrello online, riceverete tutti i dati contrattuali come parte di un&#039;offerta vincolante in forma testuale, ad esempio via e-mail, che potrete stampare o salvare elettronicamente.<br \/><br \/><strong>4. Codici di condotta<\/strong><br \/><br \/>4.1. Ci siamo assoggettati ai criteri di qualit\u00e0 del sigillo dell&#039;acquirente della Merchant Association Management AG, che possono essere visualizzati su:\u00a0<a href=\"https:\/\/www.haendlerbund.de\/de\/downloads\/kaeufersiegel\/kaeufersiegel-zertifizierungskriterien.pdf\" target=\"_blank\" rel=\"noopener\" data-saferedirecturl=\"https:\/\/www.google.com\/url?q=https:\/\/www.haendlerbund.de\/de\/downloads\/kaeufersiegel\/kaeufersiegel-zertifizierungskriterien.pdf&amp;source=gmail&amp;ust=1595571225131000&amp;usg=AFQjCNFe5mk3H_qoqXPKQq9eTI32jhhuHg\">https:\/\/www.haendlerbund.de\/de\/downloads\/kaeufersiegel\/kaeufersiegel-zertifizierungskriterien.pdf<\/a>.<br \/><br \/><strong>5. Caratteristiche essenziali dei beni o servizi<\/strong><br \/><br \/>Le caratteristiche essenziali dei beni e\/o dei servizi si trovano nella rispettiva offerta.<br \/><br \/><strong>6. Prezzi e modalit\u00e0 di pagamento<\/strong><br \/><br \/>6.1. I prezzi indicati nelle rispettive offerte e le spese di spedizione rappresentano i prezzi totali. Includono tutti i componenti del prezzo comprese tutte le tasse applicabili.<br \/><br \/>6.2. Le spese di spedizione sostenute non sono incluse nel prezzo di acquisto. Sono accessibili tramite un pulsante contrassegnato in modo corrispondente sul nostro sito web o nella rispettiva offerta, vengono visualizzati separatamente durante il processo di ordinazione e sono inoltre a vostro carico, a meno che non sia stata garantita la spedizione gratuita.<br \/><br \/>6.3. Eventuali costi sostenuti per il trasferimento di denaro (commissioni di trasferimento o di cambio da istituti di credito) saranno a tuo carico nei casi in cui la consegna viene effettuata in uno stato membro dell&#039;UE ma il pagamento \u00e8 stato effettuato al di fuori dell&#039;Unione Europea.<br \/><br \/>6.4. I metodi di pagamento a vostra disposizione sono visualizzati sotto un pulsante contrassegnato in modo corrispondente sul nostro sito web o nella rispettiva offerta.<br \/><br \/>6.5. Salvo diversa indicazione per le singole modalit\u00e0 di pagamento, i diritti di pagamento derivanti dal contratto concluso devono essere pagati immediatamente.<br \/><br \/>6.6. Se non diversamente concordato, al momento della prenotazione dei corsi il pagamento deve essere effettuato sul posto al pi\u00f9 tardi il giorno stesso prima dell&#039;inizio del corso, altrimenti non sussiste alcun diritto alla partecipazione.<br \/><br \/><strong>7. Condizioni di consegna<\/strong><br \/><br \/>7.1. Le condizioni di consegna, la data di consegna ed eventuali restrizioni di consegna esistenti possono essere trovate sotto un pulsante contrassegnato in modo corrispondente sul nostro sito web o nella rispettiva offerta.<br \/><br \/>7.2. Se sei un consumatore, la legge regola che il rischio di perdita accidentale e deterioramento accidentale dell&#039;articolo venduto durante la spedizione ti passa solo al momento della consegna della merce, indipendentemente dal fatto che la spedizione sia assicurata o non assicurata. Ci\u00f2 non si applica se hai incaricato autonomamente una societ\u00e0 di trasporti non nominata dall&#039;imprenditore o un&#039;altra persona designata per effettuare la spedizione.<br \/><br \/>Se sei un imprenditore, la consegna e la spedizione sono a tuo rischio.<br \/><br \/><strong>8. Legge sulla responsabilit\u00e0 legale per vizi<\/strong><br \/><br \/>La responsabilit\u00e0 per difetti si basa sulla normativa \u201cGaranzia\u201d nelle nostre Condizioni Generali (Parte I).<br \/><br \/>Le presenti condizioni generali e le informazioni per i clienti sono state redatte dagli avvocati specializzati in diritto informatico dell&#039;associazione dei rivenditori e ne viene costantemente verificata la conformit\u00e0 legale. La Merchant Association Management AG garantisce la sicurezza giuridica dei testi ed \u00e8 responsabile in caso di avvertimenti. Ulteriori informazioni possono essere trovate su:\u00a0<a href=\"https:\/\/www.haendlerbund.de\/de\/leistungen\/rechtssicherheit\/agb-service\" target=\"_blank\" rel=\"noopener\" data-saferedirecturl=\"https:\/\/www.google.com\/url?q=https:\/\/www.haendlerbund.de\/de\/leistungen\/rechtssicherheit\/agb-service&amp;source=gmail&amp;ust=1595571225131000&amp;usg=AFQjCNFRXstfsBqXtZxEv0RC9XDgevh1EQ\">https:\/\/www.haendlerbund.de\/de\/leistungen\/rechtssicherheit\/agb-service<\/a>.<br \/><br \/>ultimo aggiornamento: 22 ottobre 2024<br \/><br \/><\/p>\t\t\t\t\t\t\t\t<\/div>\n\t\t\t\t<\/div>\n\t\t\t\t<\/div>","protected":false},"excerpt":{"rendered":"<p>Allgemeine Gesch\u00e4ftsbedingungen und Kundeninformationen I. Allgemeine Gesch\u00e4ftsbedingungen \u00a7 1 Grundlegende Bestimmungen (1)\u00a0Die nachstehenden Gesch\u00e4ftsbedingungen gelten f\u00fcr Vertr\u00e4ge, die Sie mit uns als Anbieter\u00a0(Andreas Venus)\u00a0\u00fcber die Internetseite www.bavarian-bondage.de schlie\u00dfen. Soweit nicht anders vereinbart, wird der Einbeziehung gegebenenfalls von Ihnen verwendeter eigener Bedingungen widersprochen. (2)\u00a0Verbraucher im Sinne der nachstehenden Regelungen ist jede nat\u00fcrliche Person, die ein Rechtsgesch\u00e4ft [&hellip;]<\/p>\n","protected":false},"author":3,"featured_media":0,"parent":0,"menu_order":0,"comment_status":"closed","ping_status":"closed","template":"","meta":{"footnotes":""},"class_list":["post-10","page","type-page","status-publish","hentry"],"_links":{"self":[{"href":"https:\/\/bavarian-bondage.de\/it\/wp-json\/wp\/v2\/pages\/10","targetHints":{"allow":["GET"]}}],"collection":[{"href":"https:\/\/bavarian-bondage.de\/it\/wp-json\/wp\/v2\/pages"}],"about":[{"href":"https:\/\/bavarian-bondage.de\/it\/wp-json\/wp\/v2\/types\/page"}],"author":[{"embeddable":true,"href":"https:\/\/bavarian-bondage.de\/it\/wp-json\/wp\/v2\/users\/3"}],"replies":[{"embeddable":true,"href":"https:\/\/bavarian-bondage.de\/it\/wp-json\/wp\/v2\/comments?post=10"}],"version-history":[{"count":5,"href":"https:\/\/bavarian-bondage.de\/it\/wp-json\/wp\/v2\/pages\/10\/revisions"}],"predecessor-version":[{"id":15411,"href":"https:\/\/bavarian-bondage.de\/it\/wp-json\/wp\/v2\/pages\/10\/revisions\/15411"}],"wp:attachment":[{"href":"https:\/\/bavarian-bondage.de\/it\/wp-json\/wp\/v2\/media?parent=10"}],"curies":[{"name":"parola chiave","href":"https:\/\/api.w.org\/{rel}","templated":true}]}}