{"id":1104,"date":"2016-01-23T21:24:14","date_gmt":"2016-01-23T20:24:14","guid":{"rendered":"https:\/\/bavarian-bondage.mysupr.de\/bondageseile\/"},"modified":"2024-09-01T19:18:28","modified_gmt":"2024-09-01T17:18:28","slug":"corde-di-schiavitu","status":"publish","type":"page","link":"https:\/\/bavarian-bondage.de\/it\/bondageseile\/","title":{"rendered":"Corde di schiavit\u00f9"},"content":{"rendered":"<div data-elementor-type=\"wp-post\" data-elementor-id=\"1104\" class=\"elementor elementor-1104\" data-elementor-post-type=\"page\">\n\t\t\t\t<div class=\"elementor-element elementor-element-245a058 e-flex e-con-boxed e-con e-parent\" data-id=\"245a058\" data-element_type=\"container\" data-e-type=\"container\" data-settings=\"{&quot;background_background&quot;:&quot;classic&quot;}\">\n\t\t\t\t\t<div class=\"e-con-inner\">\n\t\t<div class=\"elementor-element elementor-element-da084e0 e-con-full e-flex e-con e-child\" data-id=\"da084e0\" data-element_type=\"container\" data-e-type=\"container\" data-settings=\"{&quot;background_background&quot;:&quot;classic&quot;}\">\n\t\t\t\t<div class=\"elementor-element elementor-element-ea1dfa2 elementor-widget elementor-widget-spacer\" data-id=\"ea1dfa2\" data-element_type=\"widget\" data-e-type=\"widget\" data-widget_type=\"spacer.default\">\n\t\t\t\t\t\t\t<div class=\"elementor-spacer\">\n\t\t\t<div class=\"elementor-spacer-inner\"><\/div>\n\t\t<\/div>\n\t\t\t\t\t\t<\/div>\n\t\t\t\t<div class=\"elementor-element elementor-element-f005b98 elementor-widget elementor-widget-heading\" data-id=\"f005b98\" data-element_type=\"widget\" data-e-type=\"widget\" data-widget_type=\"heading.default\">\n\t\t\t\t\t<h2 class=\"elementor-heading-title elementor-size-default\">Corde di canapa e iuta, cos\u00ec simili eppure diverse!<\/h2>\t\t\t\t<\/div>\n\t\t\t\t<div class=\"elementor-element elementor-element-4af304a elementor-widget elementor-widget-spacer\" data-id=\"4af304a\" data-element_type=\"widget\" data-e-type=\"widget\" data-widget_type=\"spacer.default\">\n\t\t\t\t\t\t\t<div class=\"elementor-spacer\">\n\t\t\t<div class=\"elementor-spacer-inner\"><\/div>\n\t\t<\/div>\n\t\t\t\t\t\t<\/div>\n\t\t\t\t<\/div>\n\t\t\t\t\t<\/div>\n\t\t\t\t<\/div>\n\t\t<div class=\"elementor-element elementor-element-00244d7 e-flex e-con-boxed e-con e-parent\" data-id=\"00244d7\" data-element_type=\"container\" data-e-type=\"container\">\n\t\t\t\t\t<div class=\"e-con-inner\">\n\t\t<div class=\"elementor-element elementor-element-b9932de e-con-full e-flex e-con e-child\" data-id=\"b9932de\" data-element_type=\"container\" data-e-type=\"container\" data-settings=\"{&quot;background_background&quot;:&quot;classic&quot;}\">\n\t\t<div class=\"elementor-element elementor-element-bc3dac0 e-con-full e-flex e-con e-child\" data-id=\"bc3dac0\" data-element_type=\"container\" data-e-type=\"container\">\n\t\t<div class=\"elementor-element elementor-element-6fdd22d e-con-full e-flex e-con e-child\" data-id=\"6fdd22d\" data-element_type=\"container\" data-e-type=\"container\">\n\t\t\t\t<div class=\"elementor-element elementor-element-3c38ffd elementor-widget elementor-widget-image\" data-id=\"3c38ffd\" data-element_type=\"widget\" data-e-type=\"widget\" data-widget_type=\"image.default\">\n\t\t\t\t\t\t\t\t\t\t\t\t\t\t\t<img fetchpriority=\"high\" decoding=\"async\" width=\"800\" height=\"800\" src=\"https:\/\/bavarian-bondage.de\/wp-content\/uploads\/2020\/10\/Seilsta\u0308rke-1024x1024.png\" class=\"attachment-large size-large wp-image-3480\" alt=\"\" srcset=\"https:\/\/bavarian-bondage.de\/wp-content\/uploads\/2020\/10\/Seilsta\u0308rke-1024x1024.png 1024w, https:\/\/bavarian-bondage.de\/wp-content\/uploads\/2020\/10\/Seilsta\u0308rke-400x400.png 400w, https:\/\/bavarian-bondage.de\/wp-content\/uploads\/2020\/10\/Seilsta\u0308rke-150x150.png 150w, https:\/\/bavarian-bondage.de\/wp-content\/uploads\/2020\/10\/Seilsta\u0308rke-768x768.png 768w, https:\/\/bavarian-bondage.de\/wp-content\/uploads\/2020\/10\/Seilsta\u0308rke-300x300.png 300w, https:\/\/bavarian-bondage.de\/wp-content\/uploads\/2020\/10\/Seilsta\u0308rke-600x600.png 600w, https:\/\/bavarian-bondage.de\/wp-content\/uploads\/2020\/10\/Seilsta\u0308rke-100x100.png 100w, https:\/\/bavarian-bondage.de\/wp-content\/uploads\/2020\/10\/Seilsta\u0308rke.png 1200w\" sizes=\"(max-width: 800px) 100vw, 800px\" title=\"\">\t\t\t\t\t\t\t\t\t\t\t\t\t\t\t<\/div>\n\t\t\t\t<\/div>\n\t\t<div class=\"elementor-element elementor-element-9450ef8 e-con-full e-flex e-con e-child\" data-id=\"9450ef8\" data-element_type=\"container\" data-e-type=\"container\">\n\t\t\t\t<div class=\"elementor-element elementor-element-84ec8a5 elementor-widget elementor-widget-heading\" data-id=\"84ec8a5\" data-element_type=\"widget\" data-e-type=\"widget\" data-widget_type=\"heading.default\">\n\t\t\t\t\t<h2 class=\"elementor-heading-title elementor-size-default\">Diversi spessori di corda da sinistra a destra<\/h2>\t\t\t\t<\/div>\n\t\t\t\t<div class=\"elementor-element elementor-element-fcc603d elementor-widget elementor-widget-text-editor\" data-id=\"fcc603d\" data-element_type=\"widget\" data-e-type=\"widget\" data-widget_type=\"text-editor.default\">\n\t\t\t\t\t\t\t\t\t<p>Corda di canapa 4mm<\/p><p>Corda di canapa 5mm<\/p><p>Corda di canapa 6mm<\/p><p>Iuta Alta Classe 4mm<\/p><p>Iuta di alta classe 5,5 mm<\/p><p>Iuta Alta Classe 6mm<\/p><p>Iuta standard 6mm<\/p>\t\t\t\t\t\t\t\t<\/div>\n\t\t\t\t<\/div>\n\t\t\t\t<\/div>\n\t\t\t\t<\/div>\n\t\t\t\t\t<\/div>\n\t\t\t\t<\/div>\n\t\t<div class=\"elementor-element elementor-element-d613ff5 e-flex e-con-boxed e-con e-parent\" data-id=\"d613ff5\" data-element_type=\"container\" data-e-type=\"container\">\n\t\t\t\t\t<div class=\"e-con-inner\">\n\t\t<div class=\"elementor-element elementor-element-0f1d844 e-con-full e-flex e-con e-child\" data-id=\"0f1d844\" data-element_type=\"container\" data-e-type=\"container\">\n\t\t\t\t<div class=\"elementor-element elementor-element-823da4b elementor-widget elementor-widget-text-editor\" data-id=\"823da4b\" data-element_type=\"widget\" data-e-type=\"widget\" data-widget_type=\"text-editor.default\">\n\t\t\t\t\t\t\t\t\t<p style=\"text-align: center\">I diametri sono chiaramente visibili nella foto. Sfortunatamente, queste informazioni non sono mai esattamente corrette e possono variare leggermente.<\/p><p style=\"text-align: center\">Per spiegare il tutto in breve:<\/p><p style=\"text-align: center\">Ora user\u00f2 solo Jute High Class 5mm. La corda \u00e8 composta da 3 capi e ciascuno di essi \u00e8 composto da 10 capi di filo. Non appena i 30 fili si discostano anche di 0,1 mm dalla misurazione, ci\u00f2 pu\u00f2 gi\u00e0 influenzare la futura corda. Se la corda viene attorcigliata o battuta, \u00e8 necessario calcolare nuovamente se deve essere pi\u00f9 allentata o pi\u00f9 tesa e, in tal caso, il valore. Regola la quantit\u00e0 di fili. In generale, si pu\u00f2 dire che ogni corda che esce dalla fabbrica \u00e8 leggermente diversa.<\/p><p style=\"text-align: center\">Alla fine viene poi raffinato. Anche qui il diametro pu\u00f2 variare leggermente a seconda del tipo di lavorazione.<\/p><p style=\"text-align: center\"><strong>Quindi per favore non concentrarti troppo sul diametro specificato!<\/strong><\/p>\t\t\t\t\t\t\t\t<\/div>\n\t\t\t\t<div class=\"elementor-element elementor-element-130a1f3 elementor-widget-divider--view-line elementor-widget elementor-widget-divider\" data-id=\"130a1f3\" data-element_type=\"widget\" data-e-type=\"widget\" data-widget_type=\"divider.default\">\n\t\t\t\t\t\t\t<div class=\"elementor-divider\">\n\t\t\t<span class=\"elementor-divider-separator\">\n\t\t\t\t\t\t<\/span>\n\t\t<\/div>\n\t\t\t\t\t\t<\/div>\n\t\t\t\t<div class=\"elementor-element elementor-element-634ebfe elementor-widget elementor-widget-spacer\" data-id=\"634ebfe\" data-element_type=\"widget\" data-e-type=\"widget\" data-widget_type=\"spacer.default\">\n\t\t\t\t\t\t\t<div class=\"elementor-spacer\">\n\t\t\t<div class=\"elementor-spacer-inner\"><\/div>\n\t\t<\/div>\n\t\t\t\t\t\t<\/div>\n\t\t\t\t<div class=\"elementor-element elementor-element-7853421 elementor-widget elementor-widget-heading\" data-id=\"7853421\" data-element_type=\"widget\" data-e-type=\"widget\" data-widget_type=\"heading.default\">\n\t\t\t\t\t<h2 class=\"elementor-heading-title elementor-size-default\">Le versioni CLASSIC ed EXCLUSIVE<\/h2>\t\t\t\t<\/div>\n\t\t\t\t<div class=\"elementor-element elementor-element-6a6bdd7 elementor-widget elementor-widget-image\" data-id=\"6a6bdd7\" data-element_type=\"widget\" data-e-type=\"widget\" data-widget_type=\"image.default\">\n\t\t\t\t\t\t\t\t\t\t\t\t\t\t\t<img decoding=\"async\" src=\"https:\/\/bavarian-bondage.de\/wp-content\/uploads\/elementor\/thumbs\/20171109_125925-p0twqvj2bbpqr1ov1bcxtjkb8cmi0gghrdec5dwwy8.png\" title=\"20171109_125925\" alt=\"20171109_125925\" loading=\"lazy\" \/>\t\t\t\t\t\t\t\t\t\t\t\t\t\t\t<\/div>\n\t\t\t\t<\/div>\n\t\t\t\t\t<\/div>\n\t\t\t\t<\/div>\n\t\t<div class=\"elementor-element elementor-element-2f28d84 e-flex e-con-boxed e-con e-parent\" data-id=\"2f28d84\" data-element_type=\"container\" data-e-type=\"container\">\n\t\t\t\t\t<div class=\"e-con-inner\">\n\t\t<div class=\"elementor-element elementor-element-2bdfe0d e-con-full e-flex e-con e-child\" data-id=\"2bdfe0d\" data-element_type=\"container\" data-e-type=\"container\">\n\t\t<div class=\"elementor-element elementor-element-548ac8a e-con-full e-flex e-con e-child\" data-id=\"548ac8a\" data-element_type=\"container\" data-e-type=\"container\">\n\t\t<div class=\"elementor-element elementor-element-dfa78b4 e-con-full e-flex e-con e-child\" data-id=\"dfa78b4\" data-element_type=\"container\" data-e-type=\"container\" data-settings=\"{&quot;background_background&quot;:&quot;classic&quot;}\">\n\t\t\t\t<div class=\"elementor-element elementor-element-764989f elementor-widget elementor-widget-heading\" data-id=\"764989f\" data-element_type=\"widget\" data-e-type=\"widget\" data-widget_type=\"heading.default\">\n\t\t\t\t\t<h2 class=\"elementor-heading-title elementor-size-default\">CLASSICO<\/h2>\t\t\t\t<\/div>\n\t\t\t\t<div class=\"elementor-element elementor-element-b0bc603 elementor-widget elementor-widget-text-editor\" data-id=\"b0bc603\" data-element_type=\"widget\" data-e-type=\"widget\" data-widget_type=\"text-editor.default\">\n\t\t\t\t\t\t\t\t\t<p style=\"text-align: center\">Le corde hanno un semplice nodo alle estremit\u00e0 e sono ovviamente pronte per essere legate.<\/p><p style=\"text-align: center\">Venivano puliti, spezzati, fiammati, lavati e poi trattati con olio per preparare la corda per un uso futuro.<\/p>\t\t\t\t\t\t\t\t<\/div>\n\t\t\t\t<\/div>\n\t\t<div class=\"elementor-element elementor-element-b6bed8e elementor-hidden-phone e-con-full e-flex e-con e-child\" data-id=\"b6bed8e\" data-element_type=\"container\" data-e-type=\"container\">\n\t\t\t\t<\/div>\n\t\t<div class=\"elementor-element elementor-element-a1ebfb4 e-con-full e-flex e-con e-child\" data-id=\"a1ebfb4\" data-element_type=\"container\" data-e-type=\"container\" data-settings=\"{&quot;background_background&quot;:&quot;classic&quot;}\">\n\t\t\t\t<div class=\"elementor-element elementor-element-67a50ee elementor-widget elementor-widget-heading\" data-id=\"67a50ee\" data-element_type=\"widget\" data-e-type=\"widget\" data-widget_type=\"heading.default\">\n\t\t\t\t\t<h2 class=\"elementor-heading-title elementor-size-default\">ESCLUSIVO<\/h2>\t\t\t\t<\/div>\n\t\t\t\t<div class=\"elementor-element elementor-element-4cac751 elementor-widget elementor-widget-text-editor\" data-id=\"4cac751\" data-element_type=\"widget\" data-e-type=\"widget\" data-widget_type=\"text-editor.default\">\n\t\t\t\t\t\t\t\t\t<p style=\"text-align: center\">Naturalmente anche queste corde sono trattate pronte per il bondage. Colpiscono per il piccolo, stretto e complesso nodo Trisk alle estremit\u00e0 della corda, che offre numerosi vantaggi durante la legatura.\u00a0<\/p><p style=\"text-align: center\">Inoltre le corde vengono fiammate e oliate pi\u00f9 volte.<\/p>\t\t\t\t\t\t\t\t<\/div>\n\t\t\t\t<\/div>\n\t\t\t\t<\/div>\n\t\t\t\t<div class=\"elementor-element elementor-element-9832fd6 elementor-widget elementor-widget-spacer\" data-id=\"9832fd6\" data-element_type=\"widget\" data-e-type=\"widget\" data-widget_type=\"spacer.default\">\n\t\t\t\t\t\t\t<div class=\"elementor-spacer\">\n\t\t\t<div class=\"elementor-spacer-inner\"><\/div>\n\t\t<\/div>\n\t\t\t\t\t\t<\/div>\n\t\t\t\t<div class=\"elementor-element elementor-element-16398b8 elementor-widget-divider--view-line elementor-widget elementor-widget-divider\" data-id=\"16398b8\" data-element_type=\"widget\" data-e-type=\"widget\" data-widget_type=\"divider.default\">\n\t\t\t\t\t\t\t<div class=\"elementor-divider\">\n\t\t\t<span class=\"elementor-divider-separator\">\n\t\t\t\t\t\t<\/span>\n\t\t<\/div>\n\t\t\t\t\t\t<\/div>\n\t\t\t\t<div class=\"elementor-element elementor-element-ef0302c elementor-widget elementor-widget-spacer\" data-id=\"ef0302c\" data-element_type=\"widget\" data-e-type=\"widget\" data-widget_type=\"spacer.default\">\n\t\t\t\t\t\t\t<div class=\"elementor-spacer\">\n\t\t\t<div class=\"elementor-spacer-inner\"><\/div>\n\t\t<\/div>\n\t\t\t\t\t\t<\/div>\n\t\t\t\t<div class=\"elementor-element elementor-element-4626777 elementor-widget elementor-widget-heading\" data-id=\"4626777\" data-element_type=\"widget\" data-e-type=\"widget\" data-widget_type=\"heading.default\">\n\t\t\t\t\t<h2 class=\"elementor-heading-title elementor-size-default\">Le corde del Bondage Bavarese<\/h2>\t\t\t\t<\/div>\n\t\t\t\t<div class=\"elementor-element elementor-element-7823d1a elementor-widget elementor-widget-text-editor\" data-id=\"7823d1a\" data-element_type=\"widget\" data-e-type=\"widget\" data-widget_type=\"text-editor.default\">\n\t\t\t\t\t\t\t\t\t<p style=\"text-align: center\">Beh, di corde se ne trovano una dozzina, ma la maggior parte di esse non ha la qualit\u00e0 per diventare una corda da bondage. Anche io ho dovuto cercare e provare a lungo per trovare una fabbrica di corde che potesse soddisfare le mie esigenze.\u00a0\u00a0<\/p>\t\t\t\t\t\t\t\t<\/div>\n\t\t<div class=\"elementor-element elementor-element-d93b01c e-con-full e-flex e-con e-child\" data-id=\"d93b01c\" data-element_type=\"container\" data-e-type=\"container\" data-settings=\"{&quot;background_background&quot;:&quot;classic&quot;}\">\n\t\t<div class=\"elementor-element elementor-element-50d71de e-con-full e-flex e-con e-child\" data-id=\"50d71de\" data-element_type=\"container\" data-e-type=\"container\">\n\t\t\t\t<div class=\"elementor-element elementor-element-52eb6db elementor-widget elementor-widget-heading\" data-id=\"52eb6db\" data-element_type=\"widget\" data-e-type=\"widget\" data-widget_type=\"heading.default\">\n\t\t\t\t\t<h2 class=\"elementor-heading-title elementor-size-default\">Origine:<\/h2>\t\t\t\t<\/div>\n\t\t\t\t<\/div>\n\t\t<div class=\"elementor-element elementor-element-b2bbe36 e-con-full e-flex e-con e-child\" data-id=\"b2bbe36\" data-element_type=\"container\" data-e-type=\"container\">\n\t\t\t\t<div class=\"elementor-element elementor-element-6647510 elementor-widget elementor-widget-text-editor\" data-id=\"6647510\" data-element_type=\"widget\" data-e-type=\"widget\" data-widget_type=\"text-editor.default\">\n\t\t\t\t\t\t\t\t\t<p>Le mie corde di canapa, l&#039;edizione S e la corda di iuta standard sono prodotte in una fabbrica di corde tedesca secondo i miei desideri e requisiti. Ci\u00f2 che per me \u00e8 particolarmente importante \u00e8 il contatto personale e la comprensione dell&#039;uso delle corde.\u00a0<\/p><p>La iuta di alta qualit\u00e0, invece, viene prodotta in diverse fabbriche di corde in tutto il mondo. Tuttavia, la sede dell&#039;azienda \u00e8 in Germania. Le corde molto buone vengono prodotte con ambizione ed esperienza.<\/p>\t\t\t\t\t\t\t\t<\/div>\n\t\t\t\t<\/div>\n\t\t\t\t<\/div>\n\t\t<div class=\"elementor-element elementor-element-6a144d7 e-con-full e-flex e-con e-child\" data-id=\"6a144d7\" data-element_type=\"container\" data-e-type=\"container\">\n\t\t<div class=\"elementor-element elementor-element-f04479f e-con-full e-flex e-con e-child\" data-id=\"f04479f\" data-element_type=\"container\" data-e-type=\"container\">\n\t\t\t\t<div class=\"elementor-element elementor-element-9196e41 elementor-widget elementor-widget-heading\" data-id=\"9196e41\" data-element_type=\"widget\" data-e-type=\"widget\" data-widget_type=\"heading.default\">\n\t\t\t\t\t<h2 class=\"elementor-heading-title elementor-size-default\">Nodo:<\/h2>\t\t\t\t<\/div>\n\t\t\t\t<\/div>\n\t\t<div class=\"elementor-element elementor-element-fdbb473 e-con-full e-flex e-con e-child\" data-id=\"fdbb473\" data-element_type=\"container\" data-e-type=\"container\">\n\t\t\t\t<div class=\"elementor-element elementor-element-8d844bc elementor-widget elementor-widget-text-editor\" data-id=\"8d844bc\" data-element_type=\"widget\" data-e-type=\"widget\" data-widget_type=\"text-editor.default\">\n\t\t\t\t\t\t\t\t\t<p>Non ci sono corde di canapa o corde di iuta da acquistare in un negozio di corde che non abbiano nodi. I nodi si riferiscono ai singoli fili attorcigliati in una corda. Questi vengono ripetutamente estesi o legati insieme e sostanzialmente avvitati alla corda. Nelle corde di buona qualit\u00e0, i nodi sono piccoli, stretti, hanno estremit\u00e0 corte e sono avvitati saldamente alla corda. Questo \u00e8 un requisito molto importante per una buona corda da bondage.<\/p>\t\t\t\t\t\t\t\t<\/div>\n\t\t\t\t<\/div>\n\t\t\t\t<\/div>\n\t\t<div class=\"elementor-element elementor-element-2f21b8b e-con-full e-flex e-con e-child\" data-id=\"2f21b8b\" data-element_type=\"container\" data-e-type=\"container\" data-settings=\"{&quot;background_background&quot;:&quot;classic&quot;}\">\n\t\t<div class=\"elementor-element elementor-element-ebf10e9 e-con-full e-flex e-con e-child\" data-id=\"ebf10e9\" data-element_type=\"container\" data-e-type=\"container\">\n\t\t\t\t<div class=\"elementor-element elementor-element-b5708ae elementor-widget elementor-widget-heading\" data-id=\"b5708ae\" data-element_type=\"widget\" data-e-type=\"widget\" data-widget_type=\"heading.default\">\n\t\t\t\t\t<h2 class=\"elementor-heading-title elementor-size-default\">Odore:<\/h2>\t\t\t\t<\/div>\n\t\t\t\t<\/div>\n\t\t<div class=\"elementor-element elementor-element-e7428f7 e-con-full e-flex e-con e-child\" data-id=\"e7428f7\" data-element_type=\"container\" data-e-type=\"container\">\n\t\t\t\t<div class=\"elementor-element elementor-element-8459eba elementor-widget elementor-widget-text-editor\" data-id=\"8459eba\" data-element_type=\"widget\" data-e-type=\"widget\" data-widget_type=\"text-editor.default\">\n\t\t\t\t\t\t\t\t\t<p>Un punto molto importante \u00e8 l&#039;odore. Se disimballate le corde e sentite un odore sgradevole nel naso, la serata di bondage pu\u00f2 finire rapidamente. Attribuisco grande importanza al fatto che le corde abbiano un odore delicato e si notino solo quando le annusi davvero. Le corde di canapa naturale in offerta profumano un po&#039; di fieno e l&#039;olio trattante, quelle colorate sono quasi inodore. Quando si tratta di corde di iuta, l&#039;alta classe \u00e8 in prima linea. Hanno un odore molto gradevole, un po&#039; dolce. Le corde colorate sono le stesse delle corde di canapa; anche queste sono quasi inodore. La iuta standard, invece, ha un odore un po&#039; pi\u00f9 caratteristico perch\u00e9 \u00e8 stata trattata con olio Baching durante la produzione, cosa che non avviene con quelle di alta classe.<\/p>\t\t\t\t\t\t\t\t<\/div>\n\t\t\t\t<\/div>\n\t\t\t\t<\/div>\n\t\t<div class=\"elementor-element elementor-element-a418d78 e-con-full e-flex e-con e-child\" data-id=\"a418d78\" data-element_type=\"container\" data-e-type=\"container\">\n\t\t<div class=\"elementor-element elementor-element-d58ab9e e-con-full e-flex e-con e-child\" data-id=\"d58ab9e\" data-element_type=\"container\" data-e-type=\"container\">\n\t\t\t\t<div class=\"elementor-element elementor-element-0660b0e elementor-widget elementor-widget-heading\" data-id=\"0660b0e\" data-element_type=\"widget\" data-e-type=\"widget\" data-widget_type=\"heading.default\">\n\t\t\t\t\t<h2 class=\"elementor-heading-title elementor-size-default\">Pronto per la schiavit\u00f9:<\/h2>\t\t\t\t<\/div>\n\t\t\t\t<\/div>\n\t\t<div class=\"elementor-element elementor-element-655af96 e-con-full e-flex e-con e-child\" data-id=\"655af96\" data-element_type=\"container\" data-e-type=\"container\">\n\t\t\t\t<div class=\"elementor-element elementor-element-de90d97 elementor-widget elementor-widget-text-editor\" data-id=\"de90d97\" data-element_type=\"widget\" data-e-type=\"widget\" data-widget_type=\"text-editor.default\">\n\t\t\t\t\t\t\t\t\t<p>Tutte le corde che puoi acquistare da me sono trattate pronte per il bondage. Leggermente diverso a seconda della corda. Ma in generale, disfa le valigie e inizia. Le corde di canapa ora sembrano un po\u2019 dure e ferme. Questo perch\u00e9 le corde vengono lavate prima dell&#039;oliatura. Quando si asciuga \u00e8 come mettere un asciugamano sullo stendino, poich\u00e9 non lo si sposta le fibre si induriscono; Quando si utilizzano le corde, queste diventano rapidamente piacevolmente morbide.\u00a0<\/p><p>Le corde di iuta presentano il problema di un aumento della lanugine e devono essere fiammate di tanto in tanto e trattate regolarmente con olio o cera. Pi\u00f9 lunghe sono le corde di iuta, migliore sar\u00e0 la lanugine. Puoi trovare consigli sulle cure successive e sull&#039;assistenza nella sezione Informazioni utili.<\/p>\t\t\t\t\t\t\t\t<\/div>\n\t\t\t\t<\/div>\n\t\t\t\t<\/div>\n\t\t\t\t<div class=\"elementor-element elementor-element-2bfcaf2 elementor-widget-divider--view-line elementor-widget elementor-widget-divider\" data-id=\"2bfcaf2\" data-element_type=\"widget\" data-e-type=\"widget\" data-widget_type=\"divider.default\">\n\t\t\t\t\t\t\t<div class=\"elementor-divider\">\n\t\t\t<span class=\"elementor-divider-separator\">\n\t\t\t\t\t\t<\/span>\n\t\t<\/div>\n\t\t\t\t\t\t<\/div>\n\t\t\t\t<div class=\"elementor-element elementor-element-4001d36 elementor-widget elementor-widget-spacer\" data-id=\"4001d36\" data-element_type=\"widget\" data-e-type=\"widget\" data-widget_type=\"spacer.default\">\n\t\t\t\t\t\t\t<div class=\"elementor-spacer\">\n\t\t\t<div class=\"elementor-spacer-inner\"><\/div>\n\t\t<\/div>\n\t\t\t\t\t\t<\/div>\n\t\t\t\t<div class=\"elementor-element elementor-element-b9e297a elementor-widget elementor-widget-heading\" data-id=\"b9e297a\" data-element_type=\"widget\" data-e-type=\"widget\" data-widget_type=\"heading.default\">\n\t\t\t\t\t<h2 class=\"elementor-heading-title elementor-size-default\">Domande ancora aperte?<\/h2>\t\t\t\t<\/div>\n\t\t\t\t<div class=\"elementor-element elementor-element-6daeef2 elementor-widget elementor-widget-text-editor\" data-id=\"6daeef2\" data-element_type=\"widget\" data-e-type=\"widget\" data-widget_type=\"text-editor.default\">\n\t\t\t\t\t\t\t\t\t<p style=\"text-align: center\">Nelle rispettive pagine di panoramica entrer\u00f2 pi\u00f9 nel dettaglio sui singoli tipi di corda.\u00a0<\/p><p style=\"text-align: center\">Se hai ulteriori domande, cerchi qualcosa di specifico o hai richieste di produzione individuali, non esitare a contattarmi!<\/p>\t\t\t\t\t\t\t\t<\/div>\n\t\t\t\t<div class=\"elementor-element elementor-element-104483b premium-lq__none elementor-widget elementor-widget-premium-addon-button\" data-id=\"104483b\" data-element_type=\"widget\" data-e-type=\"widget\" data-widget_type=\"premium-addon-button.default\">\n\t\t\t\t\t\n\n\t\t<a class=\"premium-button premium-button-none premium-btn-md premium-button-none\" href=\"https:\/\/bavarian-bondage.de\/it\/kontaktformular\/\">\n\t\t\t<div class=\"premium-button-text-icon-wrapper\">\n\t\t\t\t\n\t\t\t\t\t\t\t\t\t<span >\n\t\t\t\t\t\tModulo di contatto\t\t\t\t\t<\/span>\n\t\t\t\t\t\t\t<\/div>\n\n\t\t\t\n\t\t\t\n\t\t\t\n\t\t<\/a>\n\n\n\t\t\t\t\t\t<\/div>\n\t\t\t\t<\/div>\n\t\t\t\t\t<\/div>\n\t\t\t\t<\/div>\n\t\t\t\t<\/div>","protected":false},"excerpt":{"rendered":"<p>Hanf- und Juteseile, so \u00e4hnlich und doch verschieden! Unterschiedlichen Seilst\u00e4rken von links nach rechts Hanfseil 4mm Hanfseil 5mm Hanfseil 6mm Jute High Class 4mm Jute High Class 5,5mm Jute High Class 6mm Jute standard 6mm Die Durchmesser sind auf dem Bild sehr gut zu erkennen. Leider sind diese Angaben nie exakt richtig und k\u00f6nnen etwas [&hellip;]<\/p>\n","protected":false},"author":3,"featured_media":0,"parent":0,"menu_order":0,"comment_status":"closed","ping_status":"closed","template":"elementor_header_footer","meta":{"footnotes":""},"class_list":["post-1104","page","type-page","status-publish","hentry"],"_links":{"self":[{"href":"https:\/\/bavarian-bondage.de\/it\/wp-json\/wp\/v2\/pages\/1104","targetHints":{"allow":["GET"]}}],"collection":[{"href":"https:\/\/bavarian-bondage.de\/it\/wp-json\/wp\/v2\/pages"}],"about":[{"href":"https:\/\/bavarian-bondage.de\/it\/wp-json\/wp\/v2\/types\/page"}],"author":[{"embeddable":true,"href":"https:\/\/bavarian-bondage.de\/it\/wp-json\/wp\/v2\/users\/3"}],"replies":[{"embeddable":true,"href":"https:\/\/bavarian-bondage.de\/it\/wp-json\/wp\/v2\/comments?post=1104"}],"version-history":[{"count":39,"href":"https:\/\/bavarian-bondage.de\/it\/wp-json\/wp\/v2\/pages\/1104\/revisions"}],"predecessor-version":[{"id":12975,"href":"https:\/\/bavarian-bondage.de\/it\/wp-json\/wp\/v2\/pages\/1104\/revisions\/12975"}],"wp:attachment":[{"href":"https:\/\/bavarian-bondage.de\/it\/wp-json\/wp\/v2\/media?parent=1104"}],"curies":[{"name":"parola chiave","href":"https:\/\/api.w.org\/{rel}","templated":true}]}}