{"id":1107,"date":"2016-01-25T16:51:09","date_gmt":"2016-01-25T15:51:09","guid":{"rendered":"https:\/\/bavarian-bondage.mysupr.de\/das-seil\/"},"modified":"2023-02-02T13:41:16","modified_gmt":"2023-02-02T12:41:16","slug":"la-corda","status":"publish","type":"page","link":"https:\/\/bavarian-bondage.de\/it\/das-seil\/","title":{"rendered":"La corda"},"content":{"rendered":"<div data-elementor-type=\"wp-post\" data-elementor-id=\"1107\" class=\"elementor elementor-1107\" data-elementor-post-type=\"page\">\n\t\t\t\t\t\t<section class=\"elementor-section elementor-top-section elementor-element elementor-element-e3497ca elementor-section-boxed elementor-section-height-default elementor-section-height-default\" data-id=\"e3497ca\" data-element_type=\"section\" data-e-type=\"section\">\n\t\t\t\t\t\t<div class=\"elementor-container elementor-column-gap-default\">\n\t\t\t\t\t<div class=\"elementor-column elementor-col-100 elementor-top-column elementor-element elementor-element-ed4d19e\" data-id=\"ed4d19e\" data-element_type=\"column\" data-e-type=\"column\">\n\t\t\t<div class=\"elementor-widget-wrap elementor-element-populated\">\n\t\t\t\t\t\t<div class=\"elementor-element elementor-element-c0d9119 elementor-widget elementor-widget-heading\" data-id=\"c0d9119\" data-element_type=\"widget\" data-e-type=\"widget\" data-widget_type=\"heading.default\">\n\t\t\t\t\t<h2 class=\"elementor-heading-title elementor-size-default\">La corda<\/h2>\t\t\t\t<\/div>\n\t\t\t\t<div class=\"elementor-element elementor-element-720a1ec elementor-widget elementor-widget-text-editor\" data-id=\"720a1ec\" data-element_type=\"widget\" data-e-type=\"widget\" data-widget_type=\"text-editor.default\">\n\t\t\t\t\t\t\t\t\t<p style=\"text-align: center\">(materiale base della tecnologia di fissaggio)<\/p>\t\t\t\t\t\t\t\t<\/div>\n\t\t\t\t<div class=\"elementor-element elementor-element-e95e17c elementor-widget elementor-widget-text-editor\" data-id=\"e95e17c\" data-element_type=\"widget\" data-e-type=\"widget\" data-widget_type=\"text-editor.default\">\n\t\t\t\t\t\t\t\t\t<p style=\"text-align: center\">Chiunque si occupi del tema delle contenzioni prima o poi si porr\u00e0 queste domande o altre simili:<\/p><ol><li style=\"text-align: left\"><strong>Corda di iuta, corda di canapa o un&#039;alternativa?<\/strong><\/li><li style=\"text-align: left\"><strong>Quali sono gli svantaggi delle corde di canapa e iuta?<\/strong><\/li><li style=\"text-align: left\"><strong>Quali sono esattamente le differenze?<\/strong><\/li><li style=\"text-align: left\"><strong>Che diametro e lunghezza devono avere le corde?<\/strong><\/li><li style=\"text-align: left\"><strong>A cosa devo prestare attenzione quando acquisto?<\/strong><\/li><li style=\"text-align: left\"><strong>Quanto costano le corde di canapa e iuta?<\/strong><\/li><li style=\"text-align: left\"><strong>Dove posso trovare la corda perfetta?<\/strong><\/li><\/ol><p>\u00a0<\/p><p><span style=\"color: #000080\"><strong>Cercher\u00f2 di rispondere a queste 7 domande nel miglior modo possibile secondo le mie conoscenze e le mie esperienze!<\/strong><\/span><\/p><p>Le corde di iuta o di canapa sono sicuramente la scelta giusta se vuoi pi\u00f9 moderazione che legare il tuo partner al letto! Vengono utilizzate esclusivamente corde attorcigliate, o pi\u00f9 precisamente battute, poich\u00e9 queste si allungano difficilmente rispetto alle corde intrecciate. Entrambi i tipi di corda hanno una tradizione e sono indispensabili quando si parla di bondage o shibari. Naturalmente anche le due fibre naturali hanno i loro svantaggi, di cui parler\u00f2 pi\u00f9 dettagliatamente in seguito, ma i vantaggi parlano da soli. E sono proprio questi vantaggi che rendono sia la corda di iuta che la corda di canapa la numero 1 per me! Le due corde sono caratterizzate da elevata capacit\u00e0 di carico, flessibilit\u00e0, elasticit\u00e0 e allungamento molto basso. Inoltre i nodi sono molto stabili e stretti, ma possono essere riaperti facilmente!<\/p><p>Passiamo ora ai lati negativi della canapa e della iuta! Si tratta di fibre naturali che non sono resistenti agli agenti atmosferici e si disintegrerebbero o marcirebbero abbastanza rapidamente se mantenute umide. Per noi questo significa mantenere le corde bondage sempre asciutte! Se vuoi comunque lavare le corde (puoi anche far bollire le corde di canapa; meglio pulire semplicemente le corde di juta con un panno umido o, se necessario, lavarle solo brevemente a massimo 30\u00b0) o se si bagnano, devi assolutamente asciugarli sotto tensione costante. Le corde bagnate si contraggono, si attorcigliano e non sono pi\u00f9 utilizzabili senza un&#039;adeguata asciugatura!<\/p><p>Lo svantaggio pi\u00f9 grande \u00e8 probabilmente il problema della lanugine o della polvere. Le corde sono costituite da singole fibre che vengono intrecciate in un filo e poi battute in una corda! Con l&#039;uso, parti di queste fibre si allentano o si spezzano, creando questo antiestetico effetto lanugine. Se usi e ti prendi cura regolarmente della tua corda, le cose miglioreranno presto!<\/p><p>Ultimo punto \u00e8 l&#039;odore, che pu\u00f2 essere molto intenso con entrambi i tipi di corda. Le corde di iuta possono avere un odore intenso, ma le corde di canapa a volte hanno un odore davvero forte. Lo descriverei addirittura come puzzolente. Ma l&#039;accento \u00e8 posto sulla capacit\u00e0, perch\u00e9 non \u00e8 sempre cos\u00ec, ma \u00e8 una questione di qualit\u00e0. Ma l&#039;odore diventa sempre meno gradevole nel tempo! Lo spiegher\u00f2 pi\u00f9 dettagliatamente di seguito.<\/p><p>Ora \u00e8 il momento di dare un&#039;occhiata pi\u00f9 da vicino ai due candidati! Come puoi vedere, le corde di iuta e di canapa sono molto simili in termini di propriet\u00e0 e a prima vista sembrano pi\u00f9 o meno identiche. Tuttavia, ci sono alcune differenze<\/p>\t\t\t\t\t\t\t\t<\/div>\n\t\t\t\t<section class=\"elementor-section elementor-inner-section elementor-element elementor-element-8dd6253 elementor-section-boxed elementor-section-height-default elementor-section-height-default\" data-id=\"8dd6253\" data-element_type=\"section\" data-e-type=\"section\">\n\t\t\t\t\t\t<div class=\"elementor-container elementor-column-gap-default\">\n\t\t\t\t\t<div class=\"elementor-column elementor-col-50 elementor-inner-column elementor-element elementor-element-56eed94\" data-id=\"56eed94\" data-element_type=\"column\" data-e-type=\"column\" data-settings=\"{&quot;background_background&quot;:&quot;classic&quot;}\">\n\t\t\t<div class=\"elementor-widget-wrap elementor-element-populated\">\n\t\t\t\t\t\t<div class=\"elementor-element elementor-element-67e0b24 elementor-widget elementor-widget-heading\" data-id=\"67e0b24\" data-element_type=\"widget\" data-e-type=\"widget\" data-widget_type=\"heading.default\">\n\t\t\t\t\t<h2 class=\"elementor-heading-title elementor-size-default\"><u>Corda di canapa:<\/u><\/h2>\t\t\t\t<\/div>\n\t\t\t\t<div class=\"elementor-element elementor-element-72b80f8 elementor-tabs-view-horizontal elementor-widget elementor-widget-tabs\" data-id=\"72b80f8\" data-element_type=\"widget\" data-e-type=\"widget\" data-widget_type=\"tabs.default\">\n\t\t\t\t\t\t\t<div class=\"elementor-tabs\">\n\t\t\t<div class=\"elementor-tabs-wrapper\" role=\"tablist\" >\n\t\t\t\t\t\t\t\t\t<div id=\"elementor-tab-title-1201\" class=\"elementor-tab-title elementor-tab-desktop-title\" aria-selected=\"true\" data-tab=\"1\" role=\"tab\" tabindex=\"0\" aria-controls=\"elementor-tab-content-1201\" aria-expanded=\"false\">Colore<\/div>\n\t\t\t\t\t\t\t\t\t<div id=\"elementor-tab-title-1202\" class=\"elementor-tab-title elementor-tab-desktop-title\" aria-selected=\"false\" data-tab=\"2\" role=\"tab\" tabindex=\"-1\" aria-controls=\"elementor-tab-content-1202\" aria-expanded=\"false\">Odore<\/div>\n\t\t\t\t\t\t\t\t\t<div id=\"elementor-tab-title-1203\" class=\"elementor-tab-title elementor-tab-desktop-title\" aria-selected=\"false\" data-tab=\"3\" role=\"tab\" tabindex=\"-1\" aria-controls=\"elementor-tab-content-1203\" aria-expanded=\"false\">Peso<\/div>\n\t\t\t\t\t\t\t\t\t<div id=\"elementor-tab-title-1204\" class=\"elementor-tab-title elementor-tab-desktop-title\" aria-selected=\"false\" data-tab=\"4\" role=\"tab\" tabindex=\"-1\" aria-controls=\"elementor-tab-content-1204\" aria-expanded=\"false\">stabilit\u00e0<\/div>\n\t\t\t\t\t\t\t\t\t<div id=\"elementor-tab-title-1205\" class=\"elementor-tab-title elementor-tab-desktop-title\" aria-selected=\"false\" data-tab=\"5\" role=\"tab\" tabindex=\"-1\" aria-controls=\"elementor-tab-content-1205\" aria-expanded=\"false\">Vantaggi<\/div>\n\t\t\t\t\t\t\t<\/div>\n\t\t\t<div class=\"elementor-tabs-content-wrapper\" role=\"tablist\" aria-orientation=\"vertical\">\n\t\t\t\t\t\t\t\t\t<div class=\"elementor-tab-title elementor-tab-mobile-title\" aria-selected=\"true\" data-tab=\"1\" role=\"tab\" tabindex=\"0\" aria-controls=\"elementor-tab-content-1201\" aria-expanded=\"false\">Colore<\/div>\n\t\t\t\t\t<div id=\"elementor-tab-content-1201\" class=\"elementor-tab-content elementor-clearfix\" data-tab=\"1\" role=\"tabpanel\" aria-labelledby=\"elementor-tab-title-1201\" tabindex=\"0\" hidden=\"false\"><p style=\"text-align: center\">Grigio chiaro<\/p><p>\u00a0<\/p><\/div>\n\t\t\t\t\t\t\t\t\t<div class=\"elementor-tab-title elementor-tab-mobile-title\" aria-selected=\"false\" data-tab=\"2\" role=\"tab\" tabindex=\"-1\" aria-controls=\"elementor-tab-content-1202\" aria-expanded=\"false\">Odore<\/div>\n\t\t\t\t\t<div id=\"elementor-tab-content-1202\" class=\"elementor-tab-content elementor-clearfix\" data-tab=\"2\" role=\"tabpanel\" aria-labelledby=\"elementor-tab-title-1202\" tabindex=\"0\" hidden=\"hidden\"><p style=\"text-align: center\">Da neutro a moderatamente intenso<\/p><p style=\"text-align: center\">(ma un odore neutro \u00e8 molto raro)<\/p><\/div>\n\t\t\t\t\t\t\t\t\t<div class=\"elementor-tab-title elementor-tab-mobile-title\" aria-selected=\"false\" data-tab=\"3\" role=\"tab\" tabindex=\"-1\" aria-controls=\"elementor-tab-content-1203\" aria-expanded=\"false\">Peso<\/div>\n\t\t\t\t\t<div id=\"elementor-tab-content-1203\" class=\"elementor-tab-content elementor-clearfix\" data-tab=\"3\" role=\"tabpanel\" aria-labelledby=\"elementor-tab-title-1203\" tabindex=\"0\" hidden=\"hidden\"><p style=\"text-align: center\">Quasi due volte pi\u00f9 pesante della iuta.<\/p><p>\u00a0<\/p><\/div>\n\t\t\t\t\t\t\t\t\t<div class=\"elementor-tab-title elementor-tab-mobile-title\" aria-selected=\"false\" data-tab=\"4\" role=\"tab\" tabindex=\"-1\" aria-controls=\"elementor-tab-content-1204\" aria-expanded=\"false\">stabilit\u00e0<\/div>\n\t\t\t\t\t<div id=\"elementor-tab-content-1204\" class=\"elementor-tab-content elementor-clearfix\" data-tab=\"4\" role=\"tabpanel\" aria-labelledby=\"elementor-tab-title-1204\" tabindex=\"0\" hidden=\"hidden\"><p style=\"text-align: center\">Pi\u00f9 resistente della corda di iuta, da 200 a 240 con uno spessore di 6 mm. Questa \u00e8 una linea guida e varia da cordaio a cordaio a seconda della lavorazione.<\/p><\/div>\n\t\t\t\t\t\t\t\t\t<div class=\"elementor-tab-title elementor-tab-mobile-title\" aria-selected=\"false\" data-tab=\"5\" role=\"tab\" tabindex=\"-1\" aria-controls=\"elementor-tab-content-1205\" aria-expanded=\"false\">Vantaggi<\/div>\n\t\t\t\t\t<div id=\"elementor-tab-content-1205\" class=\"elementor-tab-content elementor-clearfix\" data-tab=\"5\" role=\"tabpanel\" aria-labelledby=\"elementor-tab-title-1205\" tabindex=\"0\" hidden=\"hidden\"><p style=\"text-align: center\">Maggiore capacit\u00e0 di carico, meno pelucchi, solitamente una consistenza pi\u00f9 solida rispetto alle corde di iuta.<\/p><\/div>\n\t\t\t\t\t\t\t<\/div>\n\t\t<\/div>\n\t\t\t\t\t\t<\/div>\n\t\t\t\t\t<\/div>\n\t\t<\/div>\n\t\t\t\t<div class=\"elementor-column elementor-col-50 elementor-inner-column elementor-element elementor-element-11a6ef9\" data-id=\"11a6ef9\" data-element_type=\"column\" data-e-type=\"column\" data-settings=\"{&quot;background_background&quot;:&quot;classic&quot;}\">\n\t\t\t<div class=\"elementor-widget-wrap elementor-element-populated\">\n\t\t\t\t\t\t<div class=\"elementor-element elementor-element-708d26a elementor-widget elementor-widget-heading\" data-id=\"708d26a\" data-element_type=\"widget\" data-e-type=\"widget\" data-widget_type=\"heading.default\">\n\t\t\t\t\t<h2 class=\"elementor-heading-title elementor-size-default\"><u>Corda di iuta:<\/u><\/h2>\t\t\t\t<\/div>\n\t\t\t\t<div class=\"elementor-element elementor-element-cc7924a elementor-tabs-view-horizontal elementor-widget elementor-widget-tabs\" data-id=\"cc7924a\" data-element_type=\"widget\" data-e-type=\"widget\" data-widget_type=\"tabs.default\">\n\t\t\t\t\t\t\t<div class=\"elementor-tabs\">\n\t\t\t<div class=\"elementor-tabs-wrapper\" role=\"tablist\" >\n\t\t\t\t\t\t\t\t\t<div id=\"elementor-tab-title-2141\" class=\"elementor-tab-title elementor-tab-desktop-title\" aria-selected=\"true\" data-tab=\"1\" role=\"tab\" tabindex=\"0\" aria-controls=\"elementor-tab-content-2141\" aria-expanded=\"false\">Colore<\/div>\n\t\t\t\t\t\t\t\t\t<div id=\"elementor-tab-title-2142\" class=\"elementor-tab-title elementor-tab-desktop-title\" aria-selected=\"false\" data-tab=\"2\" role=\"tab\" tabindex=\"-1\" aria-controls=\"elementor-tab-content-2142\" aria-expanded=\"false\">Odore<\/div>\n\t\t\t\t\t\t\t\t\t<div id=\"elementor-tab-title-2143\" class=\"elementor-tab-title elementor-tab-desktop-title\" aria-selected=\"false\" data-tab=\"3\" role=\"tab\" tabindex=\"-1\" aria-controls=\"elementor-tab-content-2143\" aria-expanded=\"false\">Peso<\/div>\n\t\t\t\t\t\t\t\t\t<div id=\"elementor-tab-title-2144\" class=\"elementor-tab-title elementor-tab-desktop-title\" aria-selected=\"false\" data-tab=\"4\" role=\"tab\" tabindex=\"-1\" aria-controls=\"elementor-tab-content-2144\" aria-expanded=\"false\">stabilit\u00e0<\/div>\n\t\t\t\t\t\t\t\t\t<div id=\"elementor-tab-title-2145\" class=\"elementor-tab-title elementor-tab-desktop-title\" aria-selected=\"false\" data-tab=\"5\" role=\"tab\" tabindex=\"-1\" aria-controls=\"elementor-tab-content-2145\" aria-expanded=\"false\">Vantaggi<\/div>\n\t\t\t\t\t\t\t<\/div>\n\t\t\t<div class=\"elementor-tabs-content-wrapper\" role=\"tablist\" aria-orientation=\"vertical\">\n\t\t\t\t\t\t\t\t\t<div class=\"elementor-tab-title elementor-tab-mobile-title\" aria-selected=\"true\" data-tab=\"1\" role=\"tab\" tabindex=\"0\" aria-controls=\"elementor-tab-content-2141\" aria-expanded=\"false\">Colore<\/div>\n\t\t\t\t\t<div id=\"elementor-tab-content-2141\" class=\"elementor-tab-content elementor-clearfix\" data-tab=\"1\" role=\"tabpanel\" aria-labelledby=\"elementor-tab-title-2141\" tabindex=\"0\" hidden=\"false\"><p style=\"text-align: center\">Da marrone chiaro a dorato<\/p><p style=\"text-align: center\">(chiamata anche fibra d&#039;oro)<\/p><\/div>\n\t\t\t\t\t\t\t\t\t<div class=\"elementor-tab-title elementor-tab-mobile-title\" aria-selected=\"false\" data-tab=\"2\" role=\"tab\" tabindex=\"-1\" aria-controls=\"elementor-tab-content-2142\" aria-expanded=\"false\">Odore<\/div>\n\t\t\t\t\t<div id=\"elementor-tab-content-2142\" class=\"elementor-tab-content elementor-clearfix\" data-tab=\"2\" role=\"tabpanel\" aria-labelledby=\"elementor-tab-title-2142\" tabindex=\"0\" hidden=\"hidden\"><p style=\"text-align: center\">Da molto piacevole a neutro con buona merce. A volte si sente un forte odore di olio minerale quando si utilizza olio per batching nella produzione<\/p><\/div>\n\t\t\t\t\t\t\t\t\t<div class=\"elementor-tab-title elementor-tab-mobile-title\" aria-selected=\"false\" data-tab=\"3\" role=\"tab\" tabindex=\"-1\" aria-controls=\"elementor-tab-content-2143\" aria-expanded=\"false\">Peso<\/div>\n\t\t\t\t\t<div id=\"elementor-tab-content-2143\" class=\"elementor-tab-content elementor-clearfix\" data-tab=\"3\" role=\"tabpanel\" aria-labelledby=\"elementor-tab-title-2143\" tabindex=\"0\" hidden=\"hidden\"><p style=\"text-align: center\">Molto leggero<\/p><\/div>\n\t\t\t\t\t\t\t\t\t<div class=\"elementor-tab-title elementor-tab-mobile-title\" aria-selected=\"false\" data-tab=\"4\" role=\"tab\" tabindex=\"-1\" aria-controls=\"elementor-tab-content-2144\" aria-expanded=\"false\">stabilit\u00e0<\/div>\n\t\t\t\t\t<div id=\"elementor-tab-content-2144\" class=\"elementor-tab-content elementor-clearfix\" data-tab=\"4\" role=\"tabpanel\" aria-labelledby=\"elementor-tab-title-2144\" tabindex=\"0\" hidden=\"hidden\"><p style=\"text-align: center\">Capacit\u00e0 di carico leggermente inferiore rispetto alle corde di canapa. Circa 170 \u2013 220 chilogrammi. A seconda della produzione e dell&#039;ulteriore lavorazione.<\/p><\/div>\n\t\t\t\t\t\t\t\t\t<div class=\"elementor-tab-title elementor-tab-mobile-title\" aria-selected=\"false\" data-tab=\"5\" role=\"tab\" tabindex=\"-1\" aria-controls=\"elementor-tab-content-2145\" aria-expanded=\"false\">Vantaggi<\/div>\n\t\t\t\t\t<div id=\"elementor-tab-content-2145\" class=\"elementor-tab-content elementor-clearfix\" data-tab=\"5\" role=\"tabpanel\" aria-labelledby=\"elementor-tab-title-2145\" tabindex=\"0\" hidden=\"hidden\"><p style=\"text-align: center\">Pi\u00f9 flessibile, pi\u00f9 facile da correre e tenero quando le corde sono legate correttamente.\u00a0<\/p><\/div>\n\t\t\t\t\t\t\t<\/div>\n\t\t<\/div>\n\t\t\t\t\t\t<\/div>\n\t\t\t\t\t<\/div>\n\t\t<\/div>\n\t\t\t\t\t<\/div>\n\t\t<\/section>\n\t\t\t\t<div class=\"elementor-element elementor-element-4849c78 elementor-widget elementor-widget-spacer\" data-id=\"4849c78\" data-element_type=\"widget\" data-e-type=\"widget\" data-widget_type=\"spacer.default\">\n\t\t\t\t\t\t\t<div class=\"elementor-spacer\">\n\t\t\t<div class=\"elementor-spacer-inner\"><\/div>\n\t\t<\/div>\n\t\t\t\t\t\t<\/div>\n\t\t\t\t<div class=\"elementor-element elementor-element-463edc3 elementor-widget elementor-widget-text-editor\" data-id=\"463edc3\" data-element_type=\"widget\" data-e-type=\"widget\" data-widget_type=\"text-editor.default\">\n\t\t\t\t\t\t\t\t\t<p>Queste sono le classiche differenze tra i due tipi di corda. Tuttavia, ci\u00f2 non corrisponde sempre esattamente, dipende piuttosto da come vengono prodotte le corde. Quali materiali di base vengono utilizzati, come viene lavorata la corda, quanto strettamente vengono attorcigliati i singoli trefoli (trefoli di corda) e quanto forte viene battuta una corda, nonch\u00e9 ovviamente come la corda viene rifinita in un secondo momento sono i criteri decisivi! Ad esempio, ho cercato a lungo finch\u00e9 non ho trovato una fabbrica di corde che produce corde come le immagino.<\/p><p>Normalmente si utilizzano corde con una lunghezza di circa 8 metri. Non importa se \u00e8 7,80 o 8,20 m, ma dovrebbe essere intorno agli 8 m! Pi\u00f9 grande \u00e8 la persona legata, pi\u00f9 lunghe potranno essere le corde! Questa lunghezza \u00e8 diventata popolare perch\u00e9 \u00e8 la migliore per la maggior parte delle caviglie. Dato che di solito usi la corda due volte, hai circa 4 m di corda che devi spostare. Naturalmente in teoria \u00e8 possibile utilizzare anche altre lunghezze. La situazione \u00e8 simile con il diametro. Le corde bondage in iuta e canapa vengono solitamente offerte negli spessori di 5 mm, 5,5 mm e 6 mm, ma anche in questo caso non ci si pu\u00f2 fidare perch\u00e9 le informazioni di solito variano leggermente da fabbrica di corde a fabbrica di corde!<\/p><p>Il diametro che scegli \u00e8, penso, una questione di gusti. Ma dovresti pensare a cosa voglio usare le corde e con quale partner! S\u00ec, le corde servono per il bondage, lo so! Per i principianti consiglio gli spessori delle corde da 5,5 mm e 6 mm, poich\u00e9 hanno una superficie di contatto leggermente maggiore rispetto alle corde da 5 mm e sono quindi pi\u00f9 comode! Lo stesso vale per la sospensione (servit\u00f9 sospesa). Maggiore capacit\u00e0 di carico e supporto sono cruciali per questa scelta. Pi\u00f9 il partner \u00e8 grande e pesante, maggiore \u00e8 la pressione sul corpo e questo pu\u00f2 diventare rapidamente scomodo con una corda pi\u00f9 sottile! Le corde da 5 mm sono ovviamente le pi\u00f9 adatte per il bondage artistico, poich\u00e9 danno semplicemente un&#039;immagine pi\u00f9 bella e puoi usare un po&#039; pi\u00f9 di corda! \u00c8 diventata pratica comune anche offrire set di corde da 7 x 8 m. Questo \u00e8 l&#039;ideale per l&#039;inizio. Normalmente sono sufficienti sette corde. Con il bondage sospeso, invece, pu\u00f2 succedere che siano necessarie una o due corde! Nel mio negozio online offro ancora corde corte con una lunghezza di circa 3 metri, perch\u00e9 spesso arrivi al punto in cui ti serve solo un piccolo pezzo di corda per completare il bondage e con una lunghezza di 8 metri devi lavorare molta corda in qualche modo .<\/p><p>Veniamo ora alla qualit\u00e0 delle corde. Sarebbe meglio se una corda avesse pochissima lanugine, fosse super elastica, non avesse odori, nodi o impurit\u00e0 e avesse fibre dure incorporate al suo interno. Ma sfortunatamente non \u00e8 cos\u00ec facile come sembra! Molte, direi addirittura la maggior parte delle corde che si possono acquistare da qualche parte nel negozio di ferramenta, su Internet o altrove, sono completamente inadatte al bondage. Poich\u00e9 le corde vengono prodotte per altri scopi, i punti sopra menzionati hanno poca importanza. Gli odori intrinseci delle fibre sono spesso addirittura mascherati da odori chimici e di carburante, che non possono essere eliminati nemmeno dopo ripetuti lavaggi. Inoltre, alcune corde hanno molti nodi, quindi quando un capo si esaurisce, ne viene legato uno nuovo e la corda continua ad essere legata. Se la qualit\u00e0 \u00e8 scarsa, alcune fibre sono molto scure e legnose o talvolta vengono incorporati piccoli pezzi di legno. Inoltre, molte corde sono impregnate e attorcigliate molto strettamente, il che significa che hanno un odore forte e sono meno flessibili. Mi sono gi\u00e0 confrontato con tutte queste caratteristiche negative e quindi consiglio a tutti di non acquistare o utilizzare tali corde per il bondage.<\/p><h3><span style=\"text-decoration: underline\"><span style=\"color: #000080\"><strong>Ma ci sono anche corde davvero buone!<\/strong><\/span><\/span><\/h3><p>I prezzi variano, cos\u00ec come la qualit\u00e0. L&#039;esperienza ha dimostrato che la iuta \u00e8 un po&#039; pi\u00f9 costosa della canapa. Ma tutto dipende dal produttore e dai materiali di base!<\/p><p><strong>E ora la domanda pi\u00f9 importante:<\/strong><\/p><h1><span style=\"color: #000080\">Dove posso trovare la corda perfetta???<\/span><\/h1><h2><strong><u>E la mia risposta \u00e8: <span style=\"color: #ff0000\">luogo inesistente!<\/span><\/u><\/strong><\/h2><p><strong>\u00a0<\/strong><\/p><p>La corda di iuta o di canapa perfetta non \u00e8 disponibile per l&#039;acquisto. Viene creata una corda del genere!<\/p><p>Si inizia con la selezione delle fibre che diventano un filato ed infine una corda. Se la fabbrica di corde presta attenzione alla qualit\u00e0 e all&#039;idoneit\u00e0 per scopi di bondage, il primo passo ha avuto successo! Ora arriva la rifinitura. Anche qui, se la qualit\u00e0 \u00e8 giusta e l&#039;operazione \u00e8 eseguita correttamente, hai gi\u00e0 completato il secondo passaggio! Ma anche una corda ben rifinita \u00e8 tutt&#039;altro che perfetta, il che significa che all&#039;inizio si gonfier\u00e0 e sembrer\u00e0 un po&#039; graffiante. Il passo finale \u00e8 usare frequentemente una corda! Solo con il tempo - con il sudore, con il grasso corporeo e con le giuste cure - una corda diventa la corda perfetta!<\/p>\t\t\t\t\t\t\t\t<\/div>\n\t\t\t\t\t<\/div>\n\t\t<\/div>\n\t\t\t\t\t<\/div>\n\t\t<\/section>\n\t\t\t\t<section class=\"elementor-section elementor-top-section elementor-element elementor-element-83f107c elementor-section-boxed elementor-section-height-default elementor-section-height-default\" data-id=\"83f107c\" data-element_type=\"section\" data-e-type=\"section\">\n\t\t\t\t\t\t<div class=\"elementor-container elementor-column-gap-default\">\n\t\t\t\t\t<div class=\"elementor-column elementor-col-100 elementor-top-column elementor-element elementor-element-9bcd1a7\" data-id=\"9bcd1a7\" data-element_type=\"column\" data-e-type=\"column\">\n\t\t\t<div class=\"elementor-widget-wrap elementor-element-populated\">\n\t\t\t\t\t\t<div class=\"elementor-element elementor-element-9798531 elementor-widget elementor-widget-heading\" data-id=\"9798531\" data-element_type=\"widget\" data-e-type=\"widget\" data-widget_type=\"heading.default\">\n\t\t\t\t\t<h2 class=\"elementor-heading-title elementor-size-default\">Conclusione:<\/h2>\t\t\t\t<\/div>\n\t\t\t\t<div class=\"elementor-element elementor-element-172520e elementor-widget elementor-widget-text-editor\" data-id=\"172520e\" data-element_type=\"widget\" data-e-type=\"widget\" data-widget_type=\"text-editor.default\">\n\t\t\t\t\t\t\t\t\t<p><strong>Penso che alla maggior parte delle domande sia stata data risposta e ora ognuno pu\u00f2 farlo da solo <\/strong><strong>Decidi quale tipo di corda preferisci! Se vuoi provare ad affinare tu stesso le tue corde, <\/strong><strong>Ora sai a quale qualit\u00e0 dovresti prestare attenzione.<\/strong><\/p><p><strong>E per quelli di voi che preferiscono acquistare subito una corda pronta da legare, <\/strong><strong>Ce ne sono tantissimi nel mio shop online!<\/strong><\/p><p><strong>Personalmente preferisco le corde di iuta perch\u00e9 sono pi\u00f9 leggere e un po&#039; pi\u00f9 flessibili! <\/strong><strong>Sfortunatamente, queste sono molto soffici rispetto alle corde di canapa.<\/strong><\/p><p><strong>Tutte le corde che offro nel mio negozio online non hanno quasi alcun odore proprio, cio\u00e8 ne odorano solo minimamente <\/strong><strong>Oli da trattamento, non presentano nodi n\u00e9 impurit\u00e0 e sono della migliore qualit\u00e0!<\/strong><\/p><p><strong>Buon divertimento con le corde e tante ore meravigliose!<\/strong><\/p><p><strong>Un saluto Andrea<\/strong><\/p><p style=\"text-align: center\">\u00a0<\/p>\t\t\t\t\t\t\t\t<\/div>\n\t\t\t\t\t<\/div>\n\t\t<\/div>\n\t\t\t\t\t<\/div>\n\t\t<\/section>\n\t\t\t\t<\/div>","protected":false},"excerpt":{"rendered":"<p>Das Seil (Grundmaterial der Befestigungstechnik) Jeder, der sich mit dem Thema Fesseln besch\u00e4ftigt, wird sich fr\u00fcher oder sp\u00e4terdiese oder \u00e4hnliche Fragen stellen: Juteseil, Hanfseil oder doch eine Alternative? Welche Nachteile haben Hanf- und Juteseile? Worin liegen genau die Unterschiede? Welchen Durchmesser und L\u00e4nge sollen die Seile haben? Auf was sollte ich beim Kauf achten? Was [&hellip;]<\/p>\n","protected":false},"author":3,"featured_media":0,"parent":0,"menu_order":0,"comment_status":"closed","ping_status":"closed","template":"elementor_header_footer","meta":{"footnotes":""},"class_list":["post-1107","page","type-page","status-publish","hentry"],"_links":{"self":[{"href":"https:\/\/bavarian-bondage.de\/it\/wp-json\/wp\/v2\/pages\/1107","targetHints":{"allow":["GET"]}}],"collection":[{"href":"https:\/\/bavarian-bondage.de\/it\/wp-json\/wp\/v2\/pages"}],"about":[{"href":"https:\/\/bavarian-bondage.de\/it\/wp-json\/wp\/v2\/types\/page"}],"author":[{"embeddable":true,"href":"https:\/\/bavarian-bondage.de\/it\/wp-json\/wp\/v2\/users\/3"}],"replies":[{"embeddable":true,"href":"https:\/\/bavarian-bondage.de\/it\/wp-json\/wp\/v2\/comments?post=1107"}],"version-history":[{"count":5,"href":"https:\/\/bavarian-bondage.de\/it\/wp-json\/wp\/v2\/pages\/1107\/revisions"}],"predecessor-version":[{"id":9540,"href":"https:\/\/bavarian-bondage.de\/it\/wp-json\/wp\/v2\/pages\/1107\/revisions\/9540"}],"wp:attachment":[{"href":"https:\/\/bavarian-bondage.de\/it\/wp-json\/wp\/v2\/media?parent=1107"}],"curies":[{"name":"parola chiave","href":"https:\/\/api.w.org\/{rel}","templated":true}]}}