{"id":1108,"date":"2016-01-25T16:56:26","date_gmt":"2016-01-25T15:56:26","guid":{"rendered":"https:\/\/bavarian-bondage.mysupr.de\/workshop-ja-oder-nein\/"},"modified":"2024-09-01T16:20:32","modified_gmt":"2024-09-01T14:20:32","slug":"officina-si-o-no","status":"publish","type":"page","link":"https:\/\/bavarian-bondage.de\/it\/workshop-ja-oder-nein\/","title":{"rendered":"Officina s\u00ec o no"},"content":{"rendered":"<div data-elementor-type=\"wp-post\" data-elementor-id=\"1108\" class=\"elementor elementor-1108\" data-elementor-post-type=\"page\">\n\t\t\t\t<div class=\"elementor-element elementor-element-dcbc31e e-flex e-con-boxed e-con e-parent\" data-id=\"dcbc31e\" data-element_type=\"container\" data-e-type=\"container\">\n\t\t\t\t\t<div class=\"e-con-inner\">\n\t\t<div class=\"elementor-element elementor-element-ecc35ec e-con-full e-flex e-con e-child\" data-id=\"ecc35ec\" data-element_type=\"container\" data-e-type=\"container\">\n\t\t\t\t<div class=\"elementor-element elementor-element-2de9a03 elementor-widget elementor-widget-heading\" data-id=\"2de9a03\" data-element_type=\"widget\" data-e-type=\"widget\" data-widget_type=\"heading.default\">\n\t\t\t\t\t<h2 class=\"elementor-heading-title elementor-size-default\">\u00c8 davvero necessario un seminario del genere?<\/h2>\t\t\t\t<\/div>\n\t\t\t\t<div class=\"elementor-element elementor-element-872dc88 elementor-widget elementor-widget-spacer\" data-id=\"872dc88\" data-element_type=\"widget\" data-e-type=\"widget\" data-widget_type=\"spacer.default\">\n\t\t\t\t\t\t\t<div class=\"elementor-spacer\">\n\t\t\t<div class=\"elementor-spacer-inner\"><\/div>\n\t\t<\/div>\n\t\t\t\t\t\t<\/div>\n\t\t\t\t<div class=\"elementor-element elementor-element-b9c8382 elementor-widget elementor-widget-heading\" data-id=\"b9c8382\" data-element_type=\"widget\" data-e-type=\"widget\" data-widget_type=\"heading.default\">\n\t\t\t\t\t<h2 class=\"elementor-heading-title elementor-size-default\">No, l&#039;aria \u00e8 necessaria per respirare. Un workshop ha sicuramente senso!<\/h2>\t\t\t\t<\/div>\n\t\t\t\t<div class=\"elementor-element elementor-element-0837066 elementor-widget elementor-widget-text-editor\" data-id=\"0837066\" data-element_type=\"widget\" data-e-type=\"widget\" data-widget_type=\"text-editor.default\">\n\t\t\t\t\t\t\t\t\t<p style=\"text-align: center\">Non posso scrivere qui del grande pubblico o dei singoli fornitori di workshop, perch\u00e9 ognuno ha le proprie esperienze e processi.<\/p><p style=\"text-align: center\"><strong><span style=\"text-decoration: underline\">In questo post del blog discuter\u00f2 le mie opinioni e far\u00f2 riferimento ai corsi che offro!<\/span><\/strong><\/p><p style=\"text-align: center\">Naturalmente ci sono molti libri, video e istruzioni sul tema del bondage o dello shibari. Puoi guardare tutto su Internet, leggere informazioni e poi provarlo. Proprio come con un corso di cucina o di ballo, impari pi\u00f9 velocemente e ovviamente meglio se ti viene mostrato correttamente! Puoi porre subito le tue domande, ottenere subito una risposta e in pi\u00f9 ci sono suggerimenti e trucchi!<strong><span style=\"color: #ff0000\">\u00a0<\/span>\u00a0<\/strong> \u00a0 \u00a0 \u00a0 \u00a0 \u00a0\u00a0<\/p><p style=\"text-align: center\">Ora molti di voi si staranno chiedendo:<\/p><p style=\"text-align: center\"><strong><span style=\"color: #ff0000\">Uno dei punti pi\u00f9 importanti, anzi il punto pi\u00f9 importante, \u00e8 la sicurezza! <\/span><\/strong><\/p><p style=\"text-align: center\"><strong><span style=\"text-decoration: underline\">Perch\u00e9 la sicurezza? Voglio solo legare il mio partner!<\/span><\/strong><\/p><p style=\"text-align: center\">Ebbene, poich\u00e9 il nostro corpo \u00e8 molto sensibile agli influssi esterni, chiunque lo leghi dovrebbe sapere esattamente cosa sta facendo. Si inizia con i nodi giusti, che non devono allentarsi o stringersi in modo indesiderato. Proseguiamo con la guida in corda. Come devono scorrere le corde per non ferire accidentalmente l&#039;altra persona? Dove devi prestare attenzione ai nervi e ai vasi sanguigni? Che dire delle numerose articolazioni? A queste domande e ovviamente ad altre ancora si dovrebbe rispondere durante un workshop!<\/p><p style=\"text-align: center\">La disciplina suprema e spesso il momento clou di ogni sessione di bondage \u00e8 la cosiddetta sospensione (hanging bondage), in cui la persona legata si appende liberamente solo alle corde! Tutti possono immaginare lo sforzo che ci\u00f2 comporta per il nostro corpo e quanto grandi siano i possibili pericoli! Non voglio davvero spaventare nessuno, perch\u00e9 il bondage sospeso \u00e8 una bellissima esperienza che chiunque ami essere legato dovrebbe provare. Tuttavia, partecipa a una sospensione solo se sei sicuro che la persona con cui stai parlando sappia esattamente cosa sta facendo! E voi, cari legati, sappiate sempre che una persona legata si consegna completamente e solo voi ne avete la piena responsabilit\u00e0!<\/p><p style=\"text-align: center\">Ora, anche con la migliore preparazione e conoscenza, qualcosa pu\u00f2 andare storto. Anche in un caso del genere, che ovviamente nessuno vuole, dovresti sempre essere preparato in modo da poter reagire il pi\u00f9 rapidamente possibile.<\/p><p style=\"text-align: center\">Penso che quando si parla di sicurezza ci siamo tutti resi conto che un workshop ha davvero senso. Dopotutto, il bondage dovrebbe essere divertente e non finire con una visita dal dottore!<\/p><p style=\"text-align: center\">Inoltre, in un seminario per principianti dovresti anche avere l&#039;opportunit\u00e0 di affrontare i diversi tipi di corde e i loro vantaggi e svantaggi per farti un&#039;idea di quali corde dovresti acquistare tu stesso in seguito!<\/p><p style=\"text-align: center\">\u00a0<\/p><p style=\"text-align: center\"><strong><span style=\"color: #212157\">Dopo tutto il discorso o il romanzo sulla sicurezza, non voglio dissuadervi in alcun modo dal lavorare con le corde!<\/span><\/strong><\/p><p style=\"text-align: center\"><b>(Al contrario, altrimenti non avrei mai creato il sito)<\/b><\/p><p style=\"text-align: center\">Generalmente offro workshop per coppie o due persone, poich\u00e9 puoi imparare molto pi\u00f9 velocemente e meglio che nei cosiddetti workshop di gruppo con dieci o pi\u00f9 persone!<\/p>\t\t\t\t\t\t\t\t<\/div>\n\t\t\t\t<\/div>\n\t\t\t\t\t<\/div>\n\t\t\t\t<\/div>\n\t\t\t\t<\/div>","protected":false},"excerpt":{"rendered":"<p>Ist so ein Workshop \u00fcberhaupt notwendig? Nein, notwendig ist die Luft zum Atmen. Ein Workshop ist auf jeden Fall sinnvoll! Ich kann hier nicht \u00fcber die Allgemeinheit schreiben oder \u00fcber die einzelnen Workshopanbieter,denn jeder hat seine eigenen Erfahrunngen und Abl\u00e4ufe. In diesem Blogeintrag gehe ich auf meine Ansichten ein und beziehe mich auf die von [&hellip;]<\/p>\n","protected":false},"author":3,"featured_media":0,"parent":0,"menu_order":0,"comment_status":"closed","ping_status":"closed","template":"elementor_header_footer","meta":{"footnotes":""},"class_list":["post-1108","page","type-page","status-publish","hentry"],"_links":{"self":[{"href":"https:\/\/bavarian-bondage.de\/it\/wp-json\/wp\/v2\/pages\/1108","targetHints":{"allow":["GET"]}}],"collection":[{"href":"https:\/\/bavarian-bondage.de\/it\/wp-json\/wp\/v2\/pages"}],"about":[{"href":"https:\/\/bavarian-bondage.de\/it\/wp-json\/wp\/v2\/types\/page"}],"author":[{"embeddable":true,"href":"https:\/\/bavarian-bondage.de\/it\/wp-json\/wp\/v2\/users\/3"}],"replies":[{"embeddable":true,"href":"https:\/\/bavarian-bondage.de\/it\/wp-json\/wp\/v2\/comments?post=1108"}],"version-history":[{"count":8,"href":"https:\/\/bavarian-bondage.de\/it\/wp-json\/wp\/v2\/pages\/1108\/revisions"}],"predecessor-version":[{"id":12816,"href":"https:\/\/bavarian-bondage.de\/it\/wp-json\/wp\/v2\/pages\/1108\/revisions\/12816"}],"wp:attachment":[{"href":"https:\/\/bavarian-bondage.de\/it\/wp-json\/wp\/v2\/media?parent=1108"}],"curies":[{"name":"parola chiave","href":"https:\/\/api.w.org\/{rel}","templated":true}]}}